{"id":11038,"date":"2025-12-16T11:16:03","date_gmt":"2025-12-16T10:16:03","guid":{"rendered":"https:\/\/trail-aneto.com\/?page_id=11038"},"modified":"2026-01-07T15:32:27","modified_gmt":"2026-01-07T14:32:27","slug":"informacion-sobre-inscripciones-gttap26","status":"publish","type":"page","link":"https:\/\/trail-aneto.com\/en\/informacion-sobre-inscripciones-gttap26\/","title":{"rendered":"Informaci\u00f3n sobre inscripciones GTTAP26"},"content":{"rendered":"<section class=\"wpb-content-wrapper\"><div class=\"vc_row wpb_row vc_row-fluid edgtf-section edgtf-content-aligment-left edgtf-grid-section\" style=\"\"><div class=\"clearfix edgtf-section-inner\"><div class=\"edgtf-section-inner-margin clearfix\"><div class=\"wpb_column vc_column_container vc_col-sm-12\"><div class=\"vc_column-inner\"><div class=\"wpb_wrapper\">\n\t<div class=\"wpb_text_column wpb_content_element\" >\n\t\t<div class=\"wpb_wrapper\">\n\t\t\t<p><strong>Calendario de apertura de inscripciones:<\/strong><\/p>\n<table width=\"684\">\n<tbody>\n<tr>\n<td width=\"198\"><strong>\u00a0<\/strong><\/td>\n<td width=\"246\"><span style=\"color: #ff6200;\"><strong>1er d\u00eda de inscripciones<\/strong><\/span><\/td>\n<td width=\"240\"><span style=\"color: #ff6200;\"><strong>2\u00ba d\u00eda de inscripciones<\/strong><\/span><\/td>\n<\/tr>\n<tr>\n<td width=\"198\"><span style=\"color: #ff6200;\"><strong>Great Trail Aneto-Posets <\/strong><\/span><\/td>\n<td width=\"246\">Lunes 12 de enero a las 17:00h<\/td>\n<td width=\"240\">Martes 13 de enero a las 12.00h<\/td>\n<\/tr>\n<tr>\n<td width=\"198\"><span style=\"color: #ff6200;\"><strong>Return to Aneto<\/strong><\/span><\/td>\n<td width=\"246\">Jueves 15 de enero a las 17:00h<\/td>\n<td width=\"240\">Viernes 16 de enero a las 12.00h<\/td>\n<\/tr>\n<tr>\n<td width=\"198\"><span style=\"color: #ff6200;\"><strong>Marathon of the Tucas<\/strong><\/span><\/td>\n<td width=\"246\">Lunes 19 de enero a las 17:00h<\/td>\n<td width=\"240\">Martes 20 de enero a las 12.00h<\/td>\n<\/tr>\n<tr>\n<td width=\"198\"><span style=\"color: #ff6200;\"><strong>Back to Cerler<\/strong><\/span><\/td>\n<td width=\"246\">Jueves 22 de enero a las 17:00h<\/td>\n<td width=\"240\">Viernes 23 de enero a las 12.00h<\/td>\n<\/tr>\n<tr>\n<td width=\"198\"><span style=\"color: #ff6200;\"><strong>Vuelta al Molino de Cerler y KV Aneto-Posets<\/strong><\/span><\/td>\n<td colspan=\"2\" width=\"486\">Lunes 26 de enero a las 17:00h<\/td>\n<\/tr>\n<\/tbody>\n<\/table>\n<p>&nbsp;<\/p>\n<p style=\"text-align: center;\"><span style=\"color: #ff6600;\"><strong>Fecha l\u00edmite de inscripciones para el KV Aneto-Posets:<\/strong> <\/span>30 junio de 2026<\/p>\n<p>&nbsp;<\/p>\n<p><strong>Cuotas de inscripci\u00f3n para las distintas pruebas en 2026:<\/strong><\/p>\n<table width=\"307\">\n<tbody>\n<tr>\n<td width=\"225\"><span style=\"color: #ff6200;\"><strong>Great Trail Aneto-Posets<\/strong><\/span><\/td>\n<td width=\"82\">150 \u20ac<\/td>\n<\/tr>\n<tr>\n<td width=\"225\"><span style=\"color: #ff6200;\"><strong>Return to Aneto<\/strong><\/span><\/td>\n<td width=\"82\">100 \u20ac<\/td>\n<\/tr>\n<tr>\n<td width=\"225\"><span style=\"color: #ff6200;\"><strong>Marathon of the Tucas<\/strong><\/span><\/td>\n<td width=\"82\">77 \u20ac<\/td>\n<\/tr>\n<tr>\n<td width=\"225\"><span style=\"color: #ff6200;\"><strong>Back to Cerler<\/strong><\/span><\/td>\n<td width=\"82\">50 \u20ac<\/td>\n<\/tr>\n<tr>\n<td width=\"225\"><span style=\"color: #ff6200;\"><strong>Tour of the Cerler Mill<\/strong><\/span><\/td>\n<td width=\"82\">33 \u20ac<\/td>\n<\/tr>\n<tr>\n<td width=\"225\"><span style=\"color: #ff6200;\"><strong>KV Aneto-Posets<\/strong><\/span><\/td>\n<td width=\"82\">25 \u20ac<\/td>\n<\/tr>\n<\/tbody>\n<\/table>\n<p>&nbsp;<\/p>\n<ul>\n<li><strong><span style=\"color: #ff0000;\">Solamente se aceptar\u00e1 una inscripci\u00f3n por persona a pruebas que se celebren el mismo d\u00eda. Es decir, una misma persona no se podr\u00e1 apuntar al Gran Trail Aneto-Posets y la Vuelta al Aneto o a la Vuelta a Cerler y la Vuelta al Molino de Cerler, pero s\u00ed que se permitir\u00e1 apuntarse a varias pruebas que se disputen en d\u00edas distintos (KV + cualquier otra prueba, Marat\u00f3n + Vuelta a Cerler o Vuelta al Molino, por ejemplo).<br \/>\nEn caso de detectar inscripciones que busquen incumplir esta norma por cualquier m\u00e9todo, la Organizaci\u00f3n se guardar\u00e1 el derecho a anular el total de inscripciones de ese corredor.\u00a0<\/span><\/strong><\/li>\n<li>Los corredores que indiquen en el formulario que est\u00e1n federados, deber\u00e1n hacernos llegar la <strong>tarjeta federativa del a\u00f1o 2026<\/strong> que cubra la modalidad de carreras por monta\u00f1a en Espa\u00f1a. La licencia se puede adjuntar en el momento de la inscripci\u00f3n o posteriormente a trav\u00e9s del formulario que se habilita para adjuntarla hasta el d\u00eda 30 de abril de 2026.**<\/li>\n<li>Todos aquellos participantes que indiquen a la hora de hacer la inscripci\u00f3n que no tienen ninguna tarjeta de federado que cubra la pr\u00e1ctica de Carreras por Monta\u00f1a en <strong>Espa\u00f1a por encima de 2000m <\/strong>(<strong>las licencias de car\u00e1cter auton\u00f3mico que no cubran en Arag\u00f3n, no sirven<\/strong>), deber\u00e1n pagar un suplemento de <strong>6\u20ac<\/strong> to process a day license. <strong>Si alg\u00fan corredor se federa despu\u00e9s de haber pagado este seguro en la inscripci\u00f3n, no podr\u00e1 solicitar su devoluci\u00f3n.<\/strong><\/li>\n<li>Este a\u00f1o tampoco habr\u00e1 requisitos para participar en el Gran Trail Aneto-Posets y en la Vuelta al Aneto. <strong>No solicitaremos carreras acreditativas pero recomendamos experiencia previa en alta monta\u00f1a y una buena preparaci\u00f3n f\u00edsica <\/strong>de cara a superar nuestras carreras m\u00e1s t\u00e9cnica<\/li>\n<li>To unsubscribe, there will be a <strong>withdrawal form<\/strong> available to the broker on the event website.<\/li>\n<li><strong>Cancellation Insurance<\/strong> Registration: the organization will make available to the registered brokers a cancellation insurance with a cost of <strong>6 \u20ac <\/strong>que permite recuperar el 100 % de la inscripci\u00f3n hasta el 5 de julio de 2026<strong>.<\/strong> <strong>Este seguro solamente se podr\u00e1 solicitar en el momento de formalizar la inscripci\u00f3n, en ning\u00fan caso se admitir\u00e1 su tramitaci\u00f3n a posteriori<\/strong>.<\/li>\n<li>Para aquellos corredores que no contraten el Seguro de Anulaci\u00f3n, se les devolver\u00e1 una parte de la cuota de inscripci\u00f3n bas\u00e1ndose en el siguiente cuadro:<\/li>\n<\/ul>\n<table width=\"643\">\n<tbody>\n<tr>\n<td width=\"254\"><strong>Prueba<\/strong><\/td>\n<td width=\"134\"><span style=\"color: #ff6200;\"><strong>12\/01 a 31\/03<\/strong><\/span><\/td>\n<td width=\"135\"><span style=\"color: #ff6200;\"><strong>01\/04 a 15\/05<\/strong><\/span><\/td>\n<td width=\"120\"><span style=\"color: #ff6200;\"><strong>16\/05 a 15\/06<\/strong><\/span><\/td>\n<\/tr>\n<tr>\n<td width=\"254\"><span style=\"color: #ff6200;\"><strong>Great Trail Aneto-Posets<\/strong><\/span><\/td>\n<td width=\"134\">70\u20ac<\/td>\n<td width=\"135\">50\u20ac<\/td>\n<td width=\"120\">35\u20ac<\/td>\n<\/tr>\n<tr>\n<td width=\"254\"><span style=\"color: #ff6200;\"><strong>Return to Aneto<\/strong><\/span><\/td>\n<td width=\"134\">50\u20ac<\/td>\n<td width=\"135\">35\u20ac<\/td>\n<td width=\"120\">30\u20ac<\/td>\n<\/tr>\n<tr>\n<td width=\"254\"><span style=\"color: #ff6200;\"><strong>Marathon of the Tucas<\/strong><\/span><\/td>\n<td width=\"134\">30\u20ac<\/td>\n<td width=\"135\">20\u20ac<\/td>\n<td width=\"120\">15\u20ac<\/td>\n<\/tr>\n<tr>\n<td width=\"254\"><span style=\"color: #ff6200;\"><strong>Back to Cerler<\/strong><\/span><\/td>\n<td width=\"134\">25\u20ac<\/td>\n<td width=\"135\">20\u20ac<\/td>\n<td width=\"120\">15\u20ac<\/td>\n<\/tr>\n<tr>\n<td width=\"254\"><span style=\"color: #ff6200;\"><strong>Tour of the Cerler Mill<\/strong><\/span><\/td>\n<td width=\"134\">20\u20ac<\/td>\n<td width=\"135\">15\u20ac<\/td>\n<td width=\"120\">10\u20ac<\/td>\n<\/tr>\n<tr>\n<td width=\"254\"><span style=\"color: #ff6200;\"><strong>KV Aneto-Posets<\/strong><\/span><\/td>\n<td width=\"134\">15\u20ac<\/td>\n<td width=\"135\">10\u20ac<\/td>\n<td width=\"120\">5\u20ac<\/td>\n<\/tr>\n<\/tbody>\n<\/table>\n<ul>\n<li>Once all the places have been completed <strong>no career or name changes will be allowed<\/strong> in the inscriptions. Likewise, <strong>no waiting lists will open<\/strong> in any of the tests. As in previous editions, registrations are managed with <strong>overbooking<\/strong>, that is, we admit more runners than available places, in order to anticipate possible cancellations.<\/li>\n<li>The organization reserves at all times the <strong>Admission rights<\/strong>, those who try to participate with another person&#039;s number may not take the exit. In the event that someone does so and is detected by the organization during or after the test, they will be automatically disqualified and the organization reserves the right not to let them participate in subsequent editions of this event.<\/li>\n<li>Registration for the equipment category (only for Grand Trail and Aneto Tour) will open, once the individual registration period has ended, in July, a few days before the test.<\/li>\n<li>Only payment with <strong>credit card<\/strong>. Those who cannot pay by credit card can contact the organization through: <a href=\"mailto:inscripciones@trail-aneto.com\">inscripciones@trail-aneto.com<\/a>.<\/li>\n<\/ul>\n<p><span style=\"color: #ff0000;\"><strong>**Si alg\u00fan corredor indica en el formulario que est\u00e1 federado a la hora de realizar la inscripci\u00f3n y no env\u00eda la licencia antes del d\u00eda 30 de abril de 2026, su inscripci\u00f3n quedar\u00e1 autom\u00e1ticamente anulada y se le pedir\u00e1 que vuelva a realizar su inscripci\u00f3n para poder abonar el coste total de nuevo con los 6\u20ac del seguro.<br \/>\nEn caso de inscripciones realizadas desde el 30 de abril de 2026 hasta el cierre de plazas, tendr\u00e1n que adjuntar la licencia federativa en un plazo inferior a 7 d\u00edas desde el momento de realizar su inscripci\u00f3n o como en el caso anterior, su inscripci\u00f3n quedar\u00e1 autom\u00e1ticamente anulada.<\/strong><\/span><\/p>\n\n\t\t<\/div>\n\t<\/div>\n<div class=\"vc_empty_space\"   style=\"height: 32px\"><span class=\"vc_empty_space_inner\"><\/span><\/div><\/div><\/div><\/div><\/div><\/div><\/div>\n<\/section>","protected":false},"excerpt":{"rendered":"Calendario de apertura de inscripciones: \u00a0 1er d\u00eda de inscripciones 2\u00ba d\u00eda de inscripciones Gran Trail Aneto-Posets Lunes 12 de enero a las 17:00h Martes 13 de enero a las 12.00h Vuelta al Aneto Jueves 15 de enero a las 17:00h Viernes 16 de enero...","protected":false},"author":1,"featured_media":0,"parent":0,"menu_order":0,"comment_status":"closed","ping_status":"closed","template":"full-width.php","meta":{"footnotes":""},"class_list":["post-11038","page","type-page","status-publish","hentry"],"yoast_head":"<!-- This site is optimized with the Yoast SEO plugin v27.4 - https:\/\/yoast.com\/product\/yoast-seo-wordpress\/ -->\n<title>Informaci\u00f3n sobre inscripciones GTTAP26 - GTTAP<\/title>\n<meta name=\"robots\" content=\"index, follow, max-snippet:-1, max-image-preview:large, max-video-preview:-1\" \/>\n<link rel=\"canonical\" href=\"https:\/\/trail-aneto.com\/en\/informacion-sobre-inscripciones-gttap26\/\" \/>\n<meta property=\"og:locale\" content=\"en_GB\" \/>\n<meta property=\"og:type\" content=\"article\" \/>\n<meta property=\"og:title\" content=\"Informaci\u00f3n sobre inscripciones GTTAP26 - GTTAP\" \/>\n<meta property=\"og:url\" content=\"https:\/\/trail-aneto.com\/en\/informacion-sobre-inscripciones-gttap26\/\" \/>\n<meta property=\"og:site_name\" content=\"GTTAP\" \/>\n<meta property=\"article:publisher\" content=\"https:\/\/www.facebook.com\/GranTrailAnetoPosets\/\" \/>\n<meta property=\"article:modified_time\" content=\"2026-01-07T14:32:27+00:00\" \/>\n<meta name=\"twitter:card\" content=\"summary_large_image\" \/>\n<meta name=\"twitter:label1\" content=\"Estimated reading time\" \/>\n\t<meta name=\"twitter:data1\" content=\"5 minutes\" \/>\n<script type=\"application\/ld+json\" class=\"yoast-schema-graph\">{\"@context\":\"https:\\\/\\\/schema.org\",\"@graph\":[{\"@type\":\"WebPage\",\"@id\":\"https:\\\/\\\/trail-aneto.com\\\/informacion-sobre-inscripciones-gttap26\\\/\",\"url\":\"https:\\\/\\\/trail-aneto.com\\\/informacion-sobre-inscripciones-gttap26\\\/\",\"name\":\"Informaci\u00f3n sobre inscripciones GTTAP26 - GTTAP\",\"isPartOf\":{\"@id\":\"https:\\\/\\\/trail-aneto.com\\\/#website\"},\"datePublished\":\"2025-12-16T10:16:03+00:00\",\"dateModified\":\"2026-01-07T14:32:27+00:00\",\"breadcrumb\":{\"@id\":\"https:\\\/\\\/trail-aneto.com\\\/informacion-sobre-inscripciones-gttap26\\\/#breadcrumb\"},\"inLanguage\":\"en-GB\",\"potentialAction\":[{\"@type\":\"ReadAction\",\"target\":[\"https:\\\/\\\/trail-aneto.com\\\/informacion-sobre-inscripciones-gttap26\\\/\"]}]},{\"@type\":\"BreadcrumbList\",\"@id\":\"https:\\\/\\\/trail-aneto.com\\\/informacion-sobre-inscripciones-gttap26\\\/#breadcrumb\",\"itemListElement\":[{\"@type\":\"ListItem\",\"position\":1,\"name\":\"Portada\",\"item\":\"https:\\\/\\\/trail-aneto.com\\\/\"},{\"@type\":\"ListItem\",\"position\":2,\"name\":\"Informaci\u00f3n sobre inscripciones GTTAP26\"}]},{\"@type\":\"WebSite\",\"@id\":\"https:\\\/\\\/trail-aneto.com\\\/#website\",\"url\":\"https:\\\/\\\/trail-aneto.com\\\/\",\"name\":\"GTTAP\",\"description\":\"Un Pirineo Extremo - Un Recorrido Infinito\",\"publisher\":{\"@id\":\"https:\\\/\\\/trail-aneto.com\\\/#organization\"},\"potentialAction\":[{\"@type\":\"SearchAction\",\"target\":{\"@type\":\"EntryPoint\",\"urlTemplate\":\"https:\\\/\\\/trail-aneto.com\\\/?s={search_term_string}\"},\"query-input\":{\"@type\":\"PropertyValueSpecification\",\"valueRequired\":true,\"valueName\":\"search_term_string\"}}],\"inLanguage\":\"en-GB\"},{\"@type\":\"Organization\",\"@id\":\"https:\\\/\\\/trail-aneto.com\\\/#organization\",\"name\":\"Gran Trail Trangoworld Aneto-Posets\",\"url\":\"https:\\\/\\\/trail-aneto.com\\\/\",\"logo\":{\"@type\":\"ImageObject\",\"inLanguage\":\"en-GB\",\"@id\":\"https:\\\/\\\/trail-aneto.com\\\/#\\\/schema\\\/logo\\\/image\\\/\",\"url\":\"https:\\\/\\\/trail-aneto.com\\\/wp-content\\\/uploads\\\/2020\\\/01\\\/GTTAP-logo.png\",\"contentUrl\":\"https:\\\/\\\/trail-aneto.com\\\/wp-content\\\/uploads\\\/2020\\\/01\\\/GTTAP-logo.png\",\"width\":253,\"height\":253,\"caption\":\"Gran Trail Trangoworld Aneto-Posets\"},\"image\":{\"@id\":\"https:\\\/\\\/trail-aneto.com\\\/#\\\/schema\\\/logo\\\/image\\\/\"},\"sameAs\":[\"https:\\\/\\\/www.facebook.com\\\/GranTrailAnetoPosets\\\/\",\"https:\\\/\\\/www.instagram.com\\\/grantrailaneto\\\/?hl=es\"]}]}<\/script>\n<!-- \/ Yoast SEO plugin. -->","yoast_head_json":{"title":"Informaci\u00f3n sobre inscripciones GTTAP26 - GTTAP","robots":{"index":"index","follow":"follow","max-snippet":"max-snippet:-1","max-image-preview":"max-image-preview:large","max-video-preview":"max-video-preview:-1"},"canonical":"https:\/\/trail-aneto.com\/en\/informacion-sobre-inscripciones-gttap26\/","og_locale":"en_GB","og_type":"article","og_title":"Informaci\u00f3n sobre inscripciones GTTAP26 - GTTAP","og_url":"https:\/\/trail-aneto.com\/en\/informacion-sobre-inscripciones-gttap26\/","og_site_name":"GTTAP","article_publisher":"https:\/\/www.facebook.com\/GranTrailAnetoPosets\/","article_modified_time":"2026-01-07T14:32:27+00:00","twitter_card":"summary_large_image","twitter_misc":{"Estimated reading time":"5 minutes"},"schema":{"@context":"https:\/\/schema.org","@graph":[{"@type":"WebPage","@id":"https:\/\/trail-aneto.com\/informacion-sobre-inscripciones-gttap26\/","url":"https:\/\/trail-aneto.com\/informacion-sobre-inscripciones-gttap26\/","name":"Informaci\u00f3n sobre inscripciones GTTAP26 - GTTAP","isPartOf":{"@id":"https:\/\/trail-aneto.com\/#website"},"datePublished":"2025-12-16T10:16:03+00:00","dateModified":"2026-01-07T14:32:27+00:00","breadcrumb":{"@id":"https:\/\/trail-aneto.com\/informacion-sobre-inscripciones-gttap26\/#breadcrumb"},"inLanguage":"en-GB","potentialAction":[{"@type":"ReadAction","target":["https:\/\/trail-aneto.com\/informacion-sobre-inscripciones-gttap26\/"]}]},{"@type":"BreadcrumbList","@id":"https:\/\/trail-aneto.com\/informacion-sobre-inscripciones-gttap26\/#breadcrumb","itemListElement":[{"@type":"ListItem","position":1,"name":"Portada","item":"https:\/\/trail-aneto.com\/"},{"@type":"ListItem","position":2,"name":"Informaci\u00f3n sobre inscripciones GTTAP26"}]},{"@type":"WebSite","@id":"https:\/\/trail-aneto.com\/#website","url":"https:\/\/trail-aneto.com\/","name":"GTTAP","description":"An Extreme Pyrenees - An Infinite Tour","publisher":{"@id":"https:\/\/trail-aneto.com\/#organization"},"potentialAction":[{"@type":"SearchAction","target":{"@type":"EntryPoint","urlTemplate":"https:\/\/trail-aneto.com\/?s={search_term_string}"},"query-input":{"@type":"PropertyValueSpecification","valueRequired":true,"valueName":"search_term_string"}}],"inLanguage":"en-GB"},{"@type":"Organization","@id":"https:\/\/trail-aneto.com\/#organization","name":"Great Trangoworld Aneto-Posets Trail","url":"https:\/\/trail-aneto.com\/","logo":{"@type":"ImageObject","inLanguage":"en-GB","@id":"https:\/\/trail-aneto.com\/#\/schema\/logo\/image\/","url":"https:\/\/trail-aneto.com\/wp-content\/uploads\/2020\/01\/GTTAP-logo.png","contentUrl":"https:\/\/trail-aneto.com\/wp-content\/uploads\/2020\/01\/GTTAP-logo.png","width":253,"height":253,"caption":"Gran Trail Trangoworld Aneto-Posets"},"image":{"@id":"https:\/\/trail-aneto.com\/#\/schema\/logo\/image\/"},"sameAs":["https:\/\/www.facebook.com\/GranTrailAnetoPosets\/","https:\/\/www.instagram.com\/grantrailaneto\/?hl=es"]}]}},"_links":{"self":[{"href":"https:\/\/trail-aneto.com\/en\/wp-json\/wp\/v2\/pages\/11038","targetHints":{"allow":["GET"]}}],"collection":[{"href":"https:\/\/trail-aneto.com\/en\/wp-json\/wp\/v2\/pages"}],"about":[{"href":"https:\/\/trail-aneto.com\/en\/wp-json\/wp\/v2\/types\/page"}],"author":[{"embeddable":true,"href":"https:\/\/trail-aneto.com\/en\/wp-json\/wp\/v2\/users\/1"}],"replies":[{"embeddable":true,"href":"https:\/\/trail-aneto.com\/en\/wp-json\/wp\/v2\/comments?post=11038"}],"version-history":[{"count":4,"href":"https:\/\/trail-aneto.com\/en\/wp-json\/wp\/v2\/pages\/11038\/revisions"}],"predecessor-version":[{"id":11081,"href":"https:\/\/trail-aneto.com\/en\/wp-json\/wp\/v2\/pages\/11038\/revisions\/11081"}],"wp:attachment":[{"href":"https:\/\/trail-aneto.com\/en\/wp-json\/wp\/v2\/media?parent=11038"}],"curies":[{"name":"wp","href":"https:\/\/api.w.org\/{rel}","templated":true}]}}