{"id":8317,"date":"2020-01-08T17:34:31","date_gmt":"2020-01-08T16:34:31","guid":{"rendered":"https:\/\/trail-aneto.com\/?page_id=8317"},"modified":"2025-12-29T12:56:29","modified_gmt":"2025-12-29T11:56:29","slug":"vuelta-a-cerler","status":"publish","type":"page","link":"https:\/\/trail-aneto.com\/en\/vuelta-a-cerler\/","title":{"rendered":"Back to Cerler"},"content":{"rendered":"<section class=\"wpb-content-wrapper\"><div class=\"vc_row wpb_row vc_row-fluid edgtf-section vc_custom_1578581721661 edgtf-content-aligment-left edgtf-grid-section\" style=\"\"><div class=\"clearfix edgtf-section-inner\"><div class=\"edgtf-section-inner-margin clearfix\"><div class=\"wpb_column vc_column_container vc_col-sm-1\"><div class=\"vc_column-inner\"><div class=\"wpb_wrapper\">\n\t<div  class=\"wpb_single_image wpb_content_element vc_align_left  wpb_animate_when_almost_visible wpb_fadeIn fadeIn vc_custom_1578588914425\">\n\t\t\n\t\t<figure class=\"wpb_wrapper vc_figure\">\n\t\t\t<div class=\"vc_single_image-wrapper   vc_box_border_grey\"><img loading=\"lazy\" decoding=\"async\" width=\"50\" height=\"118\" src=\"https:\/\/trail-aneto.com\/wp-content\/uploads\/2020\/01\/Pico_corredor@2x-e1578588873619.png\" class=\"vc_single_image-img attachment-full\" alt=\"\" title=\"Pico_corredor@2x\" \/><\/div>\n\t\t<\/figure>\n\t<\/div>\n<\/div><\/div><\/div><div class=\"wpb_column vc_column_container vc_col-sm-8\"><div class=\"vc_column-inner\"><div class=\"wpb_wrapper\">\n\t<div class=\"wpb_text_column wpb_content_element  vc_custom_1733323219748\" >\n\t\t<div class=\"wpb_wrapper\">\n\t\t\t<h6>4,2 km del recorrido por encima de 2 000 m \/ 5,1 km de asfalto \/ 3,9 km de pista \/ 18,6 km de sendero<\/h6>\n<p>&nbsp;<\/p>\n<h5><strong>Vuelta a Cerler<\/strong><\/h5>\n\n\t\t<\/div>\n\t<\/div>\n\n\t<div class=\"wpb_text_column wpb_content_element  vc_custom_1704367790563\" >\n\t\t<div class=\"wpb_wrapper\">\n\t\t\t<p align=\"justify\">La Vuelta a Cerler discurre por pistas y senderos que unen Benasque con otras localidades y lugares pr\u00f3ximos, tomando como referencia el la poblaci\u00f3n de Cerler y su estaci\u00f3n de esqu\u00ed.<br \/>\nDesde su inicio en la villa de Benasque, la carrera pone rumbo a la urbanizaci\u00f3n de Linsoles por la ribera del r\u00edo \u00c9sera llegando despu\u00e9s la pintoresca localidad de Anciles, para tomar desde aqu\u00ed el sendero se\u00f1alizado PR-HU 33 que asciende hasta la localidad de Cerler. Desde aqu\u00ed se dirige a las bellas cascadas de Ardon\u00e9s, a la caba\u00f1a del mismo nombre y se acerca a la Sierra Negra con el ascenso al Picalbo. Tras un bello descenso por bosque se alcanza de nuevo la poblaci\u00f3n de Cerler. Una vez alcanzada la base de la estaci\u00f3n en El Molino, comienza un vertiginoso descenso por los PR-HU 27 y 28, cruzando la l\u00ednea de meta de nuevo en Benasque.<\/p>\n\n\t\t<\/div>\n\t<\/div>\n<\/div><\/div><\/div><div class=\"wpb_column vc_column_container vc_col-sm-3\"><div class=\"vc_column-inner\"><div class=\"wpb_wrapper\">\n\t<div class=\"wpb_text_column wpb_content_element \" >\n\t\t<div class=\"wpb_wrapper\">\n\t\t\t<p><span style=\"color: #ffcc00;\"><strong>INFORMACI\u00d3N<\/strong><\/span><\/p>\n<p><strong>Categor\u00edas<\/strong><br \/>\nAbsoluta masculina y femenina<br \/>\nPromesa masculina y femenina<br \/>\nVeterana A masculina y femenina<br \/>\nVeterana B masculina y femenina<br \/>\nVeterana C masculina y femenina<\/p>\n<p><strong>L\u00edmite de inscripciones<\/strong><br \/>\n1050 participantes<\/p>\n\n\t\t<\/div>\n\t<\/div>\n<div class=\"vc_empty_space\"   style=\"height: 40px\"><span class=\"vc_empty_space_inner\"><\/span><\/div><\/div><\/div><\/div><\/div><\/div><\/div><div class=\"vc_row wpb_row vc_row-fluid edgtf-section vc_custom_1578580704559 edgtf-content-aligment-left edgtf-grid-section\" style=\"\"><div class=\"clearfix edgtf-section-inner\"><div class=\"edgtf-section-inner-margin clearfix\"><div class=\"wpb_column vc_column_container vc_col-sm-1\/5 vc_col-lg-1\/5\"><div class=\"vc_column-inner vc_custom_1578580285162\"><div class=\"wpb_wrapper\"><a href=\"https:\/\/trail-aneto.com\/programa-vc\/\" target=\"_self\"  class=\"edgtf-btn edgtf-btn-small edgtf-btn-transparent\"  >\n\t\t\t<span class=\"edgtf-btn-text\">PROGRAMA<\/span>\n\t    <\/a><\/div><\/div><\/div><div class=\"wpb_column vc_column_container vc_col-sm-1\/5\"><div class=\"vc_column-inner vc_custom_1578580300344\"><div class=\"wpb_wrapper\"><a href=\"https:\/\/trail-aneto.com\/listado-inscritos-vuelta-a-cerler\/\" target=\"_self\"  class=\"edgtf-btn edgtf-btn-small edgtf-btn-transparent\"  >\n\t\t\t<span class=\"edgtf-btn-text\">INSCRITOS<\/span>\n\t    <\/a><\/div><\/div><\/div><div class=\"wpb_column vc_column_container vc_col-sm-1\/5\"><div class=\"vc_column-inner vc_custom_1578580311155\"><div class=\"wpb_wrapper\"><a href=\"https:\/\/trail-aneto.com\/wp-content\/uploads\/2024\/01\/MAPA_Vuelta-a-cerler_2024.jpg\" target=\"_blank\"  class=\"edgtf-btn edgtf-btn-small edgtf-btn-transparent fancyboxModal\"  >\n\t\t\t<span class=\"edgtf-btn-text\">MAPA<\/span>\n\t    <\/a><\/div><\/div><\/div><div class=\"wpb_column vc_column_container vc_col-sm-1\/5\"><div class=\"vc_column-inner vc_custom_1578580321427\"><div class=\"wpb_wrapper\"><a href=\"\/tracks\/VUELTA_A_CERLER_2024.gpx\" target=\"_self\"  class=\"edgtf-btn edgtf-btn-small edgtf-btn-transparent\"  >\n\t\t\t<span class=\"edgtf-btn-text\">TRACK<\/span>\n\t    <\/a><\/div><\/div><\/div><div class=\"wpb_column vc_column_container vc_col-sm-1\/5\"><div class=\"vc_column-inner\"><div class=\"wpb_wrapper\"><a href=\"https:\/\/trail-aneto.com\/wp-content\/uploads\/2025\/12\/Tabla-de-recorridos-Vuelta-a-Cerler.pdf\" target=\"_self\"  class=\"edgtf-btn edgtf-btn-small edgtf-btn-transparent\"  >\n\t\t\t<span class=\"edgtf-btn-text\">RECORRIDO<\/span>\n\t    <\/a><\/div><\/div><\/div><\/div><\/div><\/div><div class=\"vc_row wpb_row vc_row-fluid edgtf-section vc_custom_1578581001137 edgtf-content-aligment-left edgtf-grid-section\" style=\"\"><div class=\"clearfix edgtf-section-inner\"><div class=\"edgtf-section-inner-margin clearfix\"><div class=\"wpb_column vc_column_container vc_col-sm-12\"><div class=\"vc_column-inner\"><div class=\"wpb_wrapper\">\n\t<div class=\"wpb_text_column wpb_content_element  wpb_animate_when_almost_visible wpb_fadeIn fadeIn\" >\n\t\t<div class=\"wpb_wrapper\">\n\t\t\t<p style=\"text-align: left; color: black; font-size: 4.5em;\">\u201cr\u00e1pida y <span style=\"color: #e96113;\">vertiginosa<\/span> <span style=\"font-size: 0.25em; color: #e96113;\">Una media marat\u00f3n para disfrutar en la monta\u00f1a<\/span><\/p>\n\n\t\t<\/div>\n\t<\/div>\n<\/div><\/div><\/div><\/div><\/div><\/div><div data-edgtf-parallax-speed=\"1\" class=\"vc_row wpb_row vc_row-fluid edgtf-section edgtf-content-aligment-left edgtf-parallax-section-holder edgtf-parallax-section-holder-touch-disabled\" style=\"min-height:400px;height:auto;\"><div class=\"clearfix edgtf-full-section-inner\"><div class=\"wpb_column vc_column_container vc_col-sm-12\"><div class=\"vc_column-inner\"><div class=\"wpb_wrapper\">\n\t<div  class=\"wpb_single_image wpb_content_element vc_align_center  wpb_animate_when_almost_visible wpb_fadeIn fadeIn\">\n\t\t\n\t\t<figure class=\"wpb_wrapper vc_figure\">\n\t\t\t<div class=\"vc_single_image-wrapper   vc_box_border_grey\"><img loading=\"lazy\" decoding=\"async\" width=\"2048\" height=\"985\" src=\"https:\/\/trail-aneto.com\/wp-content\/uploads\/2024\/01\/Perfil-24-Pico-1.jpg\" class=\"vc_single_image-img attachment-full\" alt=\"\" title=\"Perfil-24-Pico\" srcset=\"https:\/\/trail-aneto.com\/wp-content\/uploads\/2024\/01\/Perfil-24-Pico-1.jpg 2048w, https:\/\/trail-aneto.com\/wp-content\/uploads\/2024\/01\/Perfil-24-Pico-1-300x144.jpg 300w, https:\/\/trail-aneto.com\/wp-content\/uploads\/2024\/01\/Perfil-24-Pico-1-1024x493.jpg 1024w, https:\/\/trail-aneto.com\/wp-content\/uploads\/2024\/01\/Perfil-24-Pico-1-768x369.jpg 768w, https:\/\/trail-aneto.com\/wp-content\/uploads\/2024\/01\/Perfil-24-Pico-1-1536x739.jpg 1536w, https:\/\/trail-aneto.com\/wp-content\/uploads\/2024\/01\/Perfil-24-Pico-1-18x9.jpg 18w\" sizes=\"auto, (max-width: 2048px) 100vw, 2048px\" \/><\/div>\n\t\t<\/figure>\n\t<\/div>\n<\/div><\/div><\/div><\/div><\/div><div class=\"vc_row wpb_row vc_row-fluid edgtf-section edgtf-content-aligment-left\" style=\"\"><div class=\"clearfix edgtf-full-section-inner\"><div class=\"wpb_column vc_column_container vc_col-sm-12\"><div class=\"vc_column-inner vc_custom_1578582594142\"><div class=\"wpb_wrapper\"><div class=\"edgtf-image-gallery\">\n\t<div class=\"edgtf-image-gallery-grid edgtf-gallery-columns-5 edgtf-gallery-no-space edgtf-gallery-prettyphoto clearfix\" >\n\t\t\t\t\t<div class=\"edgtf-gallery-image\">\n\t\t\t\t\t\t\t\t\t<a href=\"https:\/\/trail-aneto.com\/wp-content\/uploads\/2025\/01\/001-3.jpg\" data-rel=\"prettyPhoto[single_pretty_photo]\" title=\"001\">\n\t\t\t\t\t\t\t\t\t\t\t\t\t\t\t<img loading=\"lazy\" decoding=\"async\" width=\"550\" height=\"550\" src=\"https:\/\/trail-aneto.com\/wp-content\/uploads\/2025\/01\/001-3.jpg\" class=\"attachment-full size-full\" alt=\"\" srcset=\"https:\/\/trail-aneto.com\/wp-content\/uploads\/2025\/01\/001-3.jpg 550w, https:\/\/trail-aneto.com\/wp-content\/uploads\/2025\/01\/001-3-300x300.jpg 300w, https:\/\/trail-aneto.com\/wp-content\/uploads\/2025\/01\/001-3-150x150.jpg 150w, https:\/\/trail-aneto.com\/wp-content\/uploads\/2025\/01\/001-3-12x12.jpg 12w\" sizes=\"auto, (max-width: 550px) 100vw, 550px\" \/>\t\t\t\t\t                                           <span class=\"edgtf-pp-icon icon_plus\"><\/span>\n                    \t\t\t\t\t\t\t\t\t\t\t<\/a>\n\t\t\t\t\t\t\t\t<\/div>\n\t\t\t\t\t<div class=\"edgtf-gallery-image\">\n\t\t\t\t\t\t\t\t\t<a href=\"https:\/\/trail-aneto.com\/wp-content\/uploads\/2025\/01\/002-2.jpg\" data-rel=\"prettyPhoto[single_pretty_photo]\" title=\"002\">\n\t\t\t\t\t\t\t\t\t\t\t\t\t\t\t<img loading=\"lazy\" decoding=\"async\" width=\"550\" height=\"550\" src=\"https:\/\/trail-aneto.com\/wp-content\/uploads\/2025\/01\/002-2.jpg\" class=\"attachment-full size-full\" alt=\"\" srcset=\"https:\/\/trail-aneto.com\/wp-content\/uploads\/2025\/01\/002-2.jpg 550w, https:\/\/trail-aneto.com\/wp-content\/uploads\/2025\/01\/002-2-300x300.jpg 300w, https:\/\/trail-aneto.com\/wp-content\/uploads\/2025\/01\/002-2-150x150.jpg 150w, https:\/\/trail-aneto.com\/wp-content\/uploads\/2025\/01\/002-2-12x12.jpg 12w\" sizes=\"auto, (max-width: 550px) 100vw, 550px\" \/>\t\t\t\t\t                                           <span class=\"edgtf-pp-icon icon_plus\"><\/span>\n                    \t\t\t\t\t\t\t\t\t\t\t<\/a>\n\t\t\t\t\t\t\t\t<\/div>\n\t\t\t\t\t<div class=\"edgtf-gallery-image\">\n\t\t\t\t\t\t\t\t\t<a href=\"https:\/\/trail-aneto.com\/wp-content\/uploads\/2025\/01\/003-3.jpg\" data-rel=\"prettyPhoto[single_pretty_photo]\" title=\"003\">\n\t\t\t\t\t\t\t\t\t\t\t\t\t\t\t<img loading=\"lazy\" decoding=\"async\" width=\"550\" height=\"550\" src=\"https:\/\/trail-aneto.com\/wp-content\/uploads\/2025\/01\/003-3.jpg\" class=\"attachment-full size-full\" alt=\"\" srcset=\"https:\/\/trail-aneto.com\/wp-content\/uploads\/2025\/01\/003-3.jpg 550w, https:\/\/trail-aneto.com\/wp-content\/uploads\/2025\/01\/003-3-300x300.jpg 300w, https:\/\/trail-aneto.com\/wp-content\/uploads\/2025\/01\/003-3-150x150.jpg 150w, https:\/\/trail-aneto.com\/wp-content\/uploads\/2025\/01\/003-3-12x12.jpg 12w\" sizes=\"auto, (max-width: 550px) 100vw, 550px\" \/>\t\t\t\t\t                                           <span class=\"edgtf-pp-icon icon_plus\"><\/span>\n                    \t\t\t\t\t\t\t\t\t\t\t<\/a>\n\t\t\t\t\t\t\t\t<\/div>\n\t\t\t\t\t<div class=\"edgtf-gallery-image\">\n\t\t\t\t\t\t\t\t\t<a href=\"https:\/\/trail-aneto.com\/wp-content\/uploads\/2025\/01\/004-3.jpg\" data-rel=\"prettyPhoto[single_pretty_photo]\" title=\"004\">\n\t\t\t\t\t\t\t\t\t\t\t\t\t\t\t<img loading=\"lazy\" decoding=\"async\" width=\"550\" height=\"550\" src=\"https:\/\/trail-aneto.com\/wp-content\/uploads\/2025\/01\/004-3.jpg\" class=\"attachment-full size-full\" alt=\"\" srcset=\"https:\/\/trail-aneto.com\/wp-content\/uploads\/2025\/01\/004-3.jpg 550w, https:\/\/trail-aneto.com\/wp-content\/uploads\/2025\/01\/004-3-300x300.jpg 300w, https:\/\/trail-aneto.com\/wp-content\/uploads\/2025\/01\/004-3-150x150.jpg 150w, https:\/\/trail-aneto.com\/wp-content\/uploads\/2025\/01\/004-3-12x12.jpg 12w\" sizes=\"auto, (max-width: 550px) 100vw, 550px\" \/>\t\t\t\t\t                                           <span class=\"edgtf-pp-icon icon_plus\"><\/span>\n                    \t\t\t\t\t\t\t\t\t\t\t<\/a>\n\t\t\t\t\t\t\t\t<\/div>\n\t\t\t\t\t<div class=\"edgtf-gallery-image\">\n\t\t\t\t\t\t\t\t\t<a href=\"https:\/\/trail-aneto.com\/wp-content\/uploads\/2025\/01\/005-3.jpg\" data-rel=\"prettyPhoto[single_pretty_photo]\" title=\"005\">\n\t\t\t\t\t\t\t\t\t\t\t\t\t\t\t<img loading=\"lazy\" decoding=\"async\" width=\"550\" height=\"550\" src=\"https:\/\/trail-aneto.com\/wp-content\/uploads\/2025\/01\/005-3.jpg\" class=\"attachment-full size-full\" alt=\"\" srcset=\"https:\/\/trail-aneto.com\/wp-content\/uploads\/2025\/01\/005-3.jpg 550w, https:\/\/trail-aneto.com\/wp-content\/uploads\/2025\/01\/005-3-300x300.jpg 300w, https:\/\/trail-aneto.com\/wp-content\/uploads\/2025\/01\/005-3-150x150.jpg 150w, https:\/\/trail-aneto.com\/wp-content\/uploads\/2025\/01\/005-3-12x12.jpg 12w\" sizes=\"auto, (max-width: 550px) 100vw, 550px\" \/>\t\t\t\t\t                                           <span class=\"edgtf-pp-icon icon_plus\"><\/span>\n                    \t\t\t\t\t\t\t\t\t\t\t<\/a>\n\t\t\t\t\t\t\t\t<\/div>\n\t\t\t\t\t<div class=\"edgtf-gallery-image\">\n\t\t\t\t\t\t\t\t\t<a href=\"https:\/\/trail-aneto.com\/wp-content\/uploads\/2025\/01\/006-3.jpg\" data-rel=\"prettyPhoto[single_pretty_photo]\" title=\"006\">\n\t\t\t\t\t\t\t\t\t\t\t\t\t\t\t<img loading=\"lazy\" decoding=\"async\" width=\"550\" height=\"550\" src=\"https:\/\/trail-aneto.com\/wp-content\/uploads\/2025\/01\/006-3.jpg\" class=\"attachment-full size-full\" alt=\"\" srcset=\"https:\/\/trail-aneto.com\/wp-content\/uploads\/2025\/01\/006-3.jpg 550w, https:\/\/trail-aneto.com\/wp-content\/uploads\/2025\/01\/006-3-300x300.jpg 300w, https:\/\/trail-aneto.com\/wp-content\/uploads\/2025\/01\/006-3-150x150.jpg 150w, https:\/\/trail-aneto.com\/wp-content\/uploads\/2025\/01\/006-3-12x12.jpg 12w\" sizes=\"auto, (max-width: 550px) 100vw, 550px\" \/>\t\t\t\t\t                                           <span class=\"edgtf-pp-icon icon_plus\"><\/span>\n                    \t\t\t\t\t\t\t\t\t\t\t<\/a>\n\t\t\t\t\t\t\t\t<\/div>\n\t\t\t\t\t<div class=\"edgtf-gallery-image\">\n\t\t\t\t\t\t\t\t\t<a href=\"https:\/\/trail-aneto.com\/wp-content\/uploads\/2025\/01\/007-3.jpg\" data-rel=\"prettyPhoto[single_pretty_photo]\" title=\"007\">\n\t\t\t\t\t\t\t\t\t\t\t\t\t\t\t<img loading=\"lazy\" decoding=\"async\" width=\"550\" height=\"550\" src=\"https:\/\/trail-aneto.com\/wp-content\/uploads\/2025\/01\/007-3.jpg\" class=\"attachment-full size-full\" alt=\"\" srcset=\"https:\/\/trail-aneto.com\/wp-content\/uploads\/2025\/01\/007-3.jpg 550w, https:\/\/trail-aneto.com\/wp-content\/uploads\/2025\/01\/007-3-300x300.jpg 300w, https:\/\/trail-aneto.com\/wp-content\/uploads\/2025\/01\/007-3-150x150.jpg 150w, https:\/\/trail-aneto.com\/wp-content\/uploads\/2025\/01\/007-3-12x12.jpg 12w\" sizes=\"auto, (max-width: 550px) 100vw, 550px\" \/>\t\t\t\t\t                                           <span class=\"edgtf-pp-icon icon_plus\"><\/span>\n                    \t\t\t\t\t\t\t\t\t\t\t<\/a>\n\t\t\t\t\t\t\t\t<\/div>\n\t\t\t\t\t<div class=\"edgtf-gallery-image\">\n\t\t\t\t\t\t\t\t\t<a href=\"https:\/\/trail-aneto.com\/wp-content\/uploads\/2025\/01\/008-2.jpg\" data-rel=\"prettyPhoto[single_pretty_photo]\" title=\"008\">\n\t\t\t\t\t\t\t\t\t\t\t\t\t\t\t<img loading=\"lazy\" decoding=\"async\" width=\"550\" height=\"550\" src=\"https:\/\/trail-aneto.com\/wp-content\/uploads\/2025\/01\/008-2.jpg\" class=\"attachment-full size-full\" alt=\"\" srcset=\"https:\/\/trail-aneto.com\/wp-content\/uploads\/2025\/01\/008-2.jpg 550w, https:\/\/trail-aneto.com\/wp-content\/uploads\/2025\/01\/008-2-300x300.jpg 300w, https:\/\/trail-aneto.com\/wp-content\/uploads\/2025\/01\/008-2-150x150.jpg 150w, https:\/\/trail-aneto.com\/wp-content\/uploads\/2025\/01\/008-2-12x12.jpg 12w\" sizes=\"auto, (max-width: 550px) 100vw, 550px\" \/>\t\t\t\t\t                                           <span class=\"edgtf-pp-icon icon_plus\"><\/span>\n                    \t\t\t\t\t\t\t\t\t\t\t<\/a>\n\t\t\t\t\t\t\t\t<\/div>\n\t\t\t\t\t<div class=\"edgtf-gallery-image\">\n\t\t\t\t\t\t\t\t\t<a href=\"https:\/\/trail-aneto.com\/wp-content\/uploads\/2025\/01\/009-3.jpg\" data-rel=\"prettyPhoto[single_pretty_photo]\" title=\"009\">\n\t\t\t\t\t\t\t\t\t\t\t\t\t\t\t<img loading=\"lazy\" decoding=\"async\" width=\"550\" height=\"550\" src=\"https:\/\/trail-aneto.com\/wp-content\/uploads\/2025\/01\/009-3.jpg\" class=\"attachment-full size-full\" alt=\"\" srcset=\"https:\/\/trail-aneto.com\/wp-content\/uploads\/2025\/01\/009-3.jpg 550w, https:\/\/trail-aneto.com\/wp-content\/uploads\/2025\/01\/009-3-300x300.jpg 300w, https:\/\/trail-aneto.com\/wp-content\/uploads\/2025\/01\/009-3-150x150.jpg 150w, https:\/\/trail-aneto.com\/wp-content\/uploads\/2025\/01\/009-3-12x12.jpg 12w\" sizes=\"auto, (max-width: 550px) 100vw, 550px\" \/>\t\t\t\t\t                                           <span class=\"edgtf-pp-icon icon_plus\"><\/span>\n                    \t\t\t\t\t\t\t\t\t\t\t<\/a>\n\t\t\t\t\t\t\t\t<\/div>\n\t\t\t\t\t<div class=\"edgtf-gallery-image\">\n\t\t\t\t\t\t\t\t\t<a href=\"https:\/\/trail-aneto.com\/wp-content\/uploads\/2025\/01\/010-3.jpg\" data-rel=\"prettyPhoto[single_pretty_photo]\" title=\"010\">\n\t\t\t\t\t\t\t\t\t\t\t\t\t\t\t<img loading=\"lazy\" decoding=\"async\" width=\"550\" height=\"550\" src=\"https:\/\/trail-aneto.com\/wp-content\/uploads\/2025\/01\/010-3.jpg\" class=\"attachment-full size-full\" alt=\"\" srcset=\"https:\/\/trail-aneto.com\/wp-content\/uploads\/2025\/01\/010-3.jpg 550w, https:\/\/trail-aneto.com\/wp-content\/uploads\/2025\/01\/010-3-300x300.jpg 300w, https:\/\/trail-aneto.com\/wp-content\/uploads\/2025\/01\/010-3-150x150.jpg 150w, https:\/\/trail-aneto.com\/wp-content\/uploads\/2025\/01\/010-3-12x12.jpg 12w\" sizes=\"auto, (max-width: 550px) 100vw, 550px\" \/>\t\t\t\t\t                                           <span class=\"edgtf-pp-icon icon_plus\"><\/span>\n                    \t\t\t\t\t\t\t\t\t\t\t<\/a>\n\t\t\t\t\t\t\t\t<\/div>\n\t\t\t<\/div>\n<\/div><\/div><\/div><\/div><\/div><\/div>\n<\/section>","protected":false},"excerpt":{"rendered":"4,2 km del recorrido por encima de 2 000 m \/ 5,1 km de asfalto \/ 3,9 km de pista \/ 18,6 km de sendero &nbsp; Vuelta a Cerler La Vuelta a Cerler discurre por pistas y senderos que unen Benasque con otras localidades y...","protected":false},"author":1,"featured_media":0,"parent":0,"menu_order":0,"comment_status":"closed","ping_status":"closed","template":"full-width.php","meta":{"footnotes":""},"class_list":["post-8317","page","type-page","status-publish","hentry"],"yoast_head":"<!-- This site is optimized with the Yoast SEO plugin v27.4 - https:\/\/yoast.com\/product\/yoast-seo-wordpress\/ -->\n<title>Vuelta a Cerler - GTTAP<\/title>\n<meta name=\"robots\" content=\"index, follow, max-snippet:-1, max-image-preview:large, max-video-preview:-1\" \/>\n<link rel=\"canonical\" href=\"https:\/\/trail-aneto.com\/en\/vuelta-a-cerler\/\" \/>\n<meta property=\"og:locale\" content=\"en_GB\" \/>\n<meta property=\"og:type\" content=\"article\" \/>\n<meta property=\"og:title\" content=\"Vuelta a Cerler - GTTAP\" \/>\n<meta property=\"og:url\" content=\"https:\/\/trail-aneto.com\/en\/vuelta-a-cerler\/\" \/>\n<meta property=\"og:site_name\" content=\"GTTAP\" \/>\n<meta property=\"article:publisher\" content=\"https:\/\/www.facebook.com\/GranTrailAnetoPosets\/\" \/>\n<meta property=\"article:modified_time\" content=\"2025-12-29T11:56:29+00:00\" \/>\n<meta name=\"twitter:card\" content=\"summary_large_image\" \/>\n<meta name=\"twitter:label1\" content=\"Estimated reading time\" \/>\n\t<meta name=\"twitter:data1\" content=\"2 minutes\" \/>\n<script type=\"application\/ld+json\" class=\"yoast-schema-graph\">{\"@context\":\"https:\\\/\\\/schema.org\",\"@graph\":[{\"@type\":\"WebPage\",\"@id\":\"https:\\\/\\\/trail-aneto.com\\\/vuelta-a-cerler\\\/\",\"url\":\"https:\\\/\\\/trail-aneto.com\\\/vuelta-a-cerler\\\/\",\"name\":\"Vuelta a Cerler - GTTAP\",\"isPartOf\":{\"@id\":\"https:\\\/\\\/trail-aneto.com\\\/#website\"},\"datePublished\":\"2020-01-08T16:34:31+00:00\",\"dateModified\":\"2025-12-29T11:56:29+00:00\",\"breadcrumb\":{\"@id\":\"https:\\\/\\\/trail-aneto.com\\\/vuelta-a-cerler\\\/#breadcrumb\"},\"inLanguage\":\"en-GB\",\"potentialAction\":[{\"@type\":\"ReadAction\",\"target\":[\"https:\\\/\\\/trail-aneto.com\\\/vuelta-a-cerler\\\/\"]}]},{\"@type\":\"BreadcrumbList\",\"@id\":\"https:\\\/\\\/trail-aneto.com\\\/vuelta-a-cerler\\\/#breadcrumb\",\"itemListElement\":[{\"@type\":\"ListItem\",\"position\":1,\"name\":\"Portada\",\"item\":\"https:\\\/\\\/trail-aneto.com\\\/\"},{\"@type\":\"ListItem\",\"position\":2,\"name\":\"Vuelta a Cerler\"}]},{\"@type\":\"WebSite\",\"@id\":\"https:\\\/\\\/trail-aneto.com\\\/#website\",\"url\":\"https:\\\/\\\/trail-aneto.com\\\/\",\"name\":\"GTTAP\",\"description\":\"Un Pirineo Extremo - Un Recorrido Infinito\",\"publisher\":{\"@id\":\"https:\\\/\\\/trail-aneto.com\\\/#organization\"},\"potentialAction\":[{\"@type\":\"SearchAction\",\"target\":{\"@type\":\"EntryPoint\",\"urlTemplate\":\"https:\\\/\\\/trail-aneto.com\\\/?s={search_term_string}\"},\"query-input\":{\"@type\":\"PropertyValueSpecification\",\"valueRequired\":true,\"valueName\":\"search_term_string\"}}],\"inLanguage\":\"en-GB\"},{\"@type\":\"Organization\",\"@id\":\"https:\\\/\\\/trail-aneto.com\\\/#organization\",\"name\":\"Gran Trail Trangoworld Aneto-Posets\",\"url\":\"https:\\\/\\\/trail-aneto.com\\\/\",\"logo\":{\"@type\":\"ImageObject\",\"inLanguage\":\"en-GB\",\"@id\":\"https:\\\/\\\/trail-aneto.com\\\/#\\\/schema\\\/logo\\\/image\\\/\",\"url\":\"https:\\\/\\\/trail-aneto.com\\\/wp-content\\\/uploads\\\/2020\\\/01\\\/GTTAP-logo.png\",\"contentUrl\":\"https:\\\/\\\/trail-aneto.com\\\/wp-content\\\/uploads\\\/2020\\\/01\\\/GTTAP-logo.png\",\"width\":253,\"height\":253,\"caption\":\"Gran Trail Trangoworld Aneto-Posets\"},\"image\":{\"@id\":\"https:\\\/\\\/trail-aneto.com\\\/#\\\/schema\\\/logo\\\/image\\\/\"},\"sameAs\":[\"https:\\\/\\\/www.facebook.com\\\/GranTrailAnetoPosets\\\/\",\"https:\\\/\\\/www.instagram.com\\\/grantrailaneto\\\/?hl=es\"]}]}<\/script>\n<!-- \/ Yoast SEO plugin. -->","yoast_head_json":{"title":"Vuelta a Cerler - GTTAP","robots":{"index":"index","follow":"follow","max-snippet":"max-snippet:-1","max-image-preview":"max-image-preview:large","max-video-preview":"max-video-preview:-1"},"canonical":"https:\/\/trail-aneto.com\/en\/vuelta-a-cerler\/","og_locale":"en_GB","og_type":"article","og_title":"Vuelta a Cerler - GTTAP","og_url":"https:\/\/trail-aneto.com\/en\/vuelta-a-cerler\/","og_site_name":"GTTAP","article_publisher":"https:\/\/www.facebook.com\/GranTrailAnetoPosets\/","article_modified_time":"2025-12-29T11:56:29+00:00","twitter_card":"summary_large_image","twitter_misc":{"Estimated reading time":"2 minutes"},"schema":{"@context":"https:\/\/schema.org","@graph":[{"@type":"WebPage","@id":"https:\/\/trail-aneto.com\/vuelta-a-cerler\/","url":"https:\/\/trail-aneto.com\/vuelta-a-cerler\/","name":"Vuelta a Cerler - GTTAP","isPartOf":{"@id":"https:\/\/trail-aneto.com\/#website"},"datePublished":"2020-01-08T16:34:31+00:00","dateModified":"2025-12-29T11:56:29+00:00","breadcrumb":{"@id":"https:\/\/trail-aneto.com\/vuelta-a-cerler\/#breadcrumb"},"inLanguage":"en-GB","potentialAction":[{"@type":"ReadAction","target":["https:\/\/trail-aneto.com\/vuelta-a-cerler\/"]}]},{"@type":"BreadcrumbList","@id":"https:\/\/trail-aneto.com\/vuelta-a-cerler\/#breadcrumb","itemListElement":[{"@type":"ListItem","position":1,"name":"Portada","item":"https:\/\/trail-aneto.com\/"},{"@type":"ListItem","position":2,"name":"Vuelta a Cerler"}]},{"@type":"WebSite","@id":"https:\/\/trail-aneto.com\/#website","url":"https:\/\/trail-aneto.com\/","name":"GTTAP","description":"An Extreme Pyrenees - An Infinite Tour","publisher":{"@id":"https:\/\/trail-aneto.com\/#organization"},"potentialAction":[{"@type":"SearchAction","target":{"@type":"EntryPoint","urlTemplate":"https:\/\/trail-aneto.com\/?s={search_term_string}"},"query-input":{"@type":"PropertyValueSpecification","valueRequired":true,"valueName":"search_term_string"}}],"inLanguage":"en-GB"},{"@type":"Organization","@id":"https:\/\/trail-aneto.com\/#organization","name":"Great Trangoworld Aneto-Posets Trail","url":"https:\/\/trail-aneto.com\/","logo":{"@type":"ImageObject","inLanguage":"en-GB","@id":"https:\/\/trail-aneto.com\/#\/schema\/logo\/image\/","url":"https:\/\/trail-aneto.com\/wp-content\/uploads\/2020\/01\/GTTAP-logo.png","contentUrl":"https:\/\/trail-aneto.com\/wp-content\/uploads\/2020\/01\/GTTAP-logo.png","width":253,"height":253,"caption":"Gran Trail Trangoworld Aneto-Posets"},"image":{"@id":"https:\/\/trail-aneto.com\/#\/schema\/logo\/image\/"},"sameAs":["https:\/\/www.facebook.com\/GranTrailAnetoPosets\/","https:\/\/www.instagram.com\/grantrailaneto\/?hl=es"]}]}},"_links":{"self":[{"href":"https:\/\/trail-aneto.com\/en\/wp-json\/wp\/v2\/pages\/8317","targetHints":{"allow":["GET"]}}],"collection":[{"href":"https:\/\/trail-aneto.com\/en\/wp-json\/wp\/v2\/pages"}],"about":[{"href":"https:\/\/trail-aneto.com\/en\/wp-json\/wp\/v2\/types\/page"}],"author":[{"embeddable":true,"href":"https:\/\/trail-aneto.com\/en\/wp-json\/wp\/v2\/users\/1"}],"replies":[{"embeddable":true,"href":"https:\/\/trail-aneto.com\/en\/wp-json\/wp\/v2\/comments?post=8317"}],"version-history":[{"count":44,"href":"https:\/\/trail-aneto.com\/en\/wp-json\/wp\/v2\/pages\/8317\/revisions"}],"predecessor-version":[{"id":11071,"href":"https:\/\/trail-aneto.com\/en\/wp-json\/wp\/v2\/pages\/8317\/revisions\/11071"}],"wp:attachment":[{"href":"https:\/\/trail-aneto.com\/en\/wp-json\/wp\/v2\/media?parent=8317"}],"curies":[{"name":"wp","href":"https:\/\/api.w.org\/{rel}","templated":true}]}}