{"id":8448,"date":"2020-01-10T14:06:17","date_gmt":"2020-01-10T13:06:17","guid":{"rendered":"https:\/\/trail-aneto.com\/?page_id=8448"},"modified":"2025-12-12T13:47:25","modified_gmt":"2025-12-12T12:47:25","slug":"peque-aneto","status":"publish","type":"page","link":"https:\/\/trail-aneto.com\/en\/peque-aneto\/","title":{"rendered":"Little aneto"},"content":{"rendered":"<section class=\"wpb-content-wrapper\"><div class=\"vc_row wpb_row vc_row-fluid edgtf-section vc_custom_1578581721661 edgtf-content-aligment-left edgtf-grid-section\" style=\"\"><div class=\"clearfix edgtf-section-inner\"><div class=\"edgtf-section-inner-margin clearfix\"><div class=\"wpb_column vc_column_container vc_col-sm-12\"><div class=\"vc_column-inner\"><div class=\"wpb_wrapper\">\n\t<div class=\"wpb_text_column wpb_content_element\" >\n\t\t<div class=\"wpb_wrapper\">\n\t\t\t<h4><strong>Little aneto<\/strong><\/h4>\n\n\t\t<\/div>\n\t<\/div>\n<\/div><\/div><\/div><\/div><\/div><\/div><div class=\"vc_row wpb_row vc_row-fluid edgtf-section vc_custom_1578581731921 edgtf-content-aligment-left edgtf-grid-section\" style=\"\"><div class=\"clearfix edgtf-section-inner\"><div class=\"edgtf-section-inner-margin clearfix\"><div class=\"wpb_column vc_column_container vc_col-sm-9\"><div class=\"vc_column-inner\"><div class=\"wpb_wrapper\">\n\t<div class=\"wpb_text_column wpb_content_element\" >\n\t\t<div class=\"wpb_wrapper\">\n\t\t\t<p>Un a\u00f1o m\u00e1s, la prueba \u201cPeque Aneto\u201d vuelve a formar parte del Gran Trail Trangoworld Aneto-Posets para que los m\u00e1s peque\u00f1os tambi\u00e9n puedan disfrutar de su carrera en Benasque.<\/p>\n<p>With Peque Aneto, the little ones will be able to enjoy the same or more than the adults in this great mountain racing party.<\/p>\n<p><strong>These are its characteristics:<\/strong><\/p>\n<ul>\n<li>Non-competitive test for children from 3 to 14 years to play during the morning of Saturday July 18 in Benasque.<\/li>\n<li>Registration is free and will be formalized the same weekend, no prior registration is necessary.<\/li>\n<li>La participaci\u00f3n estar\u00e1 limitada a 600 ni\u00f1@s por riguroso orden de inscripci\u00f3n.<\/li>\n<li>Registration must be made by a responsible adult indicating to the volunteer staff name, surname and age of the participating child and signing a responsibility sheet that will be delivered to the organization, which will include permission to take pictures of the activity by the organization of the GTTAP.<\/li>\n<li>A cada participante se le entregar\u00e1, en el momento de formalizar la inscripci\u00f3n, el dorsal para participar en la prueba y los obsequios de los colaboradores. Al terminar la prueba todos los participantes tendr\u00e1n su medalla \u201cfinisher\u201d de esta s\u00e9ptima edici\u00f3n de Peque Aneto.<\/li>\n<li><strong>Categories\u00a0<\/strong>(per year completed on the day of the test):\n<ul>\n<li>Benjamines\u00a0\u2013de 3 a 6 a\u00f1os\u2013, recorrido de 150 m (de plaza Mayor a l\u00ednea de Meta del Gran Trail Aneto-Posets).<\/li>\n<li>Alevines\u00a0\u2013de 7 a 11 a\u00f1os\u2013, recorrido de 500 m (salida en Av. de los Tilos siguiendo por plaza Llausia, calle San Marcial, plaza del Ayuntamiento, calle del Horno, calle Mayor y l\u00ednea de Meta del Gran Trail Aneto-Posets).<\/li>\n<li>Infantiles\u00a0\u2013de 12 a 14 a\u00f1os\u2013 recorrido de 1 km (2 vueltas al mismo recorrido que los alevines).<\/li>\n<\/ul>\n<\/li>\n<\/ul>\n<p><strong>Schedule Program:<\/strong><\/p>\n<ul>\n<li>Friday, July 17:\n<ul>\n<li>De 11h a 23h: inscripciones y recogida de dorsales en el Pabell\u00f3n Polideportivo de Benasque<\/li>\n<\/ul>\n<\/li>\n<li>Saturday July 18:\n<ul>\n<li>De 8.30 h a 09.45 h: inscripciones y recogida de dorsales (siempre y cuando queden dorsales disponibles)en el Pabell\u00f3n Polideportivo de Benasque.<\/li>\n<li>10.00 h: salida de la categor\u00eda Infantil.<\/li>\n<li>10.25 h: salida de la categor\u00eda Alev\u00edn<\/li>\n<li>10.40 h: salida de la categor\u00eda Benjam\u00edn.<\/li>\n<\/ul>\n<\/li>\n<\/ul>\n\n\t\t<\/div>\n\t<\/div>\n<\/div><\/div><\/div><\/div><\/div><\/div><div class=\"vc_row wpb_row vc_row-fluid edgtf-section vc_custom_1578581001137 edgtf-content-aligment-left edgtf-grid-section\" style=\"\"><div class=\"clearfix edgtf-section-inner\"><div class=\"edgtf-section-inner-margin clearfix\"><div class=\"wpb_column vc_column_container vc_col-sm-12\"><div class=\"vc_column-inner\"><div class=\"wpb_wrapper\">\n\t<div class=\"wpb_text_column wpb_content_element  wpb_animate_when_almost_visible wpb_fadeIn fadeIn\" >\n\t\t<div class=\"wpb_wrapper\">\n\t\t\t<p style=\"text-align: left; color: black; font-size: 4.5em;\">&quot;enjoy <span style=\"color: #e96113;\">running<\/span>\u00a0<span style=\"font-size: 0.25em; color: #e96113;\">The little ones also run in the GTTAP<\/span><\/p>\n\n\t\t<\/div>\n\t<\/div>\n<\/div><\/div><\/div><\/div><\/div><\/div><div class=\"vc_row wpb_row vc_row-fluid edgtf-section edgtf-content-aligment-left\" style=\"\"><div class=\"clearfix edgtf-full-section-inner\"><div class=\"wpb_column vc_column_container vc_col-sm-12\"><div class=\"vc_column-inner vc_custom_1578582594142\"><div class=\"wpb_wrapper\"><div class=\"edgtf-image-gallery\">\n\t<div class=\"edgtf-image-gallery-grid edgtf-gallery-columns-5 edgtf-gallery-no-space edgtf-gallery-prettyphoto clearfix\" >\n\t\t\t\t\t<div class=\"edgtf-gallery-image\">\n\t\t\t\t\t\t\t\t\t<a href=\"https:\/\/trail-aneto.com\/wp-content\/uploads\/2020\/01\/DSC0698.jpg\" data-rel=\"prettyPhoto[single_pretty_photo]\" title=\"_DSC0698\">\n\t\t\t\t\t\t\t\t\t\t\t\t\t\t\t<img loading=\"lazy\" decoding=\"async\" width=\"956\" height=\"635\" src=\"https:\/\/trail-aneto.com\/wp-content\/uploads\/2020\/01\/DSC0698.jpg\" class=\"attachment-full size-full\" alt=\"\" srcset=\"https:\/\/trail-aneto.com\/wp-content\/uploads\/2020\/01\/DSC0698.jpg 956w, https:\/\/trail-aneto.com\/wp-content\/uploads\/2020\/01\/DSC0698-300x199.jpg 300w, https:\/\/trail-aneto.com\/wp-content\/uploads\/2020\/01\/DSC0698-768x510.jpg 768w\" sizes=\"auto, (max-width: 956px) 100vw, 956px\" \/>\t\t\t\t\t                                           <span class=\"edgtf-pp-icon icon_plus\"><\/span>\n                    \t\t\t\t\t\t\t\t\t\t\t<\/a>\n\t\t\t\t\t\t\t\t<\/div>\n\t\t\t\t\t<div class=\"edgtf-gallery-image\">\n\t\t\t\t\t\t\t\t\t<a href=\"https:\/\/trail-aneto.com\/wp-content\/uploads\/2020\/01\/DSC0781.jpg\" data-rel=\"prettyPhoto[single_pretty_photo]\" title=\"_DSC0781\">\n\t\t\t\t\t\t\t\t\t\t\t\t\t\t\t<img loading=\"lazy\" decoding=\"async\" width=\"956\" height=\"635\" src=\"https:\/\/trail-aneto.com\/wp-content\/uploads\/2020\/01\/DSC0781.jpg\" class=\"attachment-full size-full\" alt=\"\" srcset=\"https:\/\/trail-aneto.com\/wp-content\/uploads\/2020\/01\/DSC0781.jpg 956w, https:\/\/trail-aneto.com\/wp-content\/uploads\/2020\/01\/DSC0781-300x199.jpg 300w, https:\/\/trail-aneto.com\/wp-content\/uploads\/2020\/01\/DSC0781-768x510.jpg 768w\" sizes=\"auto, (max-width: 956px) 100vw, 956px\" \/>\t\t\t\t\t                                           <span class=\"edgtf-pp-icon icon_plus\"><\/span>\n                    \t\t\t\t\t\t\t\t\t\t\t<\/a>\n\t\t\t\t\t\t\t\t<\/div>\n\t\t\t\t\t<div class=\"edgtf-gallery-image\">\n\t\t\t\t\t\t\t\t\t<a href=\"https:\/\/trail-aneto.com\/wp-content\/uploads\/2020\/01\/DSC0790.jpg\" data-rel=\"prettyPhoto[single_pretty_photo]\" title=\"_DSC0790\">\n\t\t\t\t\t\t\t\t\t\t\t\t\t\t\t<img loading=\"lazy\" decoding=\"async\" width=\"956\" height=\"635\" src=\"https:\/\/trail-aneto.com\/wp-content\/uploads\/2020\/01\/DSC0790.jpg\" class=\"attachment-full size-full\" alt=\"\" srcset=\"https:\/\/trail-aneto.com\/wp-content\/uploads\/2020\/01\/DSC0790.jpg 956w, https:\/\/trail-aneto.com\/wp-content\/uploads\/2020\/01\/DSC0790-300x199.jpg 300w, https:\/\/trail-aneto.com\/wp-content\/uploads\/2020\/01\/DSC0790-768x510.jpg 768w\" sizes=\"auto, (max-width: 956px) 100vw, 956px\" \/>\t\t\t\t\t                                           <span class=\"edgtf-pp-icon icon_plus\"><\/span>\n                    \t\t\t\t\t\t\t\t\t\t\t<\/a>\n\t\t\t\t\t\t\t\t<\/div>\n\t\t\t\t\t<div class=\"edgtf-gallery-image\">\n\t\t\t\t\t\t\t\t\t<a href=\"https:\/\/trail-aneto.com\/wp-content\/uploads\/2020\/01\/MG_5781.jpg\" data-rel=\"prettyPhoto[single_pretty_photo]\" title=\"_MG_5781\">\n\t\t\t\t\t\t\t\t\t\t\t\t\t\t\t<img loading=\"lazy\" decoding=\"async\" width=\"956\" height=\"637\" src=\"https:\/\/trail-aneto.com\/wp-content\/uploads\/2020\/01\/MG_5781.jpg\" class=\"attachment-full size-full\" alt=\"\" srcset=\"https:\/\/trail-aneto.com\/wp-content\/uploads\/2020\/01\/MG_5781.jpg 956w, https:\/\/trail-aneto.com\/wp-content\/uploads\/2020\/01\/MG_5781-300x200.jpg 300w, https:\/\/trail-aneto.com\/wp-content\/uploads\/2020\/01\/MG_5781-768x512.jpg 768w\" sizes=\"auto, (max-width: 956px) 100vw, 956px\" \/>\t\t\t\t\t                                           <span class=\"edgtf-pp-icon icon_plus\"><\/span>\n                    \t\t\t\t\t\t\t\t\t\t\t<\/a>\n\t\t\t\t\t\t\t\t<\/div>\n\t\t\t\t\t<div class=\"edgtf-gallery-image\">\n\t\t\t\t\t\t\t\t\t<a href=\"https:\/\/trail-aneto.com\/wp-content\/uploads\/2020\/01\/MG_5784.jpg\" data-rel=\"prettyPhoto[single_pretty_photo]\" title=\"_MG_5784\">\n\t\t\t\t\t\t\t\t\t\t\t\t\t\t\t<img loading=\"lazy\" decoding=\"async\" width=\"956\" height=\"637\" src=\"https:\/\/trail-aneto.com\/wp-content\/uploads\/2020\/01\/MG_5784.jpg\" class=\"attachment-full size-full\" alt=\"\" srcset=\"https:\/\/trail-aneto.com\/wp-content\/uploads\/2020\/01\/MG_5784.jpg 956w, https:\/\/trail-aneto.com\/wp-content\/uploads\/2020\/01\/MG_5784-300x200.jpg 300w, https:\/\/trail-aneto.com\/wp-content\/uploads\/2020\/01\/MG_5784-768x512.jpg 768w\" sizes=\"auto, (max-width: 956px) 100vw, 956px\" \/>\t\t\t\t\t                                           <span class=\"edgtf-pp-icon icon_plus\"><\/span>\n                    \t\t\t\t\t\t\t\t\t\t\t<\/a>\n\t\t\t\t\t\t\t\t<\/div>\n\t\t\t\t\t<div class=\"edgtf-gallery-image\">\n\t\t\t\t\t\t\t\t\t<a href=\"https:\/\/trail-aneto.com\/wp-content\/uploads\/2020\/01\/GTAP-2019-JAVIER-BARAHONA-509.jpg\" data-rel=\"prettyPhoto[single_pretty_photo]\" title=\"test trail mountain great trail aneto posets 2019\">\n\t\t\t\t\t\t\t\t\t\t\t\t\t\t\t<img loading=\"lazy\" decoding=\"async\" width=\"956\" height=\"638\" src=\"https:\/\/trail-aneto.com\/wp-content\/uploads\/2020\/01\/GTAP-2019-JAVIER-BARAHONA-509.jpg\" class=\"attachment-full size-full\" alt=\"\" srcset=\"https:\/\/trail-aneto.com\/wp-content\/uploads\/2020\/01\/GTAP-2019-JAVIER-BARAHONA-509.jpg 956w, https:\/\/trail-aneto.com\/wp-content\/uploads\/2020\/01\/GTAP-2019-JAVIER-BARAHONA-509-300x200.jpg 300w, https:\/\/trail-aneto.com\/wp-content\/uploads\/2020\/01\/GTAP-2019-JAVIER-BARAHONA-509-768x513.jpg 768w\" sizes=\"auto, (max-width: 956px) 100vw, 956px\" \/>\t\t\t\t\t                                           <span class=\"edgtf-pp-icon icon_plus\"><\/span>\n                    \t\t\t\t\t\t\t\t\t\t\t<\/a>\n\t\t\t\t\t\t\t\t<\/div>\n\t\t\t\t\t<div class=\"edgtf-gallery-image\">\n\t\t\t\t\t\t\t\t\t<a href=\"https:\/\/trail-aneto.com\/wp-content\/uploads\/2020\/01\/Rafa-Romero-15.jpg\" data-rel=\"prettyPhoto[single_pretty_photo]\" title=\"Rafa Romero (15)\">\n\t\t\t\t\t\t\t\t\t\t\t\t\t\t\t<img loading=\"lazy\" decoding=\"async\" width=\"956\" height=\"637\" src=\"https:\/\/trail-aneto.com\/wp-content\/uploads\/2020\/01\/Rafa-Romero-15.jpg\" class=\"attachment-full size-full\" alt=\"\" srcset=\"https:\/\/trail-aneto.com\/wp-content\/uploads\/2020\/01\/Rafa-Romero-15.jpg 956w, https:\/\/trail-aneto.com\/wp-content\/uploads\/2020\/01\/Rafa-Romero-15-300x200.jpg 300w, https:\/\/trail-aneto.com\/wp-content\/uploads\/2020\/01\/Rafa-Romero-15-768x512.jpg 768w\" sizes=\"auto, (max-width: 956px) 100vw, 956px\" \/>\t\t\t\t\t                                           <span class=\"edgtf-pp-icon icon_plus\"><\/span>\n                    \t\t\t\t\t\t\t\t\t\t\t<\/a>\n\t\t\t\t\t\t\t\t<\/div>\n\t\t\t\t\t<div class=\"edgtf-gallery-image\">\n\t\t\t\t\t\t\t\t\t<a href=\"https:\/\/trail-aneto.com\/wp-content\/uploads\/2020\/01\/Rafa-Romero-19.jpg\" data-rel=\"prettyPhoto[single_pretty_photo]\" title=\"Rafa Romero (19)\">\n\t\t\t\t\t\t\t\t\t\t\t\t\t\t\t<img loading=\"lazy\" decoding=\"async\" width=\"956\" height=\"637\" src=\"https:\/\/trail-aneto.com\/wp-content\/uploads\/2020\/01\/Rafa-Romero-19.jpg\" class=\"attachment-full size-full\" alt=\"\" srcset=\"https:\/\/trail-aneto.com\/wp-content\/uploads\/2020\/01\/Rafa-Romero-19.jpg 956w, https:\/\/trail-aneto.com\/wp-content\/uploads\/2020\/01\/Rafa-Romero-19-300x200.jpg 300w, https:\/\/trail-aneto.com\/wp-content\/uploads\/2020\/01\/Rafa-Romero-19-768x512.jpg 768w\" sizes=\"auto, (max-width: 956px) 100vw, 956px\" \/>\t\t\t\t\t                                           <span class=\"edgtf-pp-icon icon_plus\"><\/span>\n                    \t\t\t\t\t\t\t\t\t\t\t<\/a>\n\t\t\t\t\t\t\t\t<\/div>\n\t\t\t\t\t<div class=\"edgtf-gallery-image\">\n\t\t\t\t\t\t\t\t\t<a href=\"https:\/\/trail-aneto.com\/wp-content\/uploads\/2020\/01\/Rafa-Romero-21.jpg\" data-rel=\"prettyPhoto[single_pretty_photo]\" title=\"Rafa Romero (21)\">\n\t\t\t\t\t\t\t\t\t\t\t\t\t\t\t<img loading=\"lazy\" decoding=\"async\" width=\"956\" height=\"637\" src=\"https:\/\/trail-aneto.com\/wp-content\/uploads\/2020\/01\/Rafa-Romero-21.jpg\" class=\"attachment-full size-full\" alt=\"\" srcset=\"https:\/\/trail-aneto.com\/wp-content\/uploads\/2020\/01\/Rafa-Romero-21.jpg 956w, https:\/\/trail-aneto.com\/wp-content\/uploads\/2020\/01\/Rafa-Romero-21-300x200.jpg 300w, https:\/\/trail-aneto.com\/wp-content\/uploads\/2020\/01\/Rafa-Romero-21-768x512.jpg 768w\" sizes=\"auto, (max-width: 956px) 100vw, 956px\" \/>\t\t\t\t\t                                           <span class=\"edgtf-pp-icon icon_plus\"><\/span>\n                    \t\t\t\t\t\t\t\t\t\t\t<\/a>\n\t\t\t\t\t\t\t\t<\/div>\n\t\t\t\t\t<div class=\"edgtf-gallery-image\">\n\t\t\t\t\t\t\t\t\t<a href=\"https:\/\/trail-aneto.com\/wp-content\/uploads\/2020\/01\/Rafa-Romero-28.jpg\" data-rel=\"prettyPhoto[single_pretty_photo]\" title=\"Rafa Romero (28)\">\n\t\t\t\t\t\t\t\t\t\t\t\t\t\t\t<img loading=\"lazy\" decoding=\"async\" width=\"956\" height=\"494\" src=\"https:\/\/trail-aneto.com\/wp-content\/uploads\/2020\/01\/Rafa-Romero-28.jpg\" class=\"attachment-full size-full\" alt=\"\" srcset=\"https:\/\/trail-aneto.com\/wp-content\/uploads\/2020\/01\/Rafa-Romero-28.jpg 956w, https:\/\/trail-aneto.com\/wp-content\/uploads\/2020\/01\/Rafa-Romero-28-300x155.jpg 300w, https:\/\/trail-aneto.com\/wp-content\/uploads\/2020\/01\/Rafa-Romero-28-768x397.jpg 768w\" sizes=\"auto, (max-width: 956px) 100vw, 956px\" \/>\t\t\t\t\t                                           <span class=\"edgtf-pp-icon icon_plus\"><\/span>\n                    \t\t\t\t\t\t\t\t\t\t\t<\/a>\n\t\t\t\t\t\t\t\t<\/div>\n\t\t\t<\/div>\n<\/div><\/div><\/div><\/div><\/div><\/div>\n<\/section>","protected":false},"excerpt":{"rendered":"Peque Aneto Un a\u00f1o m\u00e1s, la prueba \u201cPeque Aneto\u201d vuelve a formar parte del Gran Trail Trangoworld Aneto-Posets para que los m\u00e1s peque\u00f1os tambi\u00e9n puedan disfrutar de su carrera en Benasque. Con Peque Aneto, los m\u00e1s peque\u00f1os van a poder disfrutar igual o m\u00e1s que...","protected":false},"author":1,"featured_media":0,"parent":0,"menu_order":0,"comment_status":"closed","ping_status":"closed","template":"full-width.php","meta":{"footnotes":""},"class_list":["post-8448","page","type-page","status-publish","hentry"],"yoast_head":"<!-- This site is optimized with the Yoast SEO plugin v26.9 - https:\/\/yoast.com\/product\/yoast-seo-wordpress\/ -->\n<title>Peque Aneto - GTTAP<\/title>\n<meta name=\"robots\" content=\"index, follow, max-snippet:-1, max-image-preview:large, max-video-preview:-1\" \/>\n<link rel=\"canonical\" href=\"https:\/\/trail-aneto.com\/en\/peque-aneto\/\" \/>\n<meta property=\"og:locale\" content=\"en_GB\" \/>\n<meta property=\"og:type\" content=\"article\" \/>\n<meta property=\"og:title\" content=\"Peque Aneto - GTTAP\" \/>\n<meta property=\"og:url\" content=\"https:\/\/trail-aneto.com\/en\/peque-aneto\/\" \/>\n<meta property=\"og:site_name\" content=\"GTTAP\" \/>\n<meta property=\"article:publisher\" content=\"https:\/\/www.facebook.com\/GranTrailAnetoPosets\/\" \/>\n<meta property=\"article:modified_time\" content=\"2025-12-12T12:47:25+00:00\" \/>\n<meta name=\"twitter:card\" content=\"summary_large_image\" \/>\n<meta name=\"twitter:label1\" content=\"Estimated reading time\" \/>\n\t<meta name=\"twitter:data1\" content=\"4 minutes\" \/>\n<script type=\"application\/ld+json\" class=\"yoast-schema-graph\">{\"@context\":\"https:\/\/schema.org\",\"@graph\":[{\"@type\":\"WebPage\",\"@id\":\"https:\/\/trail-aneto.com\/peque-aneto\/\",\"url\":\"https:\/\/trail-aneto.com\/peque-aneto\/\",\"name\":\"Peque Aneto - GTTAP\",\"isPartOf\":{\"@id\":\"https:\/\/trail-aneto.com\/#website\"},\"datePublished\":\"2020-01-10T13:06:17+00:00\",\"dateModified\":\"2025-12-12T12:47:25+00:00\",\"breadcrumb\":{\"@id\":\"https:\/\/trail-aneto.com\/peque-aneto\/#breadcrumb\"},\"inLanguage\":\"en-GB\",\"potentialAction\":[{\"@type\":\"ReadAction\",\"target\":[\"https:\/\/trail-aneto.com\/peque-aneto\/\"]}]},{\"@type\":\"BreadcrumbList\",\"@id\":\"https:\/\/trail-aneto.com\/peque-aneto\/#breadcrumb\",\"itemListElement\":[{\"@type\":\"ListItem\",\"position\":1,\"name\":\"Portada\",\"item\":\"https:\/\/trail-aneto.com\/\"},{\"@type\":\"ListItem\",\"position\":2,\"name\":\"Peque Aneto\"}]},{\"@type\":\"WebSite\",\"@id\":\"https:\/\/trail-aneto.com\/#website\",\"url\":\"https:\/\/trail-aneto.com\/\",\"name\":\"GTTAP\",\"description\":\"Un Pirineo Extremo - Un Recorrido Infinito\",\"publisher\":{\"@id\":\"https:\/\/trail-aneto.com\/#organization\"},\"potentialAction\":[{\"@type\":\"SearchAction\",\"target\":{\"@type\":\"EntryPoint\",\"urlTemplate\":\"https:\/\/trail-aneto.com\/?s={search_term_string}\"},\"query-input\":{\"@type\":\"PropertyValueSpecification\",\"valueRequired\":true,\"valueName\":\"search_term_string\"}}],\"inLanguage\":\"en-GB\"},{\"@type\":\"Organization\",\"@id\":\"https:\/\/trail-aneto.com\/#organization\",\"name\":\"Gran Trail Trangoworld Aneto-Posets\",\"url\":\"https:\/\/trail-aneto.com\/\",\"logo\":{\"@type\":\"ImageObject\",\"inLanguage\":\"en-GB\",\"@id\":\"https:\/\/trail-aneto.com\/#\/schema\/logo\/image\/\",\"url\":\"https:\/\/trail-aneto.com\/wp-content\/uploads\/2020\/01\/GTTAP-logo.png\",\"contentUrl\":\"https:\/\/trail-aneto.com\/wp-content\/uploads\/2020\/01\/GTTAP-logo.png\",\"width\":253,\"height\":253,\"caption\":\"Gran Trail Trangoworld Aneto-Posets\"},\"image\":{\"@id\":\"https:\/\/trail-aneto.com\/#\/schema\/logo\/image\/\"},\"sameAs\":[\"https:\/\/www.facebook.com\/GranTrailAnetoPosets\/\",\"https:\/\/www.instagram.com\/grantrailaneto\/?hl=es\"]}]}<\/script>\n<!-- \/ Yoast SEO plugin. -->","yoast_head_json":{"title":"Peque Aneto - GTTAP","robots":{"index":"index","follow":"follow","max-snippet":"max-snippet:-1","max-image-preview":"max-image-preview:large","max-video-preview":"max-video-preview:-1"},"canonical":"https:\/\/trail-aneto.com\/en\/peque-aneto\/","og_locale":"en_GB","og_type":"article","og_title":"Peque Aneto - GTTAP","og_url":"https:\/\/trail-aneto.com\/en\/peque-aneto\/","og_site_name":"GTTAP","article_publisher":"https:\/\/www.facebook.com\/GranTrailAnetoPosets\/","article_modified_time":"2025-12-12T12:47:25+00:00","twitter_card":"summary_large_image","twitter_misc":{"Estimated reading time":"4 minutes"},"schema":{"@context":"https:\/\/schema.org","@graph":[{"@type":"WebPage","@id":"https:\/\/trail-aneto.com\/peque-aneto\/","url":"https:\/\/trail-aneto.com\/peque-aneto\/","name":"Peque Aneto - GTTAP","isPartOf":{"@id":"https:\/\/trail-aneto.com\/#website"},"datePublished":"2020-01-10T13:06:17+00:00","dateModified":"2025-12-12T12:47:25+00:00","breadcrumb":{"@id":"https:\/\/trail-aneto.com\/peque-aneto\/#breadcrumb"},"inLanguage":"en-GB","potentialAction":[{"@type":"ReadAction","target":["https:\/\/trail-aneto.com\/peque-aneto\/"]}]},{"@type":"BreadcrumbList","@id":"https:\/\/trail-aneto.com\/peque-aneto\/#breadcrumb","itemListElement":[{"@type":"ListItem","position":1,"name":"Portada","item":"https:\/\/trail-aneto.com\/"},{"@type":"ListItem","position":2,"name":"Peque Aneto"}]},{"@type":"WebSite","@id":"https:\/\/trail-aneto.com\/#website","url":"https:\/\/trail-aneto.com\/","name":"GTTAP","description":"An Extreme Pyrenees - An Infinite Tour","publisher":{"@id":"https:\/\/trail-aneto.com\/#organization"},"potentialAction":[{"@type":"SearchAction","target":{"@type":"EntryPoint","urlTemplate":"https:\/\/trail-aneto.com\/?s={search_term_string}"},"query-input":{"@type":"PropertyValueSpecification","valueRequired":true,"valueName":"search_term_string"}}],"inLanguage":"en-GB"},{"@type":"Organization","@id":"https:\/\/trail-aneto.com\/#organization","name":"Great Trangoworld Aneto-Posets Trail","url":"https:\/\/trail-aneto.com\/","logo":{"@type":"ImageObject","inLanguage":"en-GB","@id":"https:\/\/trail-aneto.com\/#\/schema\/logo\/image\/","url":"https:\/\/trail-aneto.com\/wp-content\/uploads\/2020\/01\/GTTAP-logo.png","contentUrl":"https:\/\/trail-aneto.com\/wp-content\/uploads\/2020\/01\/GTTAP-logo.png","width":253,"height":253,"caption":"Gran Trail Trangoworld Aneto-Posets"},"image":{"@id":"https:\/\/trail-aneto.com\/#\/schema\/logo\/image\/"},"sameAs":["https:\/\/www.facebook.com\/GranTrailAnetoPosets\/","https:\/\/www.instagram.com\/grantrailaneto\/?hl=es"]}]}},"_links":{"self":[{"href":"https:\/\/trail-aneto.com\/en\/wp-json\/wp\/v2\/pages\/8448","targetHints":{"allow":["GET"]}}],"collection":[{"href":"https:\/\/trail-aneto.com\/en\/wp-json\/wp\/v2\/pages"}],"about":[{"href":"https:\/\/trail-aneto.com\/en\/wp-json\/wp\/v2\/types\/page"}],"author":[{"embeddable":true,"href":"https:\/\/trail-aneto.com\/en\/wp-json\/wp\/v2\/users\/1"}],"replies":[{"embeddable":true,"href":"https:\/\/trail-aneto.com\/en\/wp-json\/wp\/v2\/comments?post=8448"}],"version-history":[{"count":11,"href":"https:\/\/trail-aneto.com\/en\/wp-json\/wp\/v2\/pages\/8448\/revisions"}],"predecessor-version":[{"id":11037,"href":"https:\/\/trail-aneto.com\/en\/wp-json\/wp\/v2\/pages\/8448\/revisions\/11037"}],"wp:attachment":[{"href":"https:\/\/trail-aneto.com\/en\/wp-json\/wp\/v2\/media?parent=8448"}],"curies":[{"name":"wp","href":"https:\/\/api.w.org\/{rel}","templated":true}]}}