{"id":8669,"date":"2020-01-15T11:32:28","date_gmt":"2020-01-15T10:32:28","guid":{"rendered":"https:\/\/trail-aneto.com\/?page_id=8669"},"modified":"2020-10-20T08:29:10","modified_gmt":"2020-10-20T06:29:10","slug":"precios","status":"publish","type":"page","link":"https:\/\/trail-aneto.com\/en\/precios\/","title":{"rendered":"Precios"},"content":{"rendered":"<section class=\"wpb-content-wrapper\"><div class=\"vc_row wpb_row vc_row-fluid edgtf-section edgtf-content-aligment-left edgtf-grid-section\" style=\"\"><div class=\"clearfix edgtf-section-inner\"><div class=\"edgtf-section-inner-margin clearfix\"><div class=\"wpb_column vc_column_container vc_col-sm-12\"><div class=\"vc_column-inner\"><div class=\"wpb_wrapper\">\n\t<div class=\"wpb_text_column wpb_content_element\" >\n\t\t<div class=\"wpb_wrapper\">\n\t\t\t<p><strong>Precios Gran Trail Trangoworld Aneto-Posets 2020<\/strong><\/p>\n<p><strong><span style=\"color: #ff6600;\">Great Trail Aneto-Posets<\/span><\/strong><br \/>\n(350 plazas)<br \/>\n<strong>100 \u20ac<\/strong><\/p>\n<p><strong><span style=\"color: #ff6600;\">Return to Aneto<\/span><\/strong><br \/>\n(850 plazas)<br \/>\n<strong>75 \u20ac<\/strong><\/p>\n<p><strong><span style=\"color: #ff6600;\">Marathon of the Tucas<\/span><\/strong><br \/>\n(1100 plazas)<br \/>\n<strong>60 \u20ac<\/strong><\/p>\n<p><strong><span style=\"color: #ff6600;\">Tour of Cerler Peak<\/span><\/strong><br \/>\n(1050 plazas)<br \/>\n<strong>37 \u20ac<\/strong><\/p>\n<p><strong><span style=\"color: #ff6600;\">Tour of the Cerler Mill<\/span><\/strong><br \/>\n(400 plazas)<br \/>\n<strong>25 \u20ac<\/strong><\/p>\n<p>La Organizaci\u00f3n se reserva el derecho de aumentar el n\u00famero de plazas<\/p>\n<p><strong>Suplemento<\/strong><\/p>\n<ul>\n<li>All those participants who do not have any federation card that covers the practice of Mountain Racing in <strong>Spain <\/strong>(type FEDME, AE Trail, Caving ... -<strong>Autonomous licenses that do not cover Aragon do not work<\/strong>-), must pay a supplement of <strong>6 \u20ac<\/strong> to process a day license.<\/li>\n<li>To unsubscribe, there will be a <strong>withdrawal form<\/strong> available to the broker on the event website.<\/li>\n<\/ul>\n<p>&nbsp;<\/p>\n<p><strong>Seguro de Anulaci\u00f3n de Inscripci\u00f3n:<\/strong><\/p>\n<ul>\n<li>La organizaci\u00f3n pondr\u00e1 a disposici\u00f3n de los corredores inscritos un seguro de anulaci\u00f3n con un coste de <strong>6 \u20ac <\/strong>which allows to recover 100 % of the registration until <strong>MONDAY before the test, July 13<\/strong>. This insurance can only be requested at the time of registration.<\/li>\n<li>For those brokers who do not contract the Cancellation Insurance, a part of the registration fee will be returned based on the following table:<\/li>\n<\/ul>\n<table>\n<tbody>\n<tr>\n<td width=\"187\"><strong>CAREER<\/strong><\/td>\n<td width=\"132\"><strong>20\/10 al 31\/03<\/strong><\/td>\n<td width=\"132\"><strong>04\/01 to 05\/15<\/strong><\/td>\n<td width=\"125\"><strong>05\/16 to 06\/15<\/strong><\/td>\n<\/tr>\n<tr>\n<td width=\"187\"><strong>Great Trail Aneto-Posets<\/strong><\/td>\n<td width=\"132\">55 \u20ac<\/td>\n<td width=\"132\">35 \u20ac<\/td>\n<td width=\"125\">25 \u20ac<\/td>\n<\/tr>\n<tr>\n<td width=\"187\"><strong>Return to Aneto<\/strong><\/td>\n<td width=\"132\">40 \u20ac<\/td>\n<td width=\"132\">25 \u20ac<\/td>\n<td width=\"125\">20 \u20ac<\/td>\n<\/tr>\n<tr>\n<td width=\"187\"><strong>Marathon of the Tucas<\/strong><\/td>\n<td width=\"132\">30 \u20ac<\/td>\n<td width=\"132\">20 \u20ac<\/td>\n<td width=\"125\">15 \u20ac<\/td>\n<\/tr>\n<tr>\n<td width=\"187\"><strong>Tour of Cerler Peak<\/strong><\/td>\n<td width=\"132\">20 \u20ac<\/td>\n<td width=\"132\">15 \u20ac<\/td>\n<td width=\"125\">10 \u20ac<\/td>\n<\/tr>\n<tr>\n<td width=\"187\"><strong>Return to the Cerler Mill<\/strong><\/td>\n<td width=\"132\">15 \u20ac<\/td>\n<td width=\"132\">10 \u20ac<\/td>\n<td width=\"125\">5 \u20ac<\/td>\n<\/tr>\n<\/tbody>\n<\/table>\n<p>&nbsp;<\/p>\n<p>\u2022 En caso de estar inscrito en una prueba y querer cambiarse a otra, el corredor deber\u00e1 realizar una nueva inscripci\u00f3n y<br \/>\ncomunicar su baja en la otra prueba a trav\u00e9s del formulario de bajas disponible en la p\u00e1gina web.<br \/>\n\u2022 Solamente se aceptar\u00e1n cambios de nombre en una inscripci\u00f3n en el caso de que haya plazas disponibles en esa<br \/>\nprueba, siempre y cuando las condiciones de inscripci\u00f3n (federado o no, seguro de anulaci\u00f3n\u2026) sean las mismas.<br \/>\n\u2022 En el momento en que se cubra la totalidad de las plazas ofertadas no se abrir\u00e1n listas de espera en ninguna de las<br \/>\npruebas. Por tanto, las inscripciones se gestionan con overbooking, es decir, en el momento de la inscripci\u00f3n se admitir\u00e1n<br \/>\nm\u00e1s corredores que plazas disponibles, de forma que se anticipan las anulaciones con la experiencia de a\u00f1os anteriores.<br \/>\n\u2022 La organizaci\u00f3n se reserva en todo momento el derecho de admisi\u00f3n, aquellas personas que intenten participar con<br \/>\nel dorsal de otra persona no podr\u00e1n tomar la salida. En caso de que alguna persona lo haga y sea detectado por la<br \/>\norganizaci\u00f3n durante o tras la prueba ser\u00e1 autom\u00e1ticamente descalificado y la organizaci\u00f3n se reserva el derecho a no<br \/>\ndejarle participar en posteriores ediciones de este evento.<br \/>\n\u2022 Para darse de baja, existir\u00e1 un <strong>withdrawal form<\/strong> available to the broker on the event website.<\/p>\n\n\t\t<\/div>\n\t<\/div>\n<\/div><\/div><\/div><\/div><\/div><\/div>\n<\/section>","protected":false},"excerpt":{"rendered":"Precios Gran Trail Trangoworld Aneto-Posets 2020 Gran Trail Aneto-Posets (350 plazas) 100 \u20ac Vuelta al Aneto (850 plazas) 75 \u20ac Marat\u00f3n de las Tucas (1100 plazas) 60 \u20ac Vuelta al Pico Cerler (1050 plazas) 37 \u20ac Vuelta al Molino de Cerler (400 plazas) 25 \u20ac...","protected":false},"author":1,"featured_media":0,"parent":0,"menu_order":0,"comment_status":"closed","ping_status":"closed","template":"full-width.php","meta":{"footnotes":""},"class_list":["post-8669","page","type-page","status-publish","hentry"],"yoast_head":"<!-- This site is optimized with the Yoast SEO plugin v27.4 - https:\/\/yoast.com\/product\/yoast-seo-wordpress\/ -->\n<title>Precios - GTTAP<\/title>\n<meta name=\"robots\" content=\"index, follow, max-snippet:-1, max-image-preview:large, max-video-preview:-1\" \/>\n<link rel=\"canonical\" href=\"https:\/\/trail-aneto.com\/en\/precios\/\" \/>\n<meta property=\"og:locale\" content=\"en_GB\" \/>\n<meta property=\"og:type\" content=\"article\" \/>\n<meta property=\"og:title\" content=\"Precios - GTTAP\" \/>\n<meta property=\"og:url\" content=\"https:\/\/trail-aneto.com\/en\/precios\/\" \/>\n<meta property=\"og:site_name\" content=\"GTTAP\" \/>\n<meta property=\"article:publisher\" content=\"https:\/\/www.facebook.com\/GranTrailAnetoPosets\/\" \/>\n<meta property=\"article:modified_time\" content=\"2020-10-20T06:29:10+00:00\" \/>\n<meta name=\"twitter:card\" content=\"summary_large_image\" \/>\n<meta name=\"twitter:label1\" content=\"Estimated reading time\" \/>\n\t<meta name=\"twitter:data1\" content=\"2 minutes\" \/>\n<script type=\"application\/ld+json\" class=\"yoast-schema-graph\">{\"@context\":\"https:\\\/\\\/schema.org\",\"@graph\":[{\"@type\":\"WebPage\",\"@id\":\"https:\\\/\\\/trail-aneto.com\\\/precios\\\/\",\"url\":\"https:\\\/\\\/trail-aneto.com\\\/precios\\\/\",\"name\":\"Precios - GTTAP\",\"isPartOf\":{\"@id\":\"https:\\\/\\\/trail-aneto.com\\\/#website\"},\"datePublished\":\"2020-01-15T10:32:28+00:00\",\"dateModified\":\"2020-10-20T06:29:10+00:00\",\"breadcrumb\":{\"@id\":\"https:\\\/\\\/trail-aneto.com\\\/precios\\\/#breadcrumb\"},\"inLanguage\":\"en-GB\",\"potentialAction\":[{\"@type\":\"ReadAction\",\"target\":[\"https:\\\/\\\/trail-aneto.com\\\/precios\\\/\"]}]},{\"@type\":\"BreadcrumbList\",\"@id\":\"https:\\\/\\\/trail-aneto.com\\\/precios\\\/#breadcrumb\",\"itemListElement\":[{\"@type\":\"ListItem\",\"position\":1,\"name\":\"Portada\",\"item\":\"https:\\\/\\\/trail-aneto.com\\\/\"},{\"@type\":\"ListItem\",\"position\":2,\"name\":\"Precios\"}]},{\"@type\":\"WebSite\",\"@id\":\"https:\\\/\\\/trail-aneto.com\\\/#website\",\"url\":\"https:\\\/\\\/trail-aneto.com\\\/\",\"name\":\"GTTAP\",\"description\":\"Un Pirineo Extremo - Un Recorrido Infinito\",\"publisher\":{\"@id\":\"https:\\\/\\\/trail-aneto.com\\\/#organization\"},\"potentialAction\":[{\"@type\":\"SearchAction\",\"target\":{\"@type\":\"EntryPoint\",\"urlTemplate\":\"https:\\\/\\\/trail-aneto.com\\\/?s={search_term_string}\"},\"query-input\":{\"@type\":\"PropertyValueSpecification\",\"valueRequired\":true,\"valueName\":\"search_term_string\"}}],\"inLanguage\":\"en-GB\"},{\"@type\":\"Organization\",\"@id\":\"https:\\\/\\\/trail-aneto.com\\\/#organization\",\"name\":\"Gran Trail Trangoworld Aneto-Posets\",\"url\":\"https:\\\/\\\/trail-aneto.com\\\/\",\"logo\":{\"@type\":\"ImageObject\",\"inLanguage\":\"en-GB\",\"@id\":\"https:\\\/\\\/trail-aneto.com\\\/#\\\/schema\\\/logo\\\/image\\\/\",\"url\":\"https:\\\/\\\/trail-aneto.com\\\/wp-content\\\/uploads\\\/2020\\\/01\\\/GTTAP-logo.png\",\"contentUrl\":\"https:\\\/\\\/trail-aneto.com\\\/wp-content\\\/uploads\\\/2020\\\/01\\\/GTTAP-logo.png\",\"width\":253,\"height\":253,\"caption\":\"Gran Trail Trangoworld Aneto-Posets\"},\"image\":{\"@id\":\"https:\\\/\\\/trail-aneto.com\\\/#\\\/schema\\\/logo\\\/image\\\/\"},\"sameAs\":[\"https:\\\/\\\/www.facebook.com\\\/GranTrailAnetoPosets\\\/\",\"https:\\\/\\\/www.instagram.com\\\/grantrailaneto\\\/?hl=es\"]}]}<\/script>\n<!-- \/ Yoast SEO plugin. -->","yoast_head_json":{"title":"Precios - GTTAP","robots":{"index":"index","follow":"follow","max-snippet":"max-snippet:-1","max-image-preview":"max-image-preview:large","max-video-preview":"max-video-preview:-1"},"canonical":"https:\/\/trail-aneto.com\/en\/precios\/","og_locale":"en_GB","og_type":"article","og_title":"Precios - GTTAP","og_url":"https:\/\/trail-aneto.com\/en\/precios\/","og_site_name":"GTTAP","article_publisher":"https:\/\/www.facebook.com\/GranTrailAnetoPosets\/","article_modified_time":"2020-10-20T06:29:10+00:00","twitter_card":"summary_large_image","twitter_misc":{"Estimated reading time":"2 minutes"},"schema":{"@context":"https:\/\/schema.org","@graph":[{"@type":"WebPage","@id":"https:\/\/trail-aneto.com\/precios\/","url":"https:\/\/trail-aneto.com\/precios\/","name":"Precios - GTTAP","isPartOf":{"@id":"https:\/\/trail-aneto.com\/#website"},"datePublished":"2020-01-15T10:32:28+00:00","dateModified":"2020-10-20T06:29:10+00:00","breadcrumb":{"@id":"https:\/\/trail-aneto.com\/precios\/#breadcrumb"},"inLanguage":"en-GB","potentialAction":[{"@type":"ReadAction","target":["https:\/\/trail-aneto.com\/precios\/"]}]},{"@type":"BreadcrumbList","@id":"https:\/\/trail-aneto.com\/precios\/#breadcrumb","itemListElement":[{"@type":"ListItem","position":1,"name":"Portada","item":"https:\/\/trail-aneto.com\/"},{"@type":"ListItem","position":2,"name":"Precios"}]},{"@type":"WebSite","@id":"https:\/\/trail-aneto.com\/#website","url":"https:\/\/trail-aneto.com\/","name":"GTTAP","description":"An Extreme Pyrenees - An Infinite Tour","publisher":{"@id":"https:\/\/trail-aneto.com\/#organization"},"potentialAction":[{"@type":"SearchAction","target":{"@type":"EntryPoint","urlTemplate":"https:\/\/trail-aneto.com\/?s={search_term_string}"},"query-input":{"@type":"PropertyValueSpecification","valueRequired":true,"valueName":"search_term_string"}}],"inLanguage":"en-GB"},{"@type":"Organization","@id":"https:\/\/trail-aneto.com\/#organization","name":"Great Trangoworld Aneto-Posets Trail","url":"https:\/\/trail-aneto.com\/","logo":{"@type":"ImageObject","inLanguage":"en-GB","@id":"https:\/\/trail-aneto.com\/#\/schema\/logo\/image\/","url":"https:\/\/trail-aneto.com\/wp-content\/uploads\/2020\/01\/GTTAP-logo.png","contentUrl":"https:\/\/trail-aneto.com\/wp-content\/uploads\/2020\/01\/GTTAP-logo.png","width":253,"height":253,"caption":"Gran Trail Trangoworld Aneto-Posets"},"image":{"@id":"https:\/\/trail-aneto.com\/#\/schema\/logo\/image\/"},"sameAs":["https:\/\/www.facebook.com\/GranTrailAnetoPosets\/","https:\/\/www.instagram.com\/grantrailaneto\/?hl=es"]}]}},"_links":{"self":[{"href":"https:\/\/trail-aneto.com\/en\/wp-json\/wp\/v2\/pages\/8669","targetHints":{"allow":["GET"]}}],"collection":[{"href":"https:\/\/trail-aneto.com\/en\/wp-json\/wp\/v2\/pages"}],"about":[{"href":"https:\/\/trail-aneto.com\/en\/wp-json\/wp\/v2\/types\/page"}],"author":[{"embeddable":true,"href":"https:\/\/trail-aneto.com\/en\/wp-json\/wp\/v2\/users\/1"}],"replies":[{"embeddable":true,"href":"https:\/\/trail-aneto.com\/en\/wp-json\/wp\/v2\/comments?post=8669"}],"version-history":[{"count":4,"href":"https:\/\/trail-aneto.com\/en\/wp-json\/wp\/v2\/pages\/8669\/revisions"}],"predecessor-version":[{"id":9330,"href":"https:\/\/trail-aneto.com\/en\/wp-json\/wp\/v2\/pages\/8669\/revisions\/9330"}],"wp:attachment":[{"href":"https:\/\/trail-aneto.com\/en\/wp-json\/wp\/v2\/media?parent=8669"}],"curies":[{"name":"wp","href":"https:\/\/api.w.org\/{rel}","templated":true}]}}