{"id":8313,"date":"2020-01-08T17:33:07","date_gmt":"2020-01-08T16:33:07","guid":{"rendered":"https:\/\/trail-aneto.com\/?page_id=8313"},"modified":"2026-01-28T12:26:10","modified_gmt":"2026-01-28T11:26:10","slug":"vuelta-al-aneto","status":"publish","type":"page","link":"https:\/\/trail-aneto.com\/fr\/vuelta-al-aneto\/","title":{"rendered":"Retour \u00e0 Aneto"},"content":{"rendered":"<section class=\"wpb-content-wrapper\"><div class=\"vc_row wpb_row vc_row-fluid edgtf-section vc_custom_1578581721661 edgtf-content-aligment-left edgtf-grid-section\" style=\"\"><div class=\"clearfix edgtf-section-inner\"><div class=\"edgtf-section-inner-margin clearfix\"><div class=\"wpb_column vc_column_container vc_col-sm-1\"><div class=\"vc_column-inner\"><div class=\"wpb_wrapper\">\n\t<div  class=\"wpb_single_image wpb_content_element vc_align_left  wpb_animate_when_almost_visible wpb_fadeIn fadeIn vc_custom_1578588016752\">\n\t\t\n\t\t<figure class=\"wpb_wrapper vc_figure\">\n\t\t\t<div class=\"vc_single_image-wrapper   vc_box_border_grey\"><img loading=\"lazy\" decoding=\"async\" width=\"50\" height=\"118\" src=\"https:\/\/trail-aneto.com\/wp-content\/uploads\/2020\/01\/Vuelta_corredor@2x-e1578587939861.png\" class=\"vc_single_image-img attachment-full\" alt=\"\" title=\"Vuelta_corredor@2x\" \/><\/div>\n\t\t<\/figure>\n\t<\/div>\n<\/div><\/div><\/div><div class=\"wpb_column vc_column_container vc_col-sm-8\"><div class=\"vc_column-inner\"><div class=\"wpb_wrapper\">\n\t<div class=\"wpb_text_column wpb_content_element  vc_custom_1579540365370\" >\n\t\t<div class=\"wpb_wrapper\">\n\t\t\t<h6>27,5 km de parcours au-dessus de 2000 m<br \/>\n8,8 km de piste \/ 24,2 km de piste \/ 15,9 km hors route<\/h6>\n<p>&nbsp;<\/p>\n<h4><strong>Retour \u00e0 Aneto<\/strong><\/h4>\n\n\t\t<\/div>\n\t<\/div>\n\n\t<div class=\"wpb_text_column wpb_content_element  vc_custom_1579540516652\" >\n\t\t<div class=\"wpb_wrapper\">\n\t\t\t<p>La Vuelta al Aneto traverse tous les types de terrains, des pistes et des chemins aux chambres et aux blocs de chaos qui entourent le massif de la Maladeta, couronn\u00e9 par le sommet d&#039;Aneto (3 404 m). Ce grand tour commence dans la ville de Benasque, d&#039;o\u00f9 il va au refuge de La Renclusa. Apr\u00e8s avoir visit\u00e9 l&#039;impressionnant Forau d&#039;Aigualluts, il traverse la vall\u00e9e de Barrancs et traverse des collines de haute altitude, comme Salenques (2 808 m), traverse les abris Cap de Llauset et Coronas, la Tuca d&#039;Estiba Freda (2 691 m) et la Sierra Negra pour revenir \u00e0 Benasque, apr\u00e8s avoir circul\u00e9 entre des ib\u00e8res sans fin et d&#039;autres paysages des hautes montagnes pyr\u00e9n\u00e9ennes.<\/p>\n<p>L&#039;inscription pour la cat\u00e9gorie d&#039;\u00e9quipes aura lieu en juillet, quelques jours avant le test et les \u00e9quipes doivent \u00eatre compos\u00e9es de 2-3 personnes d\u00e9j\u00e0 inscrites individuellement pour le test.<\/p>\n\n\t\t<\/div>\n\t<\/div>\n<\/div><\/div><\/div><div class=\"wpb_column vc_column_container vc_col-sm-3\"><div class=\"vc_column-inner\"><div class=\"wpb_wrapper\">\n\t<div class=\"wpb_text_column wpb_content_element\" >\n\t\t<div class=\"wpb_wrapper\">\n\t\t\t<p><span style=\"color: #339966;\"><strong>INFORMATIONS<\/strong><\/span><\/p>\n<p><strong>Les cat\u00e9gories<\/strong><br \/>\nM\u00e2le et femelle absolus<br \/>\nV\u00e9t\u00e9ran A m\u00e2le et femelle<br \/>\nV\u00e9t\u00e9ran B m\u00e2le et femelle<br \/>\nVeterana C masculina y femenina<\/p>\n<p><strong>Limite d&#039;inscription<\/strong><br \/>\n850 participants<\/p>\n\n\t\t<\/div>\n\t<\/div>\n<div class=\"vc_empty_space\"   style=\"height: 40px\"><span class=\"vc_empty_space_inner\"><\/span><\/div><\/div><\/div><\/div><\/div><\/div><\/div><div class=\"vc_row wpb_row vc_row-fluid edgtf-section vc_custom_1578580704559 edgtf-content-aligment-left edgtf-grid-section\" style=\"\"><div class=\"clearfix edgtf-section-inner\"><div class=\"edgtf-section-inner-margin clearfix\"><div class=\"wpb_column vc_column_container vc_col-sm-1\/5 vc_col-lg-1\/5\"><div class=\"vc_column-inner vc_custom_1578580285162\"><div class=\"wpb_wrapper\"><a href=\"https:\/\/trail-aneto.com\/fr\/programa-va\/\" target=\"_self\"  class=\"edgtf-btn edgtf-btn-small edgtf-btn-transparent\"  >\n\t\t\t<span class=\"edgtf-btn-text\">PROGRAMME<\/span>\n\t    <\/a><\/div><\/div><\/div><div class=\"wpb_column vc_column_container vc_col-sm-1\/5\"><div class=\"vc_column-inner vc_custom_1578580300344\"><div class=\"wpb_wrapper\"><a href=\"https:\/\/trail-aneto.com\/fr\/listado-inscritos-va\/\" target=\"_self\"  class=\"edgtf-btn edgtf-btn-small edgtf-btn-transparent\"  >\n\t\t\t<span class=\"edgtf-btn-text\">INSCRIT<\/span>\n\t    <\/a><\/div><\/div><\/div><div class=\"wpb_column vc_column_container vc_col-sm-1\/5\"><div class=\"vc_column-inner vc_custom_1578580311155\"><div class=\"wpb_wrapper\"><a href=\"https:\/\/trail-aneto.com\/wp-content\/uploads\/2020\/01\/mapavueltaaneto-scaled.jpg\" target=\"_blank\"  class=\"edgtf-btn edgtf-btn-small edgtf-btn-transparent fancyboxModal\"  >\n\t\t\t<span class=\"edgtf-btn-text\">CARTE<\/span>\n\t    <\/a><\/div><\/div><\/div><div class=\"wpb_column vc_column_container vc_col-sm-1\/5\"><div class=\"vc_column-inner vc_custom_1578580321427\"><div class=\"wpb_wrapper\"><a href=\"\/tracks\/VUELTA_AL_ANETO_WEB.GPX\" target=\"_self\"  class=\"edgtf-btn edgtf-btn-small edgtf-btn-transparent\"  >\n\t\t\t<span class=\"edgtf-btn-text\">TRACK<\/span>\n\t    <\/a><\/div><\/div><\/div><div class=\"wpb_column vc_column_container vc_col-sm-1\/5\"><div class=\"vc_column-inner\"><div class=\"wpb_wrapper\"><a href=\"https:\/\/trail-aneto.com\/wp-content\/uploads\/2026\/01\/Tabla-de-recorridos-Vuelta-al-Aneto.pdf\" target=\"_blank\"  class=\"edgtf-btn edgtf-btn-small edgtf-btn-transparent\"  >\n\t\t\t<span class=\"edgtf-btn-text\">VOYAGE<\/span>\n\t    <\/a><\/div><\/div><\/div><\/div><\/div><\/div><div class=\"vc_row wpb_row vc_row-fluid edgtf-section vc_custom_1578581001137 edgtf-content-aligment-left edgtf-grid-section\" style=\"\"><div class=\"clearfix edgtf-section-inner\"><div class=\"edgtf-section-inner-margin clearfix\"><div class=\"wpb_column vc_column_container vc_col-sm-12\"><div class=\"vc_column-inner\"><div class=\"wpb_wrapper\">\n\t<div class=\"wpb_text_column wpb_content_element  wpb_animate_when_almost_visible wpb_fadeIn fadeIn\" >\n\t\t<div class=\"wpb_wrapper\">\n\t\t\t<p style=\"text-align: left; color: black; font-size: 4.5em;\">\u00abLa haute montagne <span style=\"color: #e96113;\">Pyr\u00e9n\u00e9enne<\/span> <span style=\"font-size: 0.25em; color: #e96113;\">L&#039;origine du GTTAP<\/span><\/p>\n\n\t\t<\/div>\n\t<\/div>\n<\/div><\/div><\/div><\/div><\/div><\/div><div data-edgtf-parallax-speed=\"1\" class=\"vc_row wpb_row vc_row-fluid edgtf-section edgtf-content-aligment-left edgtf-parallax-section-holder edgtf-parallax-section-holder-touch-disabled\" style=\"min-height:400px;height:auto;\"><div class=\"clearfix edgtf-full-section-inner\"><div class=\"wpb_column vc_column_container vc_col-sm-12\"><div class=\"vc_column-inner\"><div class=\"wpb_wrapper\">\n\t<div  class=\"wpb_single_image wpb_content_element vc_align_center  wpb_animate_when_almost_visible wpb_fadeIn fadeIn\">\n\t\t\n\t\t<figure class=\"wpb_wrapper vc_figure\">\n\t\t\t<div class=\"vc_single_image-wrapper   vc_box_border_grey\"><img loading=\"lazy\" decoding=\"async\" width=\"2048\" height=\"960\" src=\"https:\/\/trail-aneto.com\/wp-content\/uploads\/2020\/01\/VA.jpg\" class=\"vc_single_image-img attachment-full\" alt=\"\" title=\"VA\" srcset=\"https:\/\/trail-aneto.com\/wp-content\/uploads\/2020\/01\/VA.jpg 2048w, https:\/\/trail-aneto.com\/wp-content\/uploads\/2020\/01\/VA-300x141.jpg 300w, https:\/\/trail-aneto.com\/wp-content\/uploads\/2020\/01\/VA-1024x480.jpg 1024w, https:\/\/trail-aneto.com\/wp-content\/uploads\/2020\/01\/VA-768x360.jpg 768w, https:\/\/trail-aneto.com\/wp-content\/uploads\/2020\/01\/VA-1536x720.jpg 1536w\" sizes=\"auto, (max-width: 2048px) 100vw, 2048px\" \/><\/div>\n\t\t<\/figure>\n\t<\/div>\n<\/div><\/div><\/div><\/div><\/div><div class=\"vc_row wpb_row vc_row-fluid edgtf-section edgtf-content-aligment-left\" style=\"\"><div class=\"clearfix edgtf-full-section-inner\"><div class=\"wpb_column vc_column_container vc_col-sm-12\"><div class=\"vc_column-inner vc_custom_1578582594142\"><div class=\"wpb_wrapper\"><div class=\"edgtf-image-gallery\">\n\t<div class=\"edgtf-image-gallery-grid edgtf-gallery-columns-5 edgtf-gallery-no-space edgtf-gallery-prettyphoto clearfix\" >\n\t\t\t\t\t<div class=\"edgtf-gallery-image\">\n\t\t\t\t\t\t\t\t\t<a href=\"https:\/\/trail-aneto.com\/wp-content\/uploads\/2025\/01\/001-1.jpg\" data-rel=\"prettyPhoto[single_pretty_photo]\" title=\"001\">\n\t\t\t\t\t\t\t\t\t\t\t\t\t\t\t<img loading=\"lazy\" decoding=\"async\" width=\"550\" height=\"550\" src=\"https:\/\/trail-aneto.com\/wp-content\/uploads\/2025\/01\/001-1.jpg\" class=\"attachment-full size-full\" alt=\"\" srcset=\"https:\/\/trail-aneto.com\/wp-content\/uploads\/2025\/01\/001-1.jpg 550w, https:\/\/trail-aneto.com\/wp-content\/uploads\/2025\/01\/001-1-300x300.jpg 300w, https:\/\/trail-aneto.com\/wp-content\/uploads\/2025\/01\/001-1-150x150.jpg 150w, https:\/\/trail-aneto.com\/wp-content\/uploads\/2025\/01\/001-1-12x12.jpg 12w\" sizes=\"auto, (max-width: 550px) 100vw, 550px\" \/>\t\t\t\t\t                                           <span class=\"edgtf-pp-icon icon_plus\"><\/span>\n                    \t\t\t\t\t\t\t\t\t\t\t<\/a>\n\t\t\t\t\t\t\t\t<\/div>\n\t\t\t\t\t<div class=\"edgtf-gallery-image\">\n\t\t\t\t\t\t\t\t\t<a href=\"https:\/\/trail-aneto.com\/wp-content\/uploads\/2025\/01\/002-1.jpg\" data-rel=\"prettyPhoto[single_pretty_photo]\" title=\"002\">\n\t\t\t\t\t\t\t\t\t\t\t\t\t\t\t<img loading=\"lazy\" decoding=\"async\" width=\"550\" height=\"550\" src=\"https:\/\/trail-aneto.com\/wp-content\/uploads\/2025\/01\/002-1.jpg\" class=\"attachment-full size-full\" alt=\"\" srcset=\"https:\/\/trail-aneto.com\/wp-content\/uploads\/2025\/01\/002-1.jpg 550w, https:\/\/trail-aneto.com\/wp-content\/uploads\/2025\/01\/002-1-300x300.jpg 300w, https:\/\/trail-aneto.com\/wp-content\/uploads\/2025\/01\/002-1-150x150.jpg 150w, https:\/\/trail-aneto.com\/wp-content\/uploads\/2025\/01\/002-1-12x12.jpg 12w\" sizes=\"auto, (max-width: 550px) 100vw, 550px\" \/>\t\t\t\t\t                                           <span class=\"edgtf-pp-icon icon_plus\"><\/span>\n                    \t\t\t\t\t\t\t\t\t\t\t<\/a>\n\t\t\t\t\t\t\t\t<\/div>\n\t\t\t\t\t<div class=\"edgtf-gallery-image\">\n\t\t\t\t\t\t\t\t\t<a href=\"https:\/\/trail-aneto.com\/wp-content\/uploads\/2025\/01\/003-1.jpg\" data-rel=\"prettyPhoto[single_pretty_photo]\" title=\"003\">\n\t\t\t\t\t\t\t\t\t\t\t\t\t\t\t<img loading=\"lazy\" decoding=\"async\" width=\"550\" height=\"550\" src=\"https:\/\/trail-aneto.com\/wp-content\/uploads\/2025\/01\/003-1.jpg\" class=\"attachment-full size-full\" alt=\"\" srcset=\"https:\/\/trail-aneto.com\/wp-content\/uploads\/2025\/01\/003-1.jpg 550w, https:\/\/trail-aneto.com\/wp-content\/uploads\/2025\/01\/003-1-300x300.jpg 300w, https:\/\/trail-aneto.com\/wp-content\/uploads\/2025\/01\/003-1-150x150.jpg 150w, https:\/\/trail-aneto.com\/wp-content\/uploads\/2025\/01\/003-1-12x12.jpg 12w\" sizes=\"auto, (max-width: 550px) 100vw, 550px\" \/>\t\t\t\t\t                                           <span class=\"edgtf-pp-icon icon_plus\"><\/span>\n                    \t\t\t\t\t\t\t\t\t\t\t<\/a>\n\t\t\t\t\t\t\t\t<\/div>\n\t\t\t\t\t<div class=\"edgtf-gallery-image\">\n\t\t\t\t\t\t\t\t\t<a href=\"https:\/\/trail-aneto.com\/wp-content\/uploads\/2025\/01\/004-1.jpg\" data-rel=\"prettyPhoto[single_pretty_photo]\" title=\"004\">\n\t\t\t\t\t\t\t\t\t\t\t\t\t\t\t<img loading=\"lazy\" decoding=\"async\" width=\"550\" height=\"550\" src=\"https:\/\/trail-aneto.com\/wp-content\/uploads\/2025\/01\/004-1.jpg\" class=\"attachment-full size-full\" alt=\"\" srcset=\"https:\/\/trail-aneto.com\/wp-content\/uploads\/2025\/01\/004-1.jpg 550w, https:\/\/trail-aneto.com\/wp-content\/uploads\/2025\/01\/004-1-300x300.jpg 300w, https:\/\/trail-aneto.com\/wp-content\/uploads\/2025\/01\/004-1-150x150.jpg 150w, https:\/\/trail-aneto.com\/wp-content\/uploads\/2025\/01\/004-1-12x12.jpg 12w\" sizes=\"auto, (max-width: 550px) 100vw, 550px\" \/>\t\t\t\t\t                                           <span class=\"edgtf-pp-icon icon_plus\"><\/span>\n                    \t\t\t\t\t\t\t\t\t\t\t<\/a>\n\t\t\t\t\t\t\t\t<\/div>\n\t\t\t\t\t<div class=\"edgtf-gallery-image\">\n\t\t\t\t\t\t\t\t\t<a href=\"https:\/\/trail-aneto.com\/wp-content\/uploads\/2025\/01\/005-1.jpg\" data-rel=\"prettyPhoto[single_pretty_photo]\" title=\"005\">\n\t\t\t\t\t\t\t\t\t\t\t\t\t\t\t<img loading=\"lazy\" decoding=\"async\" width=\"550\" height=\"550\" src=\"https:\/\/trail-aneto.com\/wp-content\/uploads\/2025\/01\/005-1.jpg\" class=\"attachment-full size-full\" alt=\"\" srcset=\"https:\/\/trail-aneto.com\/wp-content\/uploads\/2025\/01\/005-1.jpg 550w, https:\/\/trail-aneto.com\/wp-content\/uploads\/2025\/01\/005-1-300x300.jpg 300w, https:\/\/trail-aneto.com\/wp-content\/uploads\/2025\/01\/005-1-150x150.jpg 150w, https:\/\/trail-aneto.com\/wp-content\/uploads\/2025\/01\/005-1-12x12.jpg 12w\" sizes=\"auto, (max-width: 550px) 100vw, 550px\" \/>\t\t\t\t\t                                           <span class=\"edgtf-pp-icon icon_plus\"><\/span>\n                    \t\t\t\t\t\t\t\t\t\t\t<\/a>\n\t\t\t\t\t\t\t\t<\/div>\n\t\t\t\t\t<div class=\"edgtf-gallery-image\">\n\t\t\t\t\t\t\t\t\t<a href=\"https:\/\/trail-aneto.com\/wp-content\/uploads\/2025\/01\/006-1.jpg\" data-rel=\"prettyPhoto[single_pretty_photo]\" title=\"006\">\n\t\t\t\t\t\t\t\t\t\t\t\t\t\t\t<img loading=\"lazy\" decoding=\"async\" width=\"550\" height=\"550\" src=\"https:\/\/trail-aneto.com\/wp-content\/uploads\/2025\/01\/006-1.jpg\" class=\"attachment-full size-full\" alt=\"\" srcset=\"https:\/\/trail-aneto.com\/wp-content\/uploads\/2025\/01\/006-1.jpg 550w, https:\/\/trail-aneto.com\/wp-content\/uploads\/2025\/01\/006-1-300x300.jpg 300w, https:\/\/trail-aneto.com\/wp-content\/uploads\/2025\/01\/006-1-150x150.jpg 150w, https:\/\/trail-aneto.com\/wp-content\/uploads\/2025\/01\/006-1-12x12.jpg 12w\" sizes=\"auto, (max-width: 550px) 100vw, 550px\" \/>\t\t\t\t\t                                           <span class=\"edgtf-pp-icon icon_plus\"><\/span>\n                    \t\t\t\t\t\t\t\t\t\t\t<\/a>\n\t\t\t\t\t\t\t\t<\/div>\n\t\t\t\t\t<div class=\"edgtf-gallery-image\">\n\t\t\t\t\t\t\t\t\t<a href=\"https:\/\/trail-aneto.com\/wp-content\/uploads\/2025\/01\/007-1.jpg\" data-rel=\"prettyPhoto[single_pretty_photo]\" title=\"007\">\n\t\t\t\t\t\t\t\t\t\t\t\t\t\t\t<img loading=\"lazy\" decoding=\"async\" width=\"550\" height=\"550\" src=\"https:\/\/trail-aneto.com\/wp-content\/uploads\/2025\/01\/007-1.jpg\" class=\"attachment-full size-full\" alt=\"\" srcset=\"https:\/\/trail-aneto.com\/wp-content\/uploads\/2025\/01\/007-1.jpg 550w, https:\/\/trail-aneto.com\/wp-content\/uploads\/2025\/01\/007-1-300x300.jpg 300w, https:\/\/trail-aneto.com\/wp-content\/uploads\/2025\/01\/007-1-150x150.jpg 150w, https:\/\/trail-aneto.com\/wp-content\/uploads\/2025\/01\/007-1-12x12.jpg 12w\" sizes=\"auto, (max-width: 550px) 100vw, 550px\" \/>\t\t\t\t\t                                           <span class=\"edgtf-pp-icon icon_plus\"><\/span>\n                    \t\t\t\t\t\t\t\t\t\t\t<\/a>\n\t\t\t\t\t\t\t\t<\/div>\n\t\t\t\t\t<div class=\"edgtf-gallery-image\">\n\t\t\t\t\t\t\t\t\t<a href=\"https:\/\/trail-aneto.com\/wp-content\/uploads\/2025\/01\/008-1.jpg\" data-rel=\"prettyPhoto[single_pretty_photo]\" title=\"008\">\n\t\t\t\t\t\t\t\t\t\t\t\t\t\t\t<img loading=\"lazy\" decoding=\"async\" width=\"550\" height=\"550\" src=\"https:\/\/trail-aneto.com\/wp-content\/uploads\/2025\/01\/008-1.jpg\" class=\"attachment-full size-full\" alt=\"\" srcset=\"https:\/\/trail-aneto.com\/wp-content\/uploads\/2025\/01\/008-1.jpg 550w, https:\/\/trail-aneto.com\/wp-content\/uploads\/2025\/01\/008-1-300x300.jpg 300w, https:\/\/trail-aneto.com\/wp-content\/uploads\/2025\/01\/008-1-150x150.jpg 150w, https:\/\/trail-aneto.com\/wp-content\/uploads\/2025\/01\/008-1-12x12.jpg 12w\" sizes=\"auto, (max-width: 550px) 100vw, 550px\" \/>\t\t\t\t\t                                           <span class=\"edgtf-pp-icon icon_plus\"><\/span>\n                    \t\t\t\t\t\t\t\t\t\t\t<\/a>\n\t\t\t\t\t\t\t\t<\/div>\n\t\t\t\t\t<div class=\"edgtf-gallery-image\">\n\t\t\t\t\t\t\t\t\t<a href=\"https:\/\/trail-aneto.com\/wp-content\/uploads\/2025\/01\/009-1.jpg\" data-rel=\"prettyPhoto[single_pretty_photo]\" title=\"009\">\n\t\t\t\t\t\t\t\t\t\t\t\t\t\t\t<img loading=\"lazy\" decoding=\"async\" width=\"550\" height=\"550\" src=\"https:\/\/trail-aneto.com\/wp-content\/uploads\/2025\/01\/009-1.jpg\" class=\"attachment-full size-full\" alt=\"\" srcset=\"https:\/\/trail-aneto.com\/wp-content\/uploads\/2025\/01\/009-1.jpg 550w, https:\/\/trail-aneto.com\/wp-content\/uploads\/2025\/01\/009-1-300x300.jpg 300w, https:\/\/trail-aneto.com\/wp-content\/uploads\/2025\/01\/009-1-150x150.jpg 150w, https:\/\/trail-aneto.com\/wp-content\/uploads\/2025\/01\/009-1-12x12.jpg 12w\" sizes=\"auto, (max-width: 550px) 100vw, 550px\" \/>\t\t\t\t\t                                           <span class=\"edgtf-pp-icon icon_plus\"><\/span>\n                    \t\t\t\t\t\t\t\t\t\t\t<\/a>\n\t\t\t\t\t\t\t\t<\/div>\n\t\t\t\t\t<div class=\"edgtf-gallery-image\">\n\t\t\t\t\t\t\t\t\t<a href=\"https:\/\/trail-aneto.com\/wp-content\/uploads\/2025\/01\/010-1.jpg\" data-rel=\"prettyPhoto[single_pretty_photo]\" title=\"010\">\n\t\t\t\t\t\t\t\t\t\t\t\t\t\t\t<img loading=\"lazy\" decoding=\"async\" width=\"550\" height=\"550\" src=\"https:\/\/trail-aneto.com\/wp-content\/uploads\/2025\/01\/010-1.jpg\" class=\"attachment-full size-full\" alt=\"\" srcset=\"https:\/\/trail-aneto.com\/wp-content\/uploads\/2025\/01\/010-1.jpg 550w, https:\/\/trail-aneto.com\/wp-content\/uploads\/2025\/01\/010-1-300x300.jpg 300w, https:\/\/trail-aneto.com\/wp-content\/uploads\/2025\/01\/010-1-150x150.jpg 150w, https:\/\/trail-aneto.com\/wp-content\/uploads\/2025\/01\/010-1-12x12.jpg 12w\" sizes=\"auto, (max-width: 550px) 100vw, 550px\" \/>\t\t\t\t\t                                           <span class=\"edgtf-pp-icon icon_plus\"><\/span>\n                    \t\t\t\t\t\t\t\t\t\t\t<\/a>\n\t\t\t\t\t\t\t\t<\/div>\n\t\t\t<\/div>\n<\/div><\/div><\/div><\/div><\/div><\/div>\n<\/section>","protected":false},"excerpt":{"rendered":"27,5 km del recorrido por encima de 2 000 m 8,8 km de pista \/ 24,2 km de sendero \/ 15,9 km fuera de camino &nbsp; Vuelta al Aneto La Vuelta al Aneto discurre por todo tipo de terreno, desde pistas y senderos hasta neveros...","protected":false},"author":1,"featured_media":0,"parent":0,"menu_order":0,"comment_status":"closed","ping_status":"closed","template":"full-width.php","meta":{"footnotes":""},"class_list":["post-8313","page","type-page","status-publish","hentry"],"yoast_head":"<!-- This site is optimized with the Yoast SEO plugin v26.9 - https:\/\/yoast.com\/product\/yoast-seo-wordpress\/ -->\n<title>Vuelta al Aneto - GTTAP<\/title>\n<meta name=\"robots\" content=\"index, follow, max-snippet:-1, max-image-preview:large, max-video-preview:-1\" \/>\n<link rel=\"canonical\" href=\"https:\/\/trail-aneto.com\/fr\/vuelta-al-aneto\/\" \/>\n<meta property=\"og:locale\" content=\"fr_FR\" \/>\n<meta property=\"og:type\" content=\"article\" \/>\n<meta property=\"og:title\" content=\"Vuelta al Aneto - GTTAP\" \/>\n<meta property=\"og:url\" content=\"https:\/\/trail-aneto.com\/fr\/vuelta-al-aneto\/\" \/>\n<meta property=\"og:site_name\" content=\"GTTAP\" \/>\n<meta property=\"article:publisher\" content=\"https:\/\/www.facebook.com\/GranTrailAnetoPosets\/\" \/>\n<meta property=\"article:modified_time\" content=\"2026-01-28T11:26:10+00:00\" \/>\n<meta name=\"twitter:card\" content=\"summary_large_image\" \/>\n<meta name=\"twitter:label1\" content=\"Dur\u00e9e de lecture estim\u00e9e\" \/>\n\t<meta name=\"twitter:data1\" content=\"4 minutes\" \/>\n<script type=\"application\/ld+json\" class=\"yoast-schema-graph\">{\"@context\":\"https:\/\/schema.org\",\"@graph\":[{\"@type\":\"WebPage\",\"@id\":\"https:\/\/trail-aneto.com\/vuelta-al-aneto\/\",\"url\":\"https:\/\/trail-aneto.com\/vuelta-al-aneto\/\",\"name\":\"Vuelta al Aneto - GTTAP\",\"isPartOf\":{\"@id\":\"https:\/\/trail-aneto.com\/#website\"},\"datePublished\":\"2020-01-08T16:33:07+00:00\",\"dateModified\":\"2026-01-28T11:26:10+00:00\",\"breadcrumb\":{\"@id\":\"https:\/\/trail-aneto.com\/vuelta-al-aneto\/#breadcrumb\"},\"inLanguage\":\"fr-FR\",\"potentialAction\":[{\"@type\":\"ReadAction\",\"target\":[\"https:\/\/trail-aneto.com\/vuelta-al-aneto\/\"]}]},{\"@type\":\"BreadcrumbList\",\"@id\":\"https:\/\/trail-aneto.com\/vuelta-al-aneto\/#breadcrumb\",\"itemListElement\":[{\"@type\":\"ListItem\",\"position\":1,\"name\":\"Portada\",\"item\":\"https:\/\/trail-aneto.com\/\"},{\"@type\":\"ListItem\",\"position\":2,\"name\":\"Vuelta al Aneto\"}]},{\"@type\":\"WebSite\",\"@id\":\"https:\/\/trail-aneto.com\/#website\",\"url\":\"https:\/\/trail-aneto.com\/\",\"name\":\"GTTAP\",\"description\":\"Un Pirineo Extremo - Un Recorrido Infinito\",\"publisher\":{\"@id\":\"https:\/\/trail-aneto.com\/#organization\"},\"potentialAction\":[{\"@type\":\"SearchAction\",\"target\":{\"@type\":\"EntryPoint\",\"urlTemplate\":\"https:\/\/trail-aneto.com\/?s={search_term_string}\"},\"query-input\":{\"@type\":\"PropertyValueSpecification\",\"valueRequired\":true,\"valueName\":\"search_term_string\"}}],\"inLanguage\":\"fr-FR\"},{\"@type\":\"Organization\",\"@id\":\"https:\/\/trail-aneto.com\/#organization\",\"name\":\"Gran Trail Trangoworld Aneto-Posets\",\"url\":\"https:\/\/trail-aneto.com\/\",\"logo\":{\"@type\":\"ImageObject\",\"inLanguage\":\"fr-FR\",\"@id\":\"https:\/\/trail-aneto.com\/#\/schema\/logo\/image\/\",\"url\":\"https:\/\/trail-aneto.com\/wp-content\/uploads\/2020\/01\/GTTAP-logo.png\",\"contentUrl\":\"https:\/\/trail-aneto.com\/wp-content\/uploads\/2020\/01\/GTTAP-logo.png\",\"width\":253,\"height\":253,\"caption\":\"Gran Trail Trangoworld Aneto-Posets\"},\"image\":{\"@id\":\"https:\/\/trail-aneto.com\/#\/schema\/logo\/image\/\"},\"sameAs\":[\"https:\/\/www.facebook.com\/GranTrailAnetoPosets\/\",\"https:\/\/www.instagram.com\/grantrailaneto\/?hl=es\"]}]}<\/script>\n<!-- \/ Yoast SEO plugin. -->","yoast_head_json":{"title":"Vuelta al Aneto - GTTAP","robots":{"index":"index","follow":"follow","max-snippet":"max-snippet:-1","max-image-preview":"max-image-preview:large","max-video-preview":"max-video-preview:-1"},"canonical":"https:\/\/trail-aneto.com\/fr\/vuelta-al-aneto\/","og_locale":"fr_FR","og_type":"article","og_title":"Vuelta al Aneto - GTTAP","og_url":"https:\/\/trail-aneto.com\/fr\/vuelta-al-aneto\/","og_site_name":"GTTAP","article_publisher":"https:\/\/www.facebook.com\/GranTrailAnetoPosets\/","article_modified_time":"2026-01-28T11:26:10+00:00","twitter_card":"summary_large_image","twitter_misc":{"Dur\u00e9e de lecture estim\u00e9e":"4 minutes"},"schema":{"@context":"https:\/\/schema.org","@graph":[{"@type":"WebPage","@id":"https:\/\/trail-aneto.com\/vuelta-al-aneto\/","url":"https:\/\/trail-aneto.com\/vuelta-al-aneto\/","name":"Vuelta al Aneto - GTTAP","isPartOf":{"@id":"https:\/\/trail-aneto.com\/#website"},"datePublished":"2020-01-08T16:33:07+00:00","dateModified":"2026-01-28T11:26:10+00:00","breadcrumb":{"@id":"https:\/\/trail-aneto.com\/vuelta-al-aneto\/#breadcrumb"},"inLanguage":"fr-FR","potentialAction":[{"@type":"ReadAction","target":["https:\/\/trail-aneto.com\/vuelta-al-aneto\/"]}]},{"@type":"BreadcrumbList","@id":"https:\/\/trail-aneto.com\/vuelta-al-aneto\/#breadcrumb","itemListElement":[{"@type":"ListItem","position":1,"name":"Portada","item":"https:\/\/trail-aneto.com\/"},{"@type":"ListItem","position":2,"name":"Vuelta al Aneto"}]},{"@type":"WebSite","@id":"https:\/\/trail-aneto.com\/#website","url":"https:\/\/trail-aneto.com\/","name":"GTTAP","description":"An Extreme Pyrenees - An Infinite Tour","publisher":{"@id":"https:\/\/trail-aneto.com\/#organization"},"potentialAction":[{"@type":"SearchAction","target":{"@type":"EntryPoint","urlTemplate":"https:\/\/trail-aneto.com\/?s={search_term_string}"},"query-input":{"@type":"PropertyValueSpecification","valueRequired":true,"valueName":"search_term_string"}}],"inLanguage":"fr-FR"},{"@type":"Organization","@id":"https:\/\/trail-aneto.com\/#organization","name":"Grand sentier Aneto-Posets de Trangoworld","url":"https:\/\/trail-aneto.com\/","logo":{"@type":"ImageObject","inLanguage":"fr-FR","@id":"https:\/\/trail-aneto.com\/#\/schema\/logo\/image\/","url":"https:\/\/trail-aneto.com\/wp-content\/uploads\/2020\/01\/GTTAP-logo.png","contentUrl":"https:\/\/trail-aneto.com\/wp-content\/uploads\/2020\/01\/GTTAP-logo.png","width":253,"height":253,"caption":"Gran Trail Trangoworld Aneto-Posets"},"image":{"@id":"https:\/\/trail-aneto.com\/#\/schema\/logo\/image\/"},"sameAs":["https:\/\/www.facebook.com\/GranTrailAnetoPosets\/","https:\/\/www.instagram.com\/grantrailaneto\/?hl=es"]}]}},"_links":{"self":[{"href":"https:\/\/trail-aneto.com\/fr\/wp-json\/wp\/v2\/pages\/8313","targetHints":{"allow":["GET"]}}],"collection":[{"href":"https:\/\/trail-aneto.com\/fr\/wp-json\/wp\/v2\/pages"}],"about":[{"href":"https:\/\/trail-aneto.com\/fr\/wp-json\/wp\/v2\/types\/page"}],"author":[{"embeddable":true,"href":"https:\/\/trail-aneto.com\/fr\/wp-json\/wp\/v2\/users\/1"}],"replies":[{"embeddable":true,"href":"https:\/\/trail-aneto.com\/fr\/wp-json\/wp\/v2\/comments?post=8313"}],"version-history":[{"count":38,"href":"https:\/\/trail-aneto.com\/fr\/wp-json\/wp\/v2\/pages\/8313\/revisions"}],"predecessor-version":[{"id":11086,"href":"https:\/\/trail-aneto.com\/fr\/wp-json\/wp\/v2\/pages\/8313\/revisions\/11086"}],"wp:attachment":[{"href":"https:\/\/trail-aneto.com\/fr\/wp-json\/wp\/v2\/media?parent=8313"}],"curies":[{"name":"wp","href":"https:\/\/api.w.org\/{rel}","templated":true}]}}