{"id":8315,"date":"2020-01-08T17:33:37","date_gmt":"2020-01-08T16:33:37","guid":{"rendered":"https:\/\/trail-aneto.com\/?page_id=8315"},"modified":"2025-12-29T12:57:19","modified_gmt":"2025-12-29T11:57:19","slug":"maraton-de-las-tucas","status":"publish","type":"page","link":"https:\/\/trail-aneto.com\/fr\/maraton-de-las-tucas\/","title":{"rendered":"Marathon des Tucas"},"content":{"rendered":"<section class=\"wpb-content-wrapper\"><div class=\"vc_row wpb_row vc_row-fluid edgtf-section vc_custom_1593602396615 edgtf-content-aligment-left edgtf-grid-section\" style=\"\"><div class=\"clearfix edgtf-section-inner\"><div class=\"edgtf-section-inner-margin clearfix\"><div class=\"wpb_column vc_column_container vc_col-sm-1\"><div class=\"vc_column-inner\"><div class=\"wpb_wrapper\">\n\t<div  class=\"wpb_single_image wpb_content_element vc_align_left  wpb_animate_when_almost_visible wpb_fadeIn fadeIn vc_custom_1578588508744\">\n\t\t\n\t\t<figure class=\"wpb_wrapper vc_figure\">\n\t\t\t<div class=\"vc_single_image-wrapper   vc_box_border_grey\"><img loading=\"lazy\" decoding=\"async\" width=\"50\" height=\"118\" src=\"https:\/\/trail-aneto.com\/wp-content\/uploads\/2020\/01\/Maraton_corredor@2x-e1578588439777.png\" class=\"vc_single_image-img attachment-full\" alt=\"\" title=\"Maraton_corredor\" \/><\/div>\n\t\t<\/figure>\n\t<\/div>\n<\/div><\/div><\/div><div class=\"wpb_column vc_column_container vc_col-sm-8\"><div class=\"vc_column-inner\"><div class=\"wpb_wrapper\">\n\t<div class=\"wpb_text_column wpb_content_element  vc_custom_1579540753158\" >\n\t\t<div class=\"wpb_wrapper\">\n\t\t\t<h6>8,5 km de parcours au-dessus de 2000 m<br \/>\n3,4 km d&#039;asphalte \/ 13,3 km de piste \/ 25,4 km de piste<\/h6>\n<p>&nbsp;<\/p>\n<h4><strong>Marathon des Tucas<\/strong><\/h4>\n\n\t\t<\/div>\n\t<\/div>\n\n\t<div class=\"wpb_text_column wpb_content_element  vc_custom_1579540767414\" >\n\t\t<div class=\"wpb_wrapper\">\n\t\t\t<p>Le Marathon des Tucas rejoint les abris d&#039;Est\u00f3s et d&#039;\u00c1ngel Or\u00fas \u00e0 travers des pistes et des sentiers qui entourent les c\u00e9l\u00e8bres Tucas de Ixeia (2 837 m), dans le cadre d&#039;une superbe Pyr\u00e9n\u00e9es. Commen\u00e7ant dans la ville de Benasque, l&#039;itin\u00e9raire monte \u00e0 travers le GR 11 jusqu&#039;au refuge Est\u00f3s, d&#039;o\u00f9 il continue de visiter le spectaculaire ibis de Batisielles, de traverser la colline de Plana (2 708 m) et d&#039;atteindre le prochain point de contr\u00f4le, situ\u00e9 dans le refuge d&#039;\u00c1ngel Or\u00fas. De l\u00e0, vous descendez \u00e0 travers la vall\u00e9e d&#039;Eriste \/ le Ball de Grist, avant l&#039;imposante cascade de l&#039;Espigantosa, pour revenir \u00e0 Benasque \u00e0 travers les villes d&#039;Eriste, Anciles et Cerler.<\/p>\n\n\t\t<\/div>\n\t<\/div>\n<\/div><\/div><\/div><div class=\"wpb_column vc_column_container vc_col-sm-3\"><div class=\"vc_column-inner\"><div class=\"wpb_wrapper\">\n\t<div class=\"wpb_text_column wpb_content_element\" >\n\t\t<div class=\"wpb_wrapper\">\n\t\t\t<p><span style=\"color: #3434ed;\"><strong>INFORMATIONS<\/strong><\/span><\/p>\n<p><strong>Les cat\u00e9gories<\/strong><br \/>\nM\u00e2le et femelle absolus<br \/>\nPromesse masculine et f\u00e9minine<br \/>\nV\u00e9t\u00e9ran A m\u00e2le et femelle<br \/>\nV\u00e9t\u00e9ran B m\u00e2le et femelle<br \/>\nVeterana C masculina y femenina<\/p>\n<p><strong>Limite d&#039;inscription<\/strong><br \/>\n1100 participants<\/p>\n\n\t\t<\/div>\n\t<\/div>\n<div class=\"vc_empty_space\"   style=\"height: 40px\"><span class=\"vc_empty_space_inner\"><\/span><\/div><\/div><\/div><\/div><\/div><\/div><\/div><div class=\"vc_row wpb_row vc_row-fluid edgtf-section vc_custom_1578580704559 edgtf-content-aligment-left edgtf-grid-section\" style=\"\"><div class=\"clearfix edgtf-section-inner\"><div class=\"edgtf-section-inner-margin clearfix\"><div class=\"wpb_column vc_column_container vc_col-sm-1\/5 vc_col-lg-1\/5\"><div class=\"vc_column-inner vc_custom_1578580285162\"><div class=\"wpb_wrapper\"><a href=\"https:\/\/trail-aneto.com\/fr\/programa-mt\/\" target=\"_self\"  class=\"edgtf-btn edgtf-btn-small edgtf-btn-transparent\"  >\n\t\t\t<span class=\"edgtf-btn-text\">PROGRAMME<\/span>\n\t    <\/a><\/div><\/div><\/div><div class=\"wpb_column vc_column_container vc_col-sm-1\/5\"><div class=\"vc_column-inner vc_custom_1578580300344\"><div class=\"wpb_wrapper\"><a href=\"https:\/\/trail-aneto.com\/fr\/listado-inscritos-maraton-de-las-tucas\/\" target=\"_self\"  class=\"edgtf-btn edgtf-btn-small edgtf-btn-transparent\"  >\n\t\t\t<span class=\"edgtf-btn-text\">INSCRIT<\/span>\n\t    <\/a><\/div><\/div><\/div><div class=\"wpb_column vc_column_container vc_col-sm-1\/5\"><div class=\"vc_column-inner vc_custom_1578580311155\"><div class=\"wpb_wrapper\"><a href=\"https:\/\/trail-aneto.com\/wp-content\/uploads\/2020\/01\/mapamaratontucas.jpg\" target=\"_blank\"  class=\"edgtf-btn edgtf-btn-small edgtf-btn-transparent fancyboxModal\"  >\n\t\t\t<span class=\"edgtf-btn-text\">CARTE<\/span>\n\t    <\/a><\/div><\/div><\/div><div class=\"wpb_column vc_column_container vc_col-sm-1\/5\"><div class=\"vc_column-inner vc_custom_1578580321427\"><div class=\"wpb_wrapper\"><a href=\"\/tracks\/MARATON_TUCAS_WEB.GPX\" target=\"_self\"  class=\"edgtf-btn edgtf-btn-small edgtf-btn-transparent\"  >\n\t\t\t<span class=\"edgtf-btn-text\">TRACK<\/span>\n\t    <\/a><\/div><\/div><\/div><div class=\"wpb_column vc_column_container vc_col-sm-1\/5\"><div class=\"vc_column-inner\"><div class=\"wpb_wrapper\"><a href=\"https:\/\/trail-aneto.com\/wp-content\/uploads\/2025\/12\/Tabla-de-recorridos-Maraton.pdf\" target=\"_blank\"  class=\"edgtf-btn edgtf-btn-small edgtf-btn-transparent\"  >\n\t\t\t<span class=\"edgtf-btn-text\">VOYAGE<\/span>\n\t    <\/a><\/div><\/div><\/div><\/div><\/div><\/div><div class=\"vc_row wpb_row vc_row-fluid edgtf-section vc_custom_1578581001137 edgtf-content-aligment-left edgtf-grid-section\" style=\"\"><div class=\"clearfix edgtf-section-inner\"><div class=\"edgtf-section-inner-margin clearfix\"><div class=\"wpb_column vc_column_container vc_col-sm-12\"><div class=\"vc_column-inner\"><div class=\"wpb_wrapper\">\n\t<div class=\"wpb_text_column wpb_content_element  wpb_animate_when_almost_visible wpb_fadeIn fadeIn\" >\n\t\t<div class=\"wpb_wrapper\">\n\t\t\t<p style=\"text-align: left; color: black; font-size: 4.5em;\">\u00abPaysage <span style=\"color: #e96113;\">superbe<\/span> <span style=\"font-size: 0.25em; color: #e96113;\">Marathon des Pyr\u00e9n\u00e9es<\/span><\/p>\n\n\t\t<\/div>\n\t<\/div>\n<\/div><\/div><\/div><\/div><\/div><\/div><div data-edgtf-parallax-speed=\"1\" class=\"vc_row wpb_row vc_row-fluid edgtf-section edgtf-content-aligment-left edgtf-parallax-section-holder edgtf-parallax-section-holder-touch-disabled\" style=\"min-height:400px;height:auto;\"><div class=\"clearfix edgtf-full-section-inner\"><div class=\"wpb_column vc_column_container vc_col-sm-12\"><div class=\"vc_column-inner\"><div class=\"wpb_wrapper\">\n\t<div  class=\"wpb_single_image wpb_content_element vc_align_center  wpb_animate_when_almost_visible wpb_fadeIn fadeIn\">\n\t\t\n\t\t<figure class=\"wpb_wrapper vc_figure\">\n\t\t\t<div class=\"vc_single_image-wrapper   vc_box_border_grey\"><img loading=\"lazy\" decoding=\"async\" width=\"2048\" height=\"960\" src=\"https:\/\/trail-aneto.com\/wp-content\/uploads\/2023\/05\/Perfil-maraton.jpg\" class=\"vc_single_image-img attachment-full\" alt=\"\" title=\"Perfil maraton\" srcset=\"https:\/\/trail-aneto.com\/wp-content\/uploads\/2023\/05\/Perfil-maraton.jpg 2048w, https:\/\/trail-aneto.com\/wp-content\/uploads\/2023\/05\/Perfil-maraton-300x141.jpg 300w, https:\/\/trail-aneto.com\/wp-content\/uploads\/2023\/05\/Perfil-maraton-1024x480.jpg 1024w, https:\/\/trail-aneto.com\/wp-content\/uploads\/2023\/05\/Perfil-maraton-768x360.jpg 768w, https:\/\/trail-aneto.com\/wp-content\/uploads\/2023\/05\/Perfil-maraton-1536x720.jpg 1536w, https:\/\/trail-aneto.com\/wp-content\/uploads\/2023\/05\/Perfil-maraton-18x8.jpg 18w\" sizes=\"auto, (max-width: 2048px) 100vw, 2048px\" \/><\/div>\n\t\t<\/figure>\n\t<\/div>\n<\/div><\/div><\/div><\/div><\/div><div class=\"vc_row wpb_row vc_row-fluid edgtf-section edgtf-content-aligment-left\" style=\"\"><div class=\"clearfix edgtf-full-section-inner\"><div class=\"wpb_column vc_column_container vc_col-sm-12\"><div class=\"vc_column-inner vc_custom_1578582594142\"><div class=\"wpb_wrapper\"><div class=\"edgtf-image-gallery\">\n\t<div class=\"edgtf-image-gallery-grid edgtf-gallery-columns-5 edgtf-gallery-no-space edgtf-gallery-prettyphoto clearfix\" >\n\t\t\t\t\t<div class=\"edgtf-gallery-image\">\n\t\t\t\t\t\t\t\t\t<a href=\"https:\/\/trail-aneto.com\/wp-content\/uploads\/2020\/01\/Collado-La-Plana-2019-558.jpg\" data-rel=\"prettyPhoto[single_pretty_photo]\" title=\"Collado La Plana 2019 (558)\">\n\t\t\t\t\t\t\t\t\t\t\t\t\t\t\t<img loading=\"lazy\" decoding=\"async\" width=\"956\" height=\"537\" src=\"https:\/\/trail-aneto.com\/wp-content\/uploads\/2020\/01\/Collado-La-Plana-2019-558.jpg\" class=\"attachment-full size-full\" alt=\"\" srcset=\"https:\/\/trail-aneto.com\/wp-content\/uploads\/2020\/01\/Collado-La-Plana-2019-558.jpg 956w, https:\/\/trail-aneto.com\/wp-content\/uploads\/2020\/01\/Collado-La-Plana-2019-558-300x169.jpg 300w, https:\/\/trail-aneto.com\/wp-content\/uploads\/2020\/01\/Collado-La-Plana-2019-558-768x431.jpg 768w\" sizes=\"auto, (max-width: 956px) 100vw, 956px\" \/>\t\t\t\t\t                                           <span class=\"edgtf-pp-icon icon_plus\"><\/span>\n                    \t\t\t\t\t\t\t\t\t\t\t<\/a>\n\t\t\t\t\t\t\t\t<\/div>\n\t\t\t\t\t<div class=\"edgtf-gallery-image\">\n\t\t\t\t\t\t\t\t\t<a href=\"https:\/\/trail-aneto.com\/wp-content\/uploads\/2020\/01\/Collado-La-Plana-2019-623.jpg\" data-rel=\"prettyPhoto[single_pretty_photo]\" title=\"Collado La Plana 2019 (623)\">\n\t\t\t\t\t\t\t\t\t\t\t\t\t\t\t<img loading=\"lazy\" decoding=\"async\" width=\"956\" height=\"537\" src=\"https:\/\/trail-aneto.com\/wp-content\/uploads\/2020\/01\/Collado-La-Plana-2019-623.jpg\" class=\"attachment-full size-full\" alt=\"\" srcset=\"https:\/\/trail-aneto.com\/wp-content\/uploads\/2020\/01\/Collado-La-Plana-2019-623.jpg 956w, https:\/\/trail-aneto.com\/wp-content\/uploads\/2020\/01\/Collado-La-Plana-2019-623-300x169.jpg 300w, https:\/\/trail-aneto.com\/wp-content\/uploads\/2020\/01\/Collado-La-Plana-2019-623-768x431.jpg 768w\" sizes=\"auto, (max-width: 956px) 100vw, 956px\" \/>\t\t\t\t\t                                           <span class=\"edgtf-pp-icon icon_plus\"><\/span>\n                    \t\t\t\t\t\t\t\t\t\t\t<\/a>\n\t\t\t\t\t\t\t\t<\/div>\n\t\t\t\t\t<div class=\"edgtf-gallery-image\">\n\t\t\t\t\t\t\t\t\t<a href=\"https:\/\/trail-aneto.com\/wp-content\/uploads\/2020\/01\/GTAP-2019-alta-293.jpg\" data-rel=\"prettyPhoto[single_pretty_photo]\" title=\"GTAP 2019 (haut) -293\">\n\t\t\t\t\t\t\t\t\t\t\t\t\t\t\t<img loading=\"lazy\" decoding=\"async\" width=\"956\" height=\"638\" src=\"https:\/\/trail-aneto.com\/wp-content\/uploads\/2020\/01\/GTAP-2019-alta-293.jpg\" class=\"attachment-full size-full\" alt=\"\" srcset=\"https:\/\/trail-aneto.com\/wp-content\/uploads\/2020\/01\/GTAP-2019-alta-293.jpg 956w, https:\/\/trail-aneto.com\/wp-content\/uploads\/2020\/01\/GTAP-2019-alta-293-300x200.jpg 300w, https:\/\/trail-aneto.com\/wp-content\/uploads\/2020\/01\/GTAP-2019-alta-293-768x513.jpg 768w\" sizes=\"auto, (max-width: 956px) 100vw, 956px\" \/>\t\t\t\t\t                                           <span class=\"edgtf-pp-icon icon_plus\"><\/span>\n                    \t\t\t\t\t\t\t\t\t\t\t<\/a>\n\t\t\t\t\t\t\t\t<\/div>\n\t\t\t\t\t<div class=\"edgtf-gallery-image\">\n\t\t\t\t\t\t\t\t\t<a href=\"https:\/\/trail-aneto.com\/wp-content\/uploads\/2020\/01\/GTAP-2019-alta-300.jpg\" data-rel=\"prettyPhoto[single_pretty_photo]\" title=\"GTAP 2019 (haut) -300\">\n\t\t\t\t\t\t\t\t\t\t\t\t\t\t\t<img loading=\"lazy\" decoding=\"async\" width=\"956\" height=\"638\" src=\"https:\/\/trail-aneto.com\/wp-content\/uploads\/2020\/01\/GTAP-2019-alta-300.jpg\" class=\"attachment-full size-full\" alt=\"\" srcset=\"https:\/\/trail-aneto.com\/wp-content\/uploads\/2020\/01\/GTAP-2019-alta-300.jpg 956w, https:\/\/trail-aneto.com\/wp-content\/uploads\/2020\/01\/GTAP-2019-alta-300-300x200.jpg 300w, https:\/\/trail-aneto.com\/wp-content\/uploads\/2020\/01\/GTAP-2019-alta-300-768x513.jpg 768w\" sizes=\"auto, (max-width: 956px) 100vw, 956px\" \/>\t\t\t\t\t                                           <span class=\"edgtf-pp-icon icon_plus\"><\/span>\n                    \t\t\t\t\t\t\t\t\t\t\t<\/a>\n\t\t\t\t\t\t\t\t<\/div>\n\t\t\t\t\t<div class=\"edgtf-gallery-image\">\n\t\t\t\t\t\t\t\t\t<a href=\"https:\/\/trail-aneto.com\/wp-content\/uploads\/2020\/01\/GTAP-2019-JAVIER-BARAHONA-1939.jpg\" data-rel=\"prettyPhoto[single_pretty_photo]\" title=\"test trail montagne grand sentier aneto posets 2019\">\n\t\t\t\t\t\t\t\t\t\t\t\t\t\t\t<img loading=\"lazy\" decoding=\"async\" width=\"956\" height=\"638\" src=\"https:\/\/trail-aneto.com\/wp-content\/uploads\/2020\/01\/GTAP-2019-JAVIER-BARAHONA-1939.jpg\" class=\"attachment-full size-full\" alt=\"\" srcset=\"https:\/\/trail-aneto.com\/wp-content\/uploads\/2020\/01\/GTAP-2019-JAVIER-BARAHONA-1939.jpg 956w, https:\/\/trail-aneto.com\/wp-content\/uploads\/2020\/01\/GTAP-2019-JAVIER-BARAHONA-1939-300x200.jpg 300w, https:\/\/trail-aneto.com\/wp-content\/uploads\/2020\/01\/GTAP-2019-JAVIER-BARAHONA-1939-768x513.jpg 768w\" sizes=\"auto, (max-width: 956px) 100vw, 956px\" \/>\t\t\t\t\t                                           <span class=\"edgtf-pp-icon icon_plus\"><\/span>\n                    \t\t\t\t\t\t\t\t\t\t\t<\/a>\n\t\t\t\t\t\t\t\t<\/div>\n\t\t\t\t\t<div class=\"edgtf-gallery-image\">\n\t\t\t\t\t\t\t\t\t<a href=\"https:\/\/trail-aneto.com\/wp-content\/uploads\/2020\/01\/IMG_1211.jpg\" data-rel=\"prettyPhoto[single_pretty_photo]\" title=\"IMG_1211\">\n\t\t\t\t\t\t\t\t\t\t\t\t\t\t\t<img loading=\"lazy\" decoding=\"async\" width=\"956\" height=\"637\" src=\"https:\/\/trail-aneto.com\/wp-content\/uploads\/2020\/01\/IMG_1211.jpg\" class=\"attachment-full size-full\" alt=\"\" srcset=\"https:\/\/trail-aneto.com\/wp-content\/uploads\/2020\/01\/IMG_1211.jpg 956w, https:\/\/trail-aneto.com\/wp-content\/uploads\/2020\/01\/IMG_1211-300x200.jpg 300w, https:\/\/trail-aneto.com\/wp-content\/uploads\/2020\/01\/IMG_1211-768x512.jpg 768w\" sizes=\"auto, (max-width: 956px) 100vw, 956px\" \/>\t\t\t\t\t                                           <span class=\"edgtf-pp-icon icon_plus\"><\/span>\n                    \t\t\t\t\t\t\t\t\t\t\t<\/a>\n\t\t\t\t\t\t\t\t<\/div>\n\t\t\t\t\t<div class=\"edgtf-gallery-image\">\n\t\t\t\t\t\t\t\t\t<a href=\"https:\/\/trail-aneto.com\/wp-content\/uploads\/2020\/01\/Rafa-Romero-89.jpg\" data-rel=\"prettyPhoto[single_pretty_photo]\" title=\"Rafa Romero (89)\">\n\t\t\t\t\t\t\t\t\t\t\t\t\t\t\t<img loading=\"lazy\" decoding=\"async\" width=\"956\" height=\"637\" src=\"https:\/\/trail-aneto.com\/wp-content\/uploads\/2020\/01\/Rafa-Romero-89.jpg\" class=\"attachment-full size-full\" alt=\"\" srcset=\"https:\/\/trail-aneto.com\/wp-content\/uploads\/2020\/01\/Rafa-Romero-89.jpg 956w, https:\/\/trail-aneto.com\/wp-content\/uploads\/2020\/01\/Rafa-Romero-89-300x200.jpg 300w, https:\/\/trail-aneto.com\/wp-content\/uploads\/2020\/01\/Rafa-Romero-89-768x512.jpg 768w\" sizes=\"auto, (max-width: 956px) 100vw, 956px\" \/>\t\t\t\t\t                                           <span class=\"edgtf-pp-icon icon_plus\"><\/span>\n                    \t\t\t\t\t\t\t\t\t\t\t<\/a>\n\t\t\t\t\t\t\t\t<\/div>\n\t\t\t\t\t<div class=\"edgtf-gallery-image\">\n\t\t\t\t\t\t\t\t\t<a href=\"https:\/\/trail-aneto.com\/wp-content\/uploads\/2020\/01\/Rafa-Romero-113.jpg\" data-rel=\"prettyPhoto[single_pretty_photo]\" title=\"Rafa Romero (113)\">\n\t\t\t\t\t\t\t\t\t\t\t\t\t\t\t<img loading=\"lazy\" decoding=\"async\" width=\"956\" height=\"680\" src=\"https:\/\/trail-aneto.com\/wp-content\/uploads\/2020\/01\/Rafa-Romero-113.jpg\" class=\"attachment-full size-full\" alt=\"\" srcset=\"https:\/\/trail-aneto.com\/wp-content\/uploads\/2020\/01\/Rafa-Romero-113.jpg 956w, https:\/\/trail-aneto.com\/wp-content\/uploads\/2020\/01\/Rafa-Romero-113-300x213.jpg 300w, https:\/\/trail-aneto.com\/wp-content\/uploads\/2020\/01\/Rafa-Romero-113-768x546.jpg 768w\" sizes=\"auto, (max-width: 956px) 100vw, 956px\" \/>\t\t\t\t\t                                           <span class=\"edgtf-pp-icon icon_plus\"><\/span>\n                    \t\t\t\t\t\t\t\t\t\t\t<\/a>\n\t\t\t\t\t\t\t\t<\/div>\n\t\t\t\t\t<div class=\"edgtf-gallery-image\">\n\t\t\t\t\t\t\t\t\t<a href=\"https:\/\/trail-aneto.com\/wp-content\/uploads\/2020\/01\/Rafa-Romero-170.jpg\" data-rel=\"prettyPhoto[single_pretty_photo]\" title=\"Rafa Romero (170)\">\n\t\t\t\t\t\t\t\t\t\t\t\t\t\t\t<img loading=\"lazy\" decoding=\"async\" width=\"956\" height=\"645\" src=\"https:\/\/trail-aneto.com\/wp-content\/uploads\/2020\/01\/Rafa-Romero-170.jpg\" class=\"attachment-full size-full\" alt=\"\" srcset=\"https:\/\/trail-aneto.com\/wp-content\/uploads\/2020\/01\/Rafa-Romero-170.jpg 956w, https:\/\/trail-aneto.com\/wp-content\/uploads\/2020\/01\/Rafa-Romero-170-300x202.jpg 300w, https:\/\/trail-aneto.com\/wp-content\/uploads\/2020\/01\/Rafa-Romero-170-768x518.jpg 768w\" sizes=\"auto, (max-width: 956px) 100vw, 956px\" \/>\t\t\t\t\t                                           <span class=\"edgtf-pp-icon icon_plus\"><\/span>\n                    \t\t\t\t\t\t\t\t\t\t\t<\/a>\n\t\t\t\t\t\t\t\t<\/div>\n\t\t\t\t\t<div class=\"edgtf-gallery-image\">\n\t\t\t\t\t\t\t\t\t<a href=\"https:\/\/trail-aneto.com\/wp-content\/uploads\/2020\/01\/Rafa-Romero-184.jpg\" data-rel=\"prettyPhoto[single_pretty_photo]\" title=\"Rafa Romero (184)\">\n\t\t\t\t\t\t\t\t\t\t\t\t\t\t\t<img loading=\"lazy\" decoding=\"async\" width=\"956\" height=\"611\" src=\"https:\/\/trail-aneto.com\/wp-content\/uploads\/2020\/01\/Rafa-Romero-184.jpg\" class=\"attachment-full size-full\" alt=\"\" srcset=\"https:\/\/trail-aneto.com\/wp-content\/uploads\/2020\/01\/Rafa-Romero-184.jpg 956w, https:\/\/trail-aneto.com\/wp-content\/uploads\/2020\/01\/Rafa-Romero-184-300x192.jpg 300w, https:\/\/trail-aneto.com\/wp-content\/uploads\/2020\/01\/Rafa-Romero-184-768x491.jpg 768w\" sizes=\"auto, (max-width: 956px) 100vw, 956px\" \/>\t\t\t\t\t                                           <span class=\"edgtf-pp-icon icon_plus\"><\/span>\n                    \t\t\t\t\t\t\t\t\t\t\t<\/a>\n\t\t\t\t\t\t\t\t<\/div>\n\t\t\t<\/div>\n<\/div><\/div><\/div><\/div><\/div><\/div>\n<\/section>","protected":false},"excerpt":{"rendered":"8,5 km del recorrido por encima de 2 000 m 3,4 km de asfalto \/ 13,3 km de pista \/ 25,4 km de sendero &nbsp; Marat\u00f3n de las Tucas La Marat\u00f3n de las Tucas une los refugios de Est\u00f3s y de \u00c1ngel Or\u00fas por medio...","protected":false},"author":1,"featured_media":0,"parent":0,"menu_order":0,"comment_status":"closed","ping_status":"closed","template":"full-width.php","meta":{"footnotes":""},"class_list":["post-8315","page","type-page","status-publish","hentry"],"yoast_head":"<!-- This site is optimized with the Yoast SEO plugin v26.9 - https:\/\/yoast.com\/product\/yoast-seo-wordpress\/ -->\n<title>Marat\u00f3n de las Tucas - GTTAP<\/title>\n<meta name=\"robots\" content=\"index, follow, max-snippet:-1, max-image-preview:large, max-video-preview:-1\" \/>\n<link rel=\"canonical\" href=\"https:\/\/trail-aneto.com\/fr\/maraton-de-las-tucas\/\" \/>\n<meta property=\"og:locale\" content=\"fr_FR\" \/>\n<meta property=\"og:type\" content=\"article\" \/>\n<meta property=\"og:title\" content=\"Marat\u00f3n de las Tucas - GTTAP\" \/>\n<meta property=\"og:url\" content=\"https:\/\/trail-aneto.com\/fr\/maraton-de-las-tucas\/\" \/>\n<meta property=\"og:site_name\" content=\"GTTAP\" \/>\n<meta property=\"article:publisher\" content=\"https:\/\/www.facebook.com\/GranTrailAnetoPosets\/\" \/>\n<meta property=\"article:modified_time\" content=\"2025-12-29T11:57:19+00:00\" \/>\n<meta name=\"twitter:card\" content=\"summary_large_image\" \/>\n<meta name=\"twitter:label1\" content=\"Dur\u00e9e de lecture estim\u00e9e\" \/>\n\t<meta name=\"twitter:data1\" content=\"4 minutes\" \/>\n<script type=\"application\/ld+json\" class=\"yoast-schema-graph\">{\"@context\":\"https:\/\/schema.org\",\"@graph\":[{\"@type\":\"WebPage\",\"@id\":\"https:\/\/trail-aneto.com\/maraton-de-las-tucas\/\",\"url\":\"https:\/\/trail-aneto.com\/maraton-de-las-tucas\/\",\"name\":\"Marat\u00f3n de las Tucas - GTTAP\",\"isPartOf\":{\"@id\":\"https:\/\/trail-aneto.com\/#website\"},\"datePublished\":\"2020-01-08T16:33:37+00:00\",\"dateModified\":\"2025-12-29T11:57:19+00:00\",\"breadcrumb\":{\"@id\":\"https:\/\/trail-aneto.com\/maraton-de-las-tucas\/#breadcrumb\"},\"inLanguage\":\"fr-FR\",\"potentialAction\":[{\"@type\":\"ReadAction\",\"target\":[\"https:\/\/trail-aneto.com\/maraton-de-las-tucas\/\"]}]},{\"@type\":\"BreadcrumbList\",\"@id\":\"https:\/\/trail-aneto.com\/maraton-de-las-tucas\/#breadcrumb\",\"itemListElement\":[{\"@type\":\"ListItem\",\"position\":1,\"name\":\"Portada\",\"item\":\"https:\/\/trail-aneto.com\/\"},{\"@type\":\"ListItem\",\"position\":2,\"name\":\"Marat\u00f3n de las Tucas\"}]},{\"@type\":\"WebSite\",\"@id\":\"https:\/\/trail-aneto.com\/#website\",\"url\":\"https:\/\/trail-aneto.com\/\",\"name\":\"GTTAP\",\"description\":\"Un Pirineo Extremo - Un Recorrido Infinito\",\"publisher\":{\"@id\":\"https:\/\/trail-aneto.com\/#organization\"},\"potentialAction\":[{\"@type\":\"SearchAction\",\"target\":{\"@type\":\"EntryPoint\",\"urlTemplate\":\"https:\/\/trail-aneto.com\/?s={search_term_string}\"},\"query-input\":{\"@type\":\"PropertyValueSpecification\",\"valueRequired\":true,\"valueName\":\"search_term_string\"}}],\"inLanguage\":\"fr-FR\"},{\"@type\":\"Organization\",\"@id\":\"https:\/\/trail-aneto.com\/#organization\",\"name\":\"Gran Trail Trangoworld Aneto-Posets\",\"url\":\"https:\/\/trail-aneto.com\/\",\"logo\":{\"@type\":\"ImageObject\",\"inLanguage\":\"fr-FR\",\"@id\":\"https:\/\/trail-aneto.com\/#\/schema\/logo\/image\/\",\"url\":\"https:\/\/trail-aneto.com\/wp-content\/uploads\/2020\/01\/GTTAP-logo.png\",\"contentUrl\":\"https:\/\/trail-aneto.com\/wp-content\/uploads\/2020\/01\/GTTAP-logo.png\",\"width\":253,\"height\":253,\"caption\":\"Gran Trail Trangoworld Aneto-Posets\"},\"image\":{\"@id\":\"https:\/\/trail-aneto.com\/#\/schema\/logo\/image\/\"},\"sameAs\":[\"https:\/\/www.facebook.com\/GranTrailAnetoPosets\/\",\"https:\/\/www.instagram.com\/grantrailaneto\/?hl=es\"]}]}<\/script>\n<!-- \/ Yoast SEO plugin. -->","yoast_head_json":{"title":"Marat\u00f3n de las Tucas - GTTAP","robots":{"index":"index","follow":"follow","max-snippet":"max-snippet:-1","max-image-preview":"max-image-preview:large","max-video-preview":"max-video-preview:-1"},"canonical":"https:\/\/trail-aneto.com\/fr\/maraton-de-las-tucas\/","og_locale":"fr_FR","og_type":"article","og_title":"Marat\u00f3n de las Tucas - GTTAP","og_url":"https:\/\/trail-aneto.com\/fr\/maraton-de-las-tucas\/","og_site_name":"GTTAP","article_publisher":"https:\/\/www.facebook.com\/GranTrailAnetoPosets\/","article_modified_time":"2025-12-29T11:57:19+00:00","twitter_card":"summary_large_image","twitter_misc":{"Dur\u00e9e de lecture estim\u00e9e":"4 minutes"},"schema":{"@context":"https:\/\/schema.org","@graph":[{"@type":"WebPage","@id":"https:\/\/trail-aneto.com\/maraton-de-las-tucas\/","url":"https:\/\/trail-aneto.com\/maraton-de-las-tucas\/","name":"Marat\u00f3n de las Tucas - GTTAP","isPartOf":{"@id":"https:\/\/trail-aneto.com\/#website"},"datePublished":"2020-01-08T16:33:37+00:00","dateModified":"2025-12-29T11:57:19+00:00","breadcrumb":{"@id":"https:\/\/trail-aneto.com\/maraton-de-las-tucas\/#breadcrumb"},"inLanguage":"fr-FR","potentialAction":[{"@type":"ReadAction","target":["https:\/\/trail-aneto.com\/maraton-de-las-tucas\/"]}]},{"@type":"BreadcrumbList","@id":"https:\/\/trail-aneto.com\/maraton-de-las-tucas\/#breadcrumb","itemListElement":[{"@type":"ListItem","position":1,"name":"Portada","item":"https:\/\/trail-aneto.com\/"},{"@type":"ListItem","position":2,"name":"Marat\u00f3n de las Tucas"}]},{"@type":"WebSite","@id":"https:\/\/trail-aneto.com\/#website","url":"https:\/\/trail-aneto.com\/","name":"GTTAP","description":"An Extreme Pyrenees - An Infinite Tour","publisher":{"@id":"https:\/\/trail-aneto.com\/#organization"},"potentialAction":[{"@type":"SearchAction","target":{"@type":"EntryPoint","urlTemplate":"https:\/\/trail-aneto.com\/?s={search_term_string}"},"query-input":{"@type":"PropertyValueSpecification","valueRequired":true,"valueName":"search_term_string"}}],"inLanguage":"fr-FR"},{"@type":"Organization","@id":"https:\/\/trail-aneto.com\/#organization","name":"Grand sentier Aneto-Posets de Trangoworld","url":"https:\/\/trail-aneto.com\/","logo":{"@type":"ImageObject","inLanguage":"fr-FR","@id":"https:\/\/trail-aneto.com\/#\/schema\/logo\/image\/","url":"https:\/\/trail-aneto.com\/wp-content\/uploads\/2020\/01\/GTTAP-logo.png","contentUrl":"https:\/\/trail-aneto.com\/wp-content\/uploads\/2020\/01\/GTTAP-logo.png","width":253,"height":253,"caption":"Gran Trail Trangoworld Aneto-Posets"},"image":{"@id":"https:\/\/trail-aneto.com\/#\/schema\/logo\/image\/"},"sameAs":["https:\/\/www.facebook.com\/GranTrailAnetoPosets\/","https:\/\/www.instagram.com\/grantrailaneto\/?hl=es"]}]}},"_links":{"self":[{"href":"https:\/\/trail-aneto.com\/fr\/wp-json\/wp\/v2\/pages\/8315","targetHints":{"allow":["GET"]}}],"collection":[{"href":"https:\/\/trail-aneto.com\/fr\/wp-json\/wp\/v2\/pages"}],"about":[{"href":"https:\/\/trail-aneto.com\/fr\/wp-json\/wp\/v2\/types\/page"}],"author":[{"embeddable":true,"href":"https:\/\/trail-aneto.com\/fr\/wp-json\/wp\/v2\/users\/1"}],"replies":[{"embeddable":true,"href":"https:\/\/trail-aneto.com\/fr\/wp-json\/wp\/v2\/comments?post=8315"}],"version-history":[{"count":35,"href":"https:\/\/trail-aneto.com\/fr\/wp-json\/wp\/v2\/pages\/8315\/revisions"}],"predecessor-version":[{"id":11073,"href":"https:\/\/trail-aneto.com\/fr\/wp-json\/wp\/v2\/pages\/8315\/revisions\/11073"}],"wp:attachment":[{"href":"https:\/\/trail-aneto.com\/fr\/wp-json\/wp\/v2\/media?parent=8315"}],"curies":[{"name":"wp","href":"https:\/\/api.w.org\/{rel}","templated":true}]}}