{"id":8319,"date":"2020-01-08T17:35:15","date_gmt":"2020-01-08T16:35:15","guid":{"rendered":"https:\/\/trail-aneto.com\/?page_id=8319"},"modified":"2025-12-29T12:56:51","modified_gmt":"2025-12-29T11:56:51","slug":"vuelta-al-molino-de-cerler","status":"publish","type":"page","link":"https:\/\/trail-aneto.com\/fr\/vuelta-al-molino-de-cerler\/","title":{"rendered":"Visite du moulin de Cerler"},"content":{"rendered":"<section class=\"wpb-content-wrapper\"><div class=\"vc_row wpb_row vc_row-fluid edgtf-section vc_custom_1578581721661 edgtf-content-aligment-left edgtf-grid-section\" style=\"\"><div class=\"clearfix edgtf-section-inner\"><div class=\"edgtf-section-inner-margin clearfix\"><div class=\"wpb_column vc_column_container vc_col-sm-1\"><div class=\"vc_column-inner\"><div class=\"wpb_wrapper\">\n\t<div  class=\"wpb_single_image wpb_content_element vc_align_left  wpb_animate_when_almost_visible wpb_fadeIn fadeIn vc_custom_1578655321597\">\n\t\t\n\t\t<figure class=\"wpb_wrapper vc_figure\">\n\t\t\t<div class=\"vc_single_image-wrapper   vc_box_border_grey\"><img loading=\"lazy\" decoding=\"async\" width=\"50\" height=\"118\" src=\"https:\/\/trail-aneto.com\/wp-content\/uploads\/2020\/01\/Molino_corredor280@2x-e1578655279559.png\" class=\"vc_single_image-img attachment-full\" alt=\"\" title=\"Molino_corredor280@2x\" \/><\/div>\n\t\t<\/figure>\n\t<\/div>\n<\/div><\/div><\/div><div class=\"wpb_column vc_column_container vc_col-sm-8\"><div class=\"vc_column-inner\"><div class=\"wpb_wrapper\">\n\t<div class=\"wpb_text_column wpb_content_element  vc_custom_1704367955806\" >\n\t\t<div class=\"wpb_wrapper\">\n\t\t\t<h6>1,5 km de asfalto \/ 1,4 km de pista \/ 6,7 km de sendero<\/h6>\n<p>&nbsp;<\/p>\n<h4><strong>Visite du moulin de Cerler<\/strong><\/h4>\n\n\t\t<\/div>\n\t<\/div>\n\n\t<div class=\"wpb_text_column wpb_content_element  vc_custom_1704368164703\" >\n\t\t<div class=\"wpb_wrapper\">\n\t\t\t<p>La Vuelta al Molino de Cerler discurre por pistas y senderos que unen la villa de Benasque con las localidades de Anciles y Cerler.<br \/>\nEs un recorrido pensado para que participen los menores de 18 a\u00f1os, aunque los mayores a esa edad no est\u00e1n excluidos, m\u00e1s bien al contrario, pues es perfecto para iniciarse en este tipo de carreras por monta\u00f1a en pleno Pirineo.<br \/>\nDesde su inicio en la villa de Benasque, la carrera pone rumbo a la urbanizaci\u00f3n de Linsoles por la ribera del r\u00edo \u00c9sera, llegando despu\u00e9s a la pintoresca localidad de Anciles, para tomar desde all\u00ed el PR-HU 33 que asciende hasta la localidad de Cerler. Una vez alcanzada la base de la estaci\u00f3n de esqu\u00ed en El Molino, comienza un vertiginoso descenso por los PR-HU 27 y 28, cruzando la l\u00ednea de meta de nuevo en Benasque.<\/p>\n\n\t\t<\/div>\n\t<\/div>\n<\/div><\/div><\/div><div class=\"wpb_column vc_column_container vc_col-sm-3\"><div class=\"vc_column-inner\"><div class=\"wpb_wrapper\">\n\t<div class=\"wpb_text_column wpb_content_element\" >\n\t\t<div class=\"wpb_wrapper\">\n\t\t\t<p><span style=\"color: #800080;\"><strong>INFORMATIONS<\/strong><\/span><\/p>\n<p><strong>Les cat\u00e9gories<\/strong><br \/>\nM\u00e2le et femelle absolus<br \/>\nPromesse masculine et f\u00e9minine<br \/>\nCadet masculin et f\u00e9minin<br \/>\nV\u00e9t\u00e9ran A m\u00e2le et femelle<br \/>\nV\u00e9t\u00e9ran B m\u00e2le et femelle<br \/>\nVeterana C masculina y femenina<\/p>\n<p><strong>Limite d&#039;inscription<\/strong><br \/>\n450 participantes<\/p>\n\n\t\t<\/div>\n\t<\/div>\n<div class=\"vc_empty_space\"   style=\"height: 40px\"><span class=\"vc_empty_space_inner\"><\/span><\/div><\/div><\/div><\/div><\/div><\/div><\/div><div class=\"vc_row wpb_row vc_row-fluid edgtf-section vc_custom_1578580704559 edgtf-content-aligment-left edgtf-grid-section\" style=\"\"><div class=\"clearfix edgtf-section-inner\"><div class=\"edgtf-section-inner-margin clearfix\"><div class=\"wpb_column vc_column_container vc_col-sm-1\/5 vc_col-lg-1\/5\"><div class=\"vc_column-inner vc_custom_1578580285162\"><div class=\"wpb_wrapper\"><a href=\"https:\/\/trail-aneto.com\/fr\/programa-vmc\/\" target=\"_self\"  class=\"edgtf-btn edgtf-btn-small edgtf-btn-transparent\"  >\n\t\t\t<span class=\"edgtf-btn-text\">PROGRAMME<\/span>\n\t    <\/a><\/div><\/div><\/div><div class=\"wpb_column vc_column_container vc_col-sm-1\/5\"><div class=\"vc_column-inner vc_custom_1578580300344\"><div class=\"wpb_wrapper\"><a href=\"https:\/\/trail-aneto.com\/fr\/listado-inscritos-vuelta-al-molino-de-cerler\/\" target=\"_self\"  class=\"edgtf-btn edgtf-btn-small edgtf-btn-transparent\"  >\n\t\t\t<span class=\"edgtf-btn-text\">INSCRIT<\/span>\n\t    <\/a><\/div><\/div><\/div><div class=\"wpb_column vc_column_container vc_col-sm-1\/5\"><div class=\"vc_column-inner vc_custom_1578580311155\"><div class=\"wpb_wrapper\"><a href=\"https:\/\/trail-aneto.com\/wp-content\/uploads\/2024\/01\/mapa_Vuelta-molino_2024.jpg\" target=\"_blank\"  class=\"edgtf-btn edgtf-btn-small edgtf-btn-transparent fancyboxModal\"  >\n\t\t\t<span class=\"edgtf-btn-text\">CARTE<\/span>\n\t    <\/a><\/div><\/div><\/div><div class=\"wpb_column vc_column_container vc_col-sm-1\/5\"><div class=\"vc_column-inner vc_custom_1578580321427\"><div class=\"wpb_wrapper\"><a href=\"\/tracks\/VUELTA_MOLINO_CERLER_2024.gpx\" target=\"_self\"  class=\"edgtf-btn edgtf-btn-small edgtf-btn-transparent\"  >\n\t\t\t<span class=\"edgtf-btn-text\">TRACK<\/span>\n\t    <\/a><\/div><\/div><\/div><div class=\"wpb_column vc_column_container vc_col-sm-1\/5\"><div class=\"vc_column-inner\"><div class=\"wpb_wrapper\"><a href=\"https:\/\/trail-aneto.com\/wp-content\/uploads\/2025\/12\/Tabla-de-recorridos-Molino.pdf\" target=\"_blank\"  class=\"edgtf-btn edgtf-btn-small edgtf-btn-transparent\"  >\n\t\t\t<span class=\"edgtf-btn-text\">VOYAGE<\/span>\n\t    <\/a><\/div><\/div><\/div><\/div><\/div><\/div><div class=\"vc_row wpb_row vc_row-fluid edgtf-section vc_custom_1578581001137 edgtf-content-aligment-left edgtf-grid-section\" style=\"\"><div class=\"clearfix edgtf-section-inner\"><div class=\"edgtf-section-inner-margin clearfix\"><div class=\"wpb_column vc_column_container vc_col-sm-12\"><div class=\"vc_column-inner\"><div class=\"wpb_wrapper\">\n\t<div class=\"wpb_text_column wpb_content_element  wpb_animate_when_almost_visible wpb_fadeIn fadeIn\" >\n\t\t<div class=\"wpb_wrapper\">\n\t\t\t<p style=\"text-align: left; color: black; font-size: 4.5em;\">&quot;Un d\u00e9but <span style=\"color: #e96113;\">prometteur<\/span> <span style=\"font-size: 0.25em; color: #e96113;\">Un bon d\u00e9but pour d\u00e9buter dans ce sport<\/span><\/p>\n\n\t\t<\/div>\n\t<\/div>\n<\/div><\/div><\/div><\/div><\/div><\/div><div data-edgtf-parallax-speed=\"1\" class=\"vc_row wpb_row vc_row-fluid edgtf-section edgtf-content-aligment-left edgtf-parallax-section-holder edgtf-parallax-section-holder-touch-disabled\" style=\"min-height:400px;height:auto;\"><div class=\"clearfix edgtf-full-section-inner\"><div class=\"wpb_column vc_column_container vc_col-sm-12\"><div class=\"vc_column-inner\"><div class=\"wpb_wrapper\">\n\t<div  class=\"wpb_single_image wpb_content_element vc_align_center  wpb_animate_when_almost_visible wpb_fadeIn fadeIn\">\n\t\t\n\t\t<figure class=\"wpb_wrapper vc_figure\">\n\t\t\t<div class=\"vc_single_image-wrapper   vc_box_border_grey\"><img loading=\"lazy\" decoding=\"async\" width=\"2048\" height=\"985\" src=\"https:\/\/trail-aneto.com\/wp-content\/uploads\/2024\/01\/Perfil-24-Molino.jpg\" class=\"vc_single_image-img attachment-full\" alt=\"\" title=\"Perfil-24-Molino\" srcset=\"https:\/\/trail-aneto.com\/wp-content\/uploads\/2024\/01\/Perfil-24-Molino.jpg 2048w, https:\/\/trail-aneto.com\/wp-content\/uploads\/2024\/01\/Perfil-24-Molino-300x144.jpg 300w, https:\/\/trail-aneto.com\/wp-content\/uploads\/2024\/01\/Perfil-24-Molino-1024x493.jpg 1024w, https:\/\/trail-aneto.com\/wp-content\/uploads\/2024\/01\/Perfil-24-Molino-768x369.jpg 768w, https:\/\/trail-aneto.com\/wp-content\/uploads\/2024\/01\/Perfil-24-Molino-1536x739.jpg 1536w, https:\/\/trail-aneto.com\/wp-content\/uploads\/2024\/01\/Perfil-24-Molino-18x9.jpg 18w\" sizes=\"auto, (max-width: 2048px) 100vw, 2048px\" \/><\/div>\n\t\t<\/figure>\n\t<\/div>\n<\/div><\/div><\/div><\/div><\/div><div class=\"vc_row wpb_row vc_row-fluid edgtf-section edgtf-content-aligment-left\" style=\"\"><div class=\"clearfix edgtf-full-section-inner\"><div class=\"wpb_column vc_column_container vc_col-sm-12\"><div class=\"vc_column-inner\"><div class=\"wpb_wrapper\"><div class=\"edgtf-image-gallery\">\n\t<div class=\"edgtf-image-gallery-grid edgtf-gallery-columns-5 edgtf-gallery-no-space edgtf-gallery-prettyphoto clearfix\" >\n\t\t\t\t\t<div class=\"edgtf-gallery-image\">\n\t\t\t\t\t\t\t\t\t<a href=\"https:\/\/trail-aneto.com\/wp-content\/uploads\/2025\/01\/001-4.jpg\" data-rel=\"prettyPhoto[single_pretty_photo]\" title=\"001\">\n\t\t\t\t\t\t\t\t\t\t\t\t\t\t\t<img loading=\"lazy\" decoding=\"async\" width=\"550\" height=\"550\" src=\"https:\/\/trail-aneto.com\/wp-content\/uploads\/2025\/01\/001-4.jpg\" class=\"attachment-full size-full\" alt=\"\" srcset=\"https:\/\/trail-aneto.com\/wp-content\/uploads\/2025\/01\/001-4.jpg 550w, https:\/\/trail-aneto.com\/wp-content\/uploads\/2025\/01\/001-4-300x300.jpg 300w, https:\/\/trail-aneto.com\/wp-content\/uploads\/2025\/01\/001-4-150x150.jpg 150w, https:\/\/trail-aneto.com\/wp-content\/uploads\/2025\/01\/001-4-12x12.jpg 12w\" sizes=\"auto, (max-width: 550px) 100vw, 550px\" \/>\t\t\t\t\t                                           <span class=\"edgtf-pp-icon icon_plus\"><\/span>\n                    \t\t\t\t\t\t\t\t\t\t\t<\/a>\n\t\t\t\t\t\t\t\t<\/div>\n\t\t\t\t\t<div class=\"edgtf-gallery-image\">\n\t\t\t\t\t\t\t\t\t<a href=\"https:\/\/trail-aneto.com\/wp-content\/uploads\/2025\/01\/002-3.jpg\" data-rel=\"prettyPhoto[single_pretty_photo]\" title=\"002\">\n\t\t\t\t\t\t\t\t\t\t\t\t\t\t\t<img loading=\"lazy\" decoding=\"async\" width=\"550\" height=\"550\" src=\"https:\/\/trail-aneto.com\/wp-content\/uploads\/2025\/01\/002-3.jpg\" class=\"attachment-full size-full\" alt=\"\" srcset=\"https:\/\/trail-aneto.com\/wp-content\/uploads\/2025\/01\/002-3.jpg 550w, https:\/\/trail-aneto.com\/wp-content\/uploads\/2025\/01\/002-3-300x300.jpg 300w, https:\/\/trail-aneto.com\/wp-content\/uploads\/2025\/01\/002-3-150x150.jpg 150w, https:\/\/trail-aneto.com\/wp-content\/uploads\/2025\/01\/002-3-12x12.jpg 12w\" sizes=\"auto, (max-width: 550px) 100vw, 550px\" \/>\t\t\t\t\t                                           <span class=\"edgtf-pp-icon icon_plus\"><\/span>\n                    \t\t\t\t\t\t\t\t\t\t\t<\/a>\n\t\t\t\t\t\t\t\t<\/div>\n\t\t\t\t\t<div class=\"edgtf-gallery-image\">\n\t\t\t\t\t\t\t\t\t<a href=\"https:\/\/trail-aneto.com\/wp-content\/uploads\/2025\/01\/003-4.jpg\" data-rel=\"prettyPhoto[single_pretty_photo]\" title=\"003\">\n\t\t\t\t\t\t\t\t\t\t\t\t\t\t\t<img loading=\"lazy\" decoding=\"async\" width=\"550\" height=\"550\" src=\"https:\/\/trail-aneto.com\/wp-content\/uploads\/2025\/01\/003-4.jpg\" class=\"attachment-full size-full\" alt=\"\" srcset=\"https:\/\/trail-aneto.com\/wp-content\/uploads\/2025\/01\/003-4.jpg 550w, https:\/\/trail-aneto.com\/wp-content\/uploads\/2025\/01\/003-4-300x300.jpg 300w, https:\/\/trail-aneto.com\/wp-content\/uploads\/2025\/01\/003-4-150x150.jpg 150w, https:\/\/trail-aneto.com\/wp-content\/uploads\/2025\/01\/003-4-12x12.jpg 12w\" sizes=\"auto, (max-width: 550px) 100vw, 550px\" \/>\t\t\t\t\t                                           <span class=\"edgtf-pp-icon icon_plus\"><\/span>\n                    \t\t\t\t\t\t\t\t\t\t\t<\/a>\n\t\t\t\t\t\t\t\t<\/div>\n\t\t\t\t\t<div class=\"edgtf-gallery-image\">\n\t\t\t\t\t\t\t\t\t<a href=\"https:\/\/trail-aneto.com\/wp-content\/uploads\/2025\/01\/004-4.jpg\" data-rel=\"prettyPhoto[single_pretty_photo]\" title=\"004\">\n\t\t\t\t\t\t\t\t\t\t\t\t\t\t\t<img loading=\"lazy\" decoding=\"async\" width=\"550\" height=\"550\" src=\"https:\/\/trail-aneto.com\/wp-content\/uploads\/2025\/01\/004-4.jpg\" class=\"attachment-full size-full\" alt=\"\" srcset=\"https:\/\/trail-aneto.com\/wp-content\/uploads\/2025\/01\/004-4.jpg 550w, https:\/\/trail-aneto.com\/wp-content\/uploads\/2025\/01\/004-4-300x300.jpg 300w, https:\/\/trail-aneto.com\/wp-content\/uploads\/2025\/01\/004-4-150x150.jpg 150w, https:\/\/trail-aneto.com\/wp-content\/uploads\/2025\/01\/004-4-12x12.jpg 12w\" sizes=\"auto, (max-width: 550px) 100vw, 550px\" \/>\t\t\t\t\t                                           <span class=\"edgtf-pp-icon icon_plus\"><\/span>\n                    \t\t\t\t\t\t\t\t\t\t\t<\/a>\n\t\t\t\t\t\t\t\t<\/div>\n\t\t\t\t\t<div class=\"edgtf-gallery-image\">\n\t\t\t\t\t\t\t\t\t<a href=\"https:\/\/trail-aneto.com\/wp-content\/uploads\/2025\/01\/005-4.jpg\" data-rel=\"prettyPhoto[single_pretty_photo]\" title=\"005\">\n\t\t\t\t\t\t\t\t\t\t\t\t\t\t\t<img loading=\"lazy\" decoding=\"async\" width=\"550\" height=\"550\" src=\"https:\/\/trail-aneto.com\/wp-content\/uploads\/2025\/01\/005-4.jpg\" class=\"attachment-full size-full\" alt=\"\" srcset=\"https:\/\/trail-aneto.com\/wp-content\/uploads\/2025\/01\/005-4.jpg 550w, https:\/\/trail-aneto.com\/wp-content\/uploads\/2025\/01\/005-4-300x300.jpg 300w, https:\/\/trail-aneto.com\/wp-content\/uploads\/2025\/01\/005-4-150x150.jpg 150w, https:\/\/trail-aneto.com\/wp-content\/uploads\/2025\/01\/005-4-12x12.jpg 12w\" sizes=\"auto, (max-width: 550px) 100vw, 550px\" \/>\t\t\t\t\t                                           <span class=\"edgtf-pp-icon icon_plus\"><\/span>\n                    \t\t\t\t\t\t\t\t\t\t\t<\/a>\n\t\t\t\t\t\t\t\t<\/div>\n\t\t\t\t\t<div class=\"edgtf-gallery-image\">\n\t\t\t\t\t\t\t\t\t<a href=\"https:\/\/trail-aneto.com\/wp-content\/uploads\/2025\/01\/006-4.jpg\" data-rel=\"prettyPhoto[single_pretty_photo]\" title=\"006\">\n\t\t\t\t\t\t\t\t\t\t\t\t\t\t\t<img loading=\"lazy\" decoding=\"async\" width=\"550\" height=\"550\" src=\"https:\/\/trail-aneto.com\/wp-content\/uploads\/2025\/01\/006-4.jpg\" class=\"attachment-full size-full\" alt=\"\" srcset=\"https:\/\/trail-aneto.com\/wp-content\/uploads\/2025\/01\/006-4.jpg 550w, https:\/\/trail-aneto.com\/wp-content\/uploads\/2025\/01\/006-4-300x300.jpg 300w, https:\/\/trail-aneto.com\/wp-content\/uploads\/2025\/01\/006-4-150x150.jpg 150w, https:\/\/trail-aneto.com\/wp-content\/uploads\/2025\/01\/006-4-12x12.jpg 12w\" sizes=\"auto, (max-width: 550px) 100vw, 550px\" \/>\t\t\t\t\t                                           <span class=\"edgtf-pp-icon icon_plus\"><\/span>\n                    \t\t\t\t\t\t\t\t\t\t\t<\/a>\n\t\t\t\t\t\t\t\t<\/div>\n\t\t\t\t\t<div class=\"edgtf-gallery-image\">\n\t\t\t\t\t\t\t\t\t<a href=\"https:\/\/trail-aneto.com\/wp-content\/uploads\/2025\/01\/007-4.jpg\" data-rel=\"prettyPhoto[single_pretty_photo]\" title=\"007\">\n\t\t\t\t\t\t\t\t\t\t\t\t\t\t\t<img loading=\"lazy\" decoding=\"async\" width=\"550\" height=\"550\" src=\"https:\/\/trail-aneto.com\/wp-content\/uploads\/2025\/01\/007-4.jpg\" class=\"attachment-full size-full\" alt=\"\" srcset=\"https:\/\/trail-aneto.com\/wp-content\/uploads\/2025\/01\/007-4.jpg 550w, https:\/\/trail-aneto.com\/wp-content\/uploads\/2025\/01\/007-4-300x300.jpg 300w, https:\/\/trail-aneto.com\/wp-content\/uploads\/2025\/01\/007-4-150x150.jpg 150w, https:\/\/trail-aneto.com\/wp-content\/uploads\/2025\/01\/007-4-12x12.jpg 12w\" sizes=\"auto, (max-width: 550px) 100vw, 550px\" \/>\t\t\t\t\t                                           <span class=\"edgtf-pp-icon icon_plus\"><\/span>\n                    \t\t\t\t\t\t\t\t\t\t\t<\/a>\n\t\t\t\t\t\t\t\t<\/div>\n\t\t\t\t\t<div class=\"edgtf-gallery-image\">\n\t\t\t\t\t\t\t\t\t<a href=\"https:\/\/trail-aneto.com\/wp-content\/uploads\/2025\/01\/008-3.jpg\" data-rel=\"prettyPhoto[single_pretty_photo]\" title=\"008\">\n\t\t\t\t\t\t\t\t\t\t\t\t\t\t\t<img loading=\"lazy\" decoding=\"async\" width=\"550\" height=\"550\" src=\"https:\/\/trail-aneto.com\/wp-content\/uploads\/2025\/01\/008-3.jpg\" class=\"attachment-full size-full\" alt=\"\" srcset=\"https:\/\/trail-aneto.com\/wp-content\/uploads\/2025\/01\/008-3.jpg 550w, https:\/\/trail-aneto.com\/wp-content\/uploads\/2025\/01\/008-3-300x300.jpg 300w, https:\/\/trail-aneto.com\/wp-content\/uploads\/2025\/01\/008-3-150x150.jpg 150w, https:\/\/trail-aneto.com\/wp-content\/uploads\/2025\/01\/008-3-12x12.jpg 12w\" sizes=\"auto, (max-width: 550px) 100vw, 550px\" \/>\t\t\t\t\t                                           <span class=\"edgtf-pp-icon icon_plus\"><\/span>\n                    \t\t\t\t\t\t\t\t\t\t\t<\/a>\n\t\t\t\t\t\t\t\t<\/div>\n\t\t\t\t\t<div class=\"edgtf-gallery-image\">\n\t\t\t\t\t\t\t\t\t<a href=\"https:\/\/trail-aneto.com\/wp-content\/uploads\/2025\/01\/009-4.jpg\" data-rel=\"prettyPhoto[single_pretty_photo]\" title=\"009\">\n\t\t\t\t\t\t\t\t\t\t\t\t\t\t\t<img loading=\"lazy\" decoding=\"async\" width=\"550\" height=\"550\" src=\"https:\/\/trail-aneto.com\/wp-content\/uploads\/2025\/01\/009-4.jpg\" class=\"attachment-full size-full\" alt=\"\" srcset=\"https:\/\/trail-aneto.com\/wp-content\/uploads\/2025\/01\/009-4.jpg 550w, https:\/\/trail-aneto.com\/wp-content\/uploads\/2025\/01\/009-4-300x300.jpg 300w, https:\/\/trail-aneto.com\/wp-content\/uploads\/2025\/01\/009-4-150x150.jpg 150w, https:\/\/trail-aneto.com\/wp-content\/uploads\/2025\/01\/009-4-12x12.jpg 12w\" sizes=\"auto, (max-width: 550px) 100vw, 550px\" \/>\t\t\t\t\t                                           <span class=\"edgtf-pp-icon icon_plus\"><\/span>\n                    \t\t\t\t\t\t\t\t\t\t\t<\/a>\n\t\t\t\t\t\t\t\t<\/div>\n\t\t\t\t\t<div class=\"edgtf-gallery-image\">\n\t\t\t\t\t\t\t\t\t<a href=\"https:\/\/trail-aneto.com\/wp-content\/uploads\/2025\/01\/010-4.jpg\" data-rel=\"prettyPhoto[single_pretty_photo]\" title=\"010\">\n\t\t\t\t\t\t\t\t\t\t\t\t\t\t\t<img loading=\"lazy\" decoding=\"async\" width=\"550\" height=\"550\" src=\"https:\/\/trail-aneto.com\/wp-content\/uploads\/2025\/01\/010-4.jpg\" class=\"attachment-full size-full\" alt=\"\" srcset=\"https:\/\/trail-aneto.com\/wp-content\/uploads\/2025\/01\/010-4.jpg 550w, https:\/\/trail-aneto.com\/wp-content\/uploads\/2025\/01\/010-4-300x300.jpg 300w, https:\/\/trail-aneto.com\/wp-content\/uploads\/2025\/01\/010-4-150x150.jpg 150w, https:\/\/trail-aneto.com\/wp-content\/uploads\/2025\/01\/010-4-12x12.jpg 12w\" sizes=\"auto, (max-width: 550px) 100vw, 550px\" \/>\t\t\t\t\t                                           <span class=\"edgtf-pp-icon icon_plus\"><\/span>\n                    \t\t\t\t\t\t\t\t\t\t\t<\/a>\n\t\t\t\t\t\t\t\t<\/div>\n\t\t\t<\/div>\n<\/div><\/div><\/div><\/div><\/div><\/div>\n<\/section>","protected":false},"excerpt":{"rendered":"1,5 km de asfalto \/ 1,4 km de pista \/ 6,7 km de sendero &nbsp; Vuelta al Molino de Cerler La Vuelta al Molino de Cerler discurre por pistas y senderos que unen la villa de Benasque con las localidades de Anciles y Cerler. Es...","protected":false},"author":1,"featured_media":0,"parent":0,"menu_order":0,"comment_status":"closed","ping_status":"closed","template":"full-width.php","meta":{"footnotes":""},"class_list":["post-8319","page","type-page","status-publish","hentry"],"yoast_head":"<!-- This site is optimized with the Yoast SEO plugin v26.9 - https:\/\/yoast.com\/product\/yoast-seo-wordpress\/ -->\n<title>Vuelta al Molino de Cerler - GTTAP<\/title>\n<meta name=\"robots\" content=\"index, follow, max-snippet:-1, max-image-preview:large, max-video-preview:-1\" \/>\n<link rel=\"canonical\" href=\"https:\/\/trail-aneto.com\/fr\/vuelta-al-molino-de-cerler\/\" \/>\n<meta property=\"og:locale\" content=\"fr_FR\" \/>\n<meta property=\"og:type\" content=\"article\" \/>\n<meta property=\"og:title\" content=\"Vuelta al Molino de Cerler - GTTAP\" \/>\n<meta property=\"og:url\" content=\"https:\/\/trail-aneto.com\/fr\/vuelta-al-molino-de-cerler\/\" \/>\n<meta property=\"og:site_name\" content=\"GTTAP\" \/>\n<meta property=\"article:publisher\" content=\"https:\/\/www.facebook.com\/GranTrailAnetoPosets\/\" \/>\n<meta property=\"article:modified_time\" content=\"2025-12-29T11:56:51+00:00\" \/>\n<meta name=\"twitter:card\" content=\"summary_large_image\" \/>\n<meta name=\"twitter:label1\" content=\"Dur\u00e9e de lecture estim\u00e9e\" \/>\n\t<meta name=\"twitter:data1\" content=\"2 minutes\" \/>\n<script type=\"application\/ld+json\" class=\"yoast-schema-graph\">{\"@context\":\"https:\/\/schema.org\",\"@graph\":[{\"@type\":\"WebPage\",\"@id\":\"https:\/\/trail-aneto.com\/vuelta-al-molino-de-cerler\/\",\"url\":\"https:\/\/trail-aneto.com\/vuelta-al-molino-de-cerler\/\",\"name\":\"Vuelta al Molino de Cerler - GTTAP\",\"isPartOf\":{\"@id\":\"https:\/\/trail-aneto.com\/#website\"},\"datePublished\":\"2020-01-08T16:35:15+00:00\",\"dateModified\":\"2025-12-29T11:56:51+00:00\",\"breadcrumb\":{\"@id\":\"https:\/\/trail-aneto.com\/vuelta-al-molino-de-cerler\/#breadcrumb\"},\"inLanguage\":\"fr-FR\",\"potentialAction\":[{\"@type\":\"ReadAction\",\"target\":[\"https:\/\/trail-aneto.com\/vuelta-al-molino-de-cerler\/\"]}]},{\"@type\":\"BreadcrumbList\",\"@id\":\"https:\/\/trail-aneto.com\/vuelta-al-molino-de-cerler\/#breadcrumb\",\"itemListElement\":[{\"@type\":\"ListItem\",\"position\":1,\"name\":\"Portada\",\"item\":\"https:\/\/trail-aneto.com\/\"},{\"@type\":\"ListItem\",\"position\":2,\"name\":\"Vuelta al Molino de Cerler\"}]},{\"@type\":\"WebSite\",\"@id\":\"https:\/\/trail-aneto.com\/#website\",\"url\":\"https:\/\/trail-aneto.com\/\",\"name\":\"GTTAP\",\"description\":\"Un Pirineo Extremo - Un Recorrido Infinito\",\"publisher\":{\"@id\":\"https:\/\/trail-aneto.com\/#organization\"},\"potentialAction\":[{\"@type\":\"SearchAction\",\"target\":{\"@type\":\"EntryPoint\",\"urlTemplate\":\"https:\/\/trail-aneto.com\/?s={search_term_string}\"},\"query-input\":{\"@type\":\"PropertyValueSpecification\",\"valueRequired\":true,\"valueName\":\"search_term_string\"}}],\"inLanguage\":\"fr-FR\"},{\"@type\":\"Organization\",\"@id\":\"https:\/\/trail-aneto.com\/#organization\",\"name\":\"Gran Trail Trangoworld Aneto-Posets\",\"url\":\"https:\/\/trail-aneto.com\/\",\"logo\":{\"@type\":\"ImageObject\",\"inLanguage\":\"fr-FR\",\"@id\":\"https:\/\/trail-aneto.com\/#\/schema\/logo\/image\/\",\"url\":\"https:\/\/trail-aneto.com\/wp-content\/uploads\/2020\/01\/GTTAP-logo.png\",\"contentUrl\":\"https:\/\/trail-aneto.com\/wp-content\/uploads\/2020\/01\/GTTAP-logo.png\",\"width\":253,\"height\":253,\"caption\":\"Gran Trail Trangoworld Aneto-Posets\"},\"image\":{\"@id\":\"https:\/\/trail-aneto.com\/#\/schema\/logo\/image\/\"},\"sameAs\":[\"https:\/\/www.facebook.com\/GranTrailAnetoPosets\/\",\"https:\/\/www.instagram.com\/grantrailaneto\/?hl=es\"]}]}<\/script>\n<!-- \/ Yoast SEO plugin. -->","yoast_head_json":{"title":"Vuelta al Molino de Cerler - GTTAP","robots":{"index":"index","follow":"follow","max-snippet":"max-snippet:-1","max-image-preview":"max-image-preview:large","max-video-preview":"max-video-preview:-1"},"canonical":"https:\/\/trail-aneto.com\/fr\/vuelta-al-molino-de-cerler\/","og_locale":"fr_FR","og_type":"article","og_title":"Vuelta al Molino de Cerler - GTTAP","og_url":"https:\/\/trail-aneto.com\/fr\/vuelta-al-molino-de-cerler\/","og_site_name":"GTTAP","article_publisher":"https:\/\/www.facebook.com\/GranTrailAnetoPosets\/","article_modified_time":"2025-12-29T11:56:51+00:00","twitter_card":"summary_large_image","twitter_misc":{"Dur\u00e9e de lecture estim\u00e9e":"2 minutes"},"schema":{"@context":"https:\/\/schema.org","@graph":[{"@type":"WebPage","@id":"https:\/\/trail-aneto.com\/vuelta-al-molino-de-cerler\/","url":"https:\/\/trail-aneto.com\/vuelta-al-molino-de-cerler\/","name":"Vuelta al Molino de Cerler - GTTAP","isPartOf":{"@id":"https:\/\/trail-aneto.com\/#website"},"datePublished":"2020-01-08T16:35:15+00:00","dateModified":"2025-12-29T11:56:51+00:00","breadcrumb":{"@id":"https:\/\/trail-aneto.com\/vuelta-al-molino-de-cerler\/#breadcrumb"},"inLanguage":"fr-FR","potentialAction":[{"@type":"ReadAction","target":["https:\/\/trail-aneto.com\/vuelta-al-molino-de-cerler\/"]}]},{"@type":"BreadcrumbList","@id":"https:\/\/trail-aneto.com\/vuelta-al-molino-de-cerler\/#breadcrumb","itemListElement":[{"@type":"ListItem","position":1,"name":"Portada","item":"https:\/\/trail-aneto.com\/"},{"@type":"ListItem","position":2,"name":"Vuelta al Molino de Cerler"}]},{"@type":"WebSite","@id":"https:\/\/trail-aneto.com\/#website","url":"https:\/\/trail-aneto.com\/","name":"GTTAP","description":"An Extreme Pyrenees - An Infinite Tour","publisher":{"@id":"https:\/\/trail-aneto.com\/#organization"},"potentialAction":[{"@type":"SearchAction","target":{"@type":"EntryPoint","urlTemplate":"https:\/\/trail-aneto.com\/?s={search_term_string}"},"query-input":{"@type":"PropertyValueSpecification","valueRequired":true,"valueName":"search_term_string"}}],"inLanguage":"fr-FR"},{"@type":"Organization","@id":"https:\/\/trail-aneto.com\/#organization","name":"Grand sentier Aneto-Posets de Trangoworld","url":"https:\/\/trail-aneto.com\/","logo":{"@type":"ImageObject","inLanguage":"fr-FR","@id":"https:\/\/trail-aneto.com\/#\/schema\/logo\/image\/","url":"https:\/\/trail-aneto.com\/wp-content\/uploads\/2020\/01\/GTTAP-logo.png","contentUrl":"https:\/\/trail-aneto.com\/wp-content\/uploads\/2020\/01\/GTTAP-logo.png","width":253,"height":253,"caption":"Gran Trail Trangoworld Aneto-Posets"},"image":{"@id":"https:\/\/trail-aneto.com\/#\/schema\/logo\/image\/"},"sameAs":["https:\/\/www.facebook.com\/GranTrailAnetoPosets\/","https:\/\/www.instagram.com\/grantrailaneto\/?hl=es"]}]}},"_links":{"self":[{"href":"https:\/\/trail-aneto.com\/fr\/wp-json\/wp\/v2\/pages\/8319","targetHints":{"allow":["GET"]}}],"collection":[{"href":"https:\/\/trail-aneto.com\/fr\/wp-json\/wp\/v2\/pages"}],"about":[{"href":"https:\/\/trail-aneto.com\/fr\/wp-json\/wp\/v2\/types\/page"}],"author":[{"embeddable":true,"href":"https:\/\/trail-aneto.com\/fr\/wp-json\/wp\/v2\/users\/1"}],"replies":[{"embeddable":true,"href":"https:\/\/trail-aneto.com\/fr\/wp-json\/wp\/v2\/comments?post=8319"}],"version-history":[{"count":41,"href":"https:\/\/trail-aneto.com\/fr\/wp-json\/wp\/v2\/pages\/8319\/revisions"}],"predecessor-version":[{"id":11072,"href":"https:\/\/trail-aneto.com\/fr\/wp-json\/wp\/v2\/pages\/8319\/revisions\/11072"}],"wp:attachment":[{"href":"https:\/\/trail-aneto.com\/fr\/wp-json\/wp\/v2\/media?parent=8319"}],"curies":[{"name":"wp","href":"https:\/\/api.w.org\/{rel}","templated":true}]}}