{"id":8621,"date":"2020-01-14T12:57:40","date_gmt":"2020-01-14T11:57:40","guid":{"rendered":"https:\/\/trail-aneto.com\/?page_id=8621"},"modified":"2025-12-29T13:06:50","modified_gmt":"2025-12-29T12:06:50","slug":"kv-aneto-posets","status":"publish","type":"page","link":"https:\/\/trail-aneto.com\/fr\/kv-aneto-posets\/","title":{"rendered":"KV Aneto-Posets"},"content":{"rendered":"<section class=\"wpb-content-wrapper\"><div class=\"vc_row wpb_row vc_row-fluid edgtf-section vc_custom_1578581721661 edgtf-content-aligment-left edgtf-grid-section\" style=\"\"><div class=\"clearfix edgtf-section-inner\"><div class=\"edgtf-section-inner-margin clearfix\"><div class=\"wpb_column vc_column_container vc_col-sm-1\"><div class=\"vc_column-inner\"><div class=\"wpb_wrapper\">\n\t<div  class=\"wpb_single_image wpb_content_element vc_align_left  wpb_animate_when_almost_visible wpb_fadeIn fadeIn vc_custom_1579016106054\">\n\t\t\n\t\t<figure class=\"wpb_wrapper vc_figure\">\n\t\t\t<div class=\"vc_single_image-wrapper   vc_box_border_grey\"><img loading=\"lazy\" decoding=\"async\" width=\"50\" height=\"118\" src=\"https:\/\/trail-aneto.com\/wp-content\/uploads\/2020\/01\/KV_corrdor@2x-e1579016062852.png\" class=\"vc_single_image-img attachment-full\" alt=\"\" title=\"KV_corrdor\" \/><\/div>\n\t\t<\/figure>\n\t<\/div>\n<\/div><\/div><\/div><div class=\"wpb_column vc_column_container vc_col-sm-8\"><div class=\"vc_column-inner\"><div class=\"wpb_wrapper\">\n\t<div class=\"wpb_text_column wpb_content_element  vc_custom_1704368269451\" >\n\t\t<div class=\"wpb_wrapper\">\n\t\t\t<h6>5,4km\u00a0 &#8211; Altura de salida (Llanos del Hospital) 1750m \/ Altura de meta (Pico Salvaguardia) 2735m \/<br \/>\nporcentaje medio del 19% y m\u00e1ximo del 40%<\/h6>\n<p>&nbsp;<\/p>\n<h4><strong>KV ANETO-POSETS<\/strong><\/h4>\n\n\t\t<\/div>\n\t<\/div>\n\n\t<div class=\"wpb_text_column wpb_content_element  vc_custom_1719218736849\" >\n\t\t<div class=\"wpb_wrapper\">\n\t\t\t<p>El KV Aneto-Posets recorre uno de los senderos m\u00e1s famosos del Valle de Benasque y con unas de las mejores vistas de todo el macizo de las Maladetas. Se trata del ascenso al Pico Salvaguardia (2735m) desde Llanos del Hospital (1750m), un trazado de 5,4km y cerca de 1000m de desnivel que har\u00e1 las delicias de todos los participantes.<\/p>\n<p>Los primeros 600m y 30+ son llanos y estar\u00e1n neutralizados. Se tomar\u00e1 el tiempo de competici\u00f3n sobre un recorrido de 4,8km y 950m+.<\/p>\n<ul>\n<li>Avituallamiento intermedio y meta de la categor\u00eda Cadete a los 3,2km y 600m+ .En meta no habr\u00e1 avituallamiento.<\/li>\n<li>Salida individual a intervalos (El orden de salida se realizar\u00e1 por categor\u00edas).<\/li>\n<li>Se establece una hora de corte en el avituallamiento intermedio, los corredores tendr\u00e1n un m\u00e1ximo de 1h de tiempo para alcanzar este punto, no pudiendo continuar hasta la meta si tardan m\u00e1s de 1h.<\/li>\n<\/ul>\n\n\t\t<\/div>\n\t<\/div>\n<\/div><\/div><\/div><div class=\"wpb_column vc_column_container vc_col-sm-3\"><div class=\"vc_column-inner\"><div class=\"wpb_wrapper\">\n\t<div class=\"wpb_text_column wpb_content_element\" >\n\t\t<div class=\"wpb_wrapper\">\n\t\t\t<p><span style=\"color: #3d5444;\"><strong>INFORMATIONS<\/strong><\/span><\/p>\n<p><strong>Les cat\u00e9gories<\/strong><br \/>\nCadete masculina y femenina (3,2 km &#8211; 600 m+)<br \/>\nM\u00e2le et femelle absolus<br \/>\nPromesse masculine et f\u00e9minine<br \/>\nV\u00e9t\u00e9ran A m\u00e2le et femelle<br \/>\nV\u00e9t\u00e9ran B m\u00e2le et femelle<br \/>\nVeterana C masculina y femenina<\/p>\n<p><strong>Limite d&#039;inscription<\/strong><br \/>\n150 participants<\/p>\n\n\t\t<\/div>\n\t<\/div>\n<div class=\"vc_empty_space\"   style=\"height: 40px\"><span class=\"vc_empty_space_inner\"><\/span><\/div><\/div><\/div><\/div><\/div><\/div><\/div><div class=\"vc_row wpb_row vc_row-fluid edgtf-section vc_custom_1578580704559 edgtf-content-aligment-left edgtf-grid-section\" style=\"\"><div class=\"clearfix edgtf-section-inner\"><div class=\"edgtf-section-inner-margin clearfix\"><div class=\"wpb_column vc_column_container vc_col-sm-1\/5 vc_col-lg-1\/5\"><div class=\"vc_column-inner vc_custom_1578580285162\"><div class=\"wpb_wrapper\"><a href=\"https:\/\/trail-aneto.com\/fr\/programa-kv\/\" target=\"_self\"  class=\"edgtf-btn edgtf-btn-small edgtf-btn-transparent\"  >\n\t\t\t<span class=\"edgtf-btn-text\">PROGRAMME<\/span>\n\t    <\/a><\/div><\/div><\/div><div class=\"wpb_column vc_column_container vc_col-sm-1\/5\"><div class=\"vc_column-inner vc_custom_1578580300344\"><div class=\"wpb_wrapper\"><a href=\"https:\/\/trail-aneto.com\/fr\/listado-inscritos-kv-aneto-posets\/\" target=\"_self\"  class=\"edgtf-btn edgtf-btn-small edgtf-btn-transparent\"  >\n\t\t\t<span class=\"edgtf-btn-text\">INSCRIT<\/span>\n\t    <\/a><\/div><\/div><\/div><div class=\"wpb_column vc_column_container vc_col-sm-1\/5\"><div class=\"vc_column-inner vc_custom_1578580311155\"><div class=\"wpb_wrapper\"><a href=\"https:\/\/trail-aneto.com\/wp-content\/uploads\/2022\/06\/MapaKV2022.jpg\" target=\"_blank\"  class=\"edgtf-btn edgtf-btn-small edgtf-btn-transparent fancyboxModal\"  >\n\t\t\t<span class=\"edgtf-btn-text\">CARTE<\/span>\n\t    <\/a><\/div><\/div><\/div><div class=\"wpb_column vc_column_container vc_col-sm-1\/5\"><div class=\"vc_column-inner vc_custom_1578580321427\"><div class=\"wpb_wrapper\"><a href=\"\/tracks\/KV_ANETO_POSETS.gpx\" target=\"_self\"  class=\"edgtf-btn edgtf-btn-small edgtf-btn-transparent\"  >\n\t\t\t<span class=\"edgtf-btn-text\">TRACK<\/span>\n\t    <\/a><\/div><\/div><\/div><div class=\"wpb_column vc_column_container vc_col-sm-1\/5\"><div class=\"vc_column-inner\"><div class=\"wpb_wrapper\"><a href=\"#\" target=\"_blank\"  class=\"edgtf-btn edgtf-btn-small edgtf-btn-transparent\"  >\n\t\t\t<span class=\"edgtf-btn-text\">HORAS DE SALIDA CORREDORES<\/span>\n\t    <\/a><\/div><\/div><\/div><\/div><\/div><\/div><div class=\"vc_row wpb_row vc_row-fluid edgtf-section vc_custom_1578581001137 edgtf-content-aligment-left edgtf-grid-section\" style=\"\"><div class=\"clearfix edgtf-section-inner\"><div class=\"edgtf-section-inner-margin clearfix\"><div class=\"wpb_column vc_column_container vc_col-sm-12\"><div class=\"vc_column-inner\"><div class=\"wpb_wrapper\">\n\t<div class=\"wpb_text_column wpb_content_element  wpb_animate_when_almost_visible wpb_fadeIn fadeIn\" >\n\t\t<div class=\"wpb_wrapper\">\n\t\t\t<p style=\"text-align: left; color: black; font-size: 4.5em;\">&quot;Direct <span style=\"color: #e96113;\">en haut<\/span> <span style=\"font-size: 0.25em; color: #e96113;\">Une course aussi spectaculaire que dure<\/span><\/p>\n\n\t\t<\/div>\n\t<\/div>\n<\/div><\/div><\/div><\/div><\/div><\/div><div data-edgtf-parallax-speed=\"1\" class=\"vc_row wpb_row vc_row-fluid edgtf-section edgtf-content-aligment-left edgtf-parallax-section-holder edgtf-parallax-section-holder-touch-disabled\" style=\"min-height:400px;height:auto;\"><div class=\"clearfix edgtf-full-section-inner\"><div class=\"wpb_column vc_column_container vc_col-sm-12\"><div class=\"vc_column-inner\"><div class=\"wpb_wrapper\">\n\t<div  class=\"wpb_single_image wpb_content_element vc_align_center  wpb_animate_when_almost_visible wpb_fadeIn fadeIn\">\n\t\t\n\t\t<figure class=\"wpb_wrapper vc_figure\">\n\t\t\t<div class=\"vc_single_image-wrapper   vc_box_border_grey\"><img loading=\"lazy\" decoding=\"async\" width=\"2048\" height=\"1365\" src=\"https:\/\/trail-aneto.com\/wp-content\/uploads\/2022\/06\/KV-perfil.jpg\" class=\"vc_single_image-img attachment-full\" alt=\"\" title=\"KV-perfil\" srcset=\"https:\/\/trail-aneto.com\/wp-content\/uploads\/2022\/06\/KV-perfil.jpg 2048w, https:\/\/trail-aneto.com\/wp-content\/uploads\/2022\/06\/KV-perfil-300x200.jpg 300w, https:\/\/trail-aneto.com\/wp-content\/uploads\/2022\/06\/KV-perfil-1024x683.jpg 1024w, https:\/\/trail-aneto.com\/wp-content\/uploads\/2022\/06\/KV-perfil-768x512.jpg 768w, https:\/\/trail-aneto.com\/wp-content\/uploads\/2022\/06\/KV-perfil-1536x1024.jpg 1536w, https:\/\/trail-aneto.com\/wp-content\/uploads\/2022\/06\/KV-perfil-18x12.jpg 18w\" sizes=\"auto, (max-width: 2048px) 100vw, 2048px\" \/><\/div>\n\t\t<\/figure>\n\t<\/div>\n<\/div><\/div><\/div><\/div><\/div><div class=\"vc_row wpb_row vc_row-fluid edgtf-section edgtf-content-aligment-left\" style=\"\"><div class=\"clearfix edgtf-full-section-inner\"><div class=\"wpb_column vc_column_container vc_col-sm-12\"><div class=\"vc_column-inner\"><div class=\"wpb_wrapper\"><div class=\"edgtf-elements-holder edgtf-responsive-mode-768 edgtf-one-column-alignment-center\" ><div class=\"edgtf-elements-holder-item edgtf-horizontal-alignment-center\" data-item-class=\"edgtf-elements-holder-custom-841253\" >\n\t\t<div class=\"edgtf-elements-holder-item-inner\">\n\t\t<div class=\"edgtf-elements-holder-item-content edgtf-elements-holder-custom-841253\" >\n\t\t\t<div class=\"vc_empty_space\"   style=\"height: 32px\"><span class=\"vc_empty_space_inner\"><\/span><\/div>\t\t<\/div>\n\t<\/div>\n<\/div><\/div>\n\t<div class=\"wpb_raw_code wpb_content_element wpb_raw_html\" >\n\t\t<div class=\"wpb_wrapper\">\n\t\t\t<iframe loading=\"lazy\" src=\"https:\/\/www.google.com\/maps\/d\/embed?mid=1N6dxbL2V7V73nLTS94GvbXUq1iIEL_E&ehbc=2E312F\" width=\"100%\" height=\"480\"><\/iframe>\n\t\t<\/div>\n\t<\/div>\n<\/div><\/div><\/div><\/div><\/div><div class=\"vc_row wpb_row vc_row-fluid edgtf-section edgtf-content-aligment-left\" style=\"\"><div class=\"clearfix edgtf-full-section-inner\"><div class=\"wpb_column vc_column_container vc_col-sm-12\"><div class=\"vc_column-inner vc_custom_1578582594142\"><div class=\"wpb_wrapper\"><div class=\"edgtf-image-gallery\">\n\t<div class=\"edgtf-image-gallery-grid edgtf-gallery-columns-5 edgtf-gallery-no-space edgtf-gallery-prettyphoto clearfix\" >\n\t\t\t\t\t<div class=\"edgtf-gallery-image\">\n\t\t\t\t\t\t\t\t\t<a href=\"https:\/\/trail-aneto.com\/wp-content\/uploads\/2025\/01\/001.jpg\" data-rel=\"prettyPhoto[single_pretty_photo]\" title=\"001\">\n\t\t\t\t\t\t\t\t\t\t\t\t\t\t\t<img loading=\"lazy\" decoding=\"async\" width=\"550\" height=\"550\" src=\"https:\/\/trail-aneto.com\/wp-content\/uploads\/2025\/01\/001.jpg\" class=\"attachment-full size-full\" alt=\"\" srcset=\"https:\/\/trail-aneto.com\/wp-content\/uploads\/2025\/01\/001.jpg 550w, https:\/\/trail-aneto.com\/wp-content\/uploads\/2025\/01\/001-300x300.jpg 300w, https:\/\/trail-aneto.com\/wp-content\/uploads\/2025\/01\/001-150x150.jpg 150w, https:\/\/trail-aneto.com\/wp-content\/uploads\/2025\/01\/001-12x12.jpg 12w\" sizes=\"auto, (max-width: 550px) 100vw, 550px\" \/>\t\t\t\t\t                                           <span class=\"edgtf-pp-icon icon_plus\"><\/span>\n                    \t\t\t\t\t\t\t\t\t\t\t<\/a>\n\t\t\t\t\t\t\t\t<\/div>\n\t\t\t\t\t<div class=\"edgtf-gallery-image\">\n\t\t\t\t\t\t\t\t\t<a href=\"https:\/\/trail-aneto.com\/wp-content\/uploads\/2025\/01\/002.jpg\" data-rel=\"prettyPhoto[single_pretty_photo]\" title=\"002\">\n\t\t\t\t\t\t\t\t\t\t\t\t\t\t\t<img loading=\"lazy\" decoding=\"async\" width=\"550\" height=\"550\" src=\"https:\/\/trail-aneto.com\/wp-content\/uploads\/2025\/01\/002.jpg\" class=\"attachment-full size-full\" alt=\"\" srcset=\"https:\/\/trail-aneto.com\/wp-content\/uploads\/2025\/01\/002.jpg 550w, https:\/\/trail-aneto.com\/wp-content\/uploads\/2025\/01\/002-300x300.jpg 300w, https:\/\/trail-aneto.com\/wp-content\/uploads\/2025\/01\/002-150x150.jpg 150w, https:\/\/trail-aneto.com\/wp-content\/uploads\/2025\/01\/002-12x12.jpg 12w\" sizes=\"auto, (max-width: 550px) 100vw, 550px\" \/>\t\t\t\t\t                                           <span class=\"edgtf-pp-icon icon_plus\"><\/span>\n                    \t\t\t\t\t\t\t\t\t\t\t<\/a>\n\t\t\t\t\t\t\t\t<\/div>\n\t\t\t\t\t<div class=\"edgtf-gallery-image\">\n\t\t\t\t\t\t\t\t\t<a href=\"https:\/\/trail-aneto.com\/wp-content\/uploads\/2025\/01\/003.jpg\" data-rel=\"prettyPhoto[single_pretty_photo]\" title=\"003\">\n\t\t\t\t\t\t\t\t\t\t\t\t\t\t\t<img loading=\"lazy\" decoding=\"async\" width=\"550\" height=\"550\" src=\"https:\/\/trail-aneto.com\/wp-content\/uploads\/2025\/01\/003.jpg\" class=\"attachment-full size-full\" alt=\"\" srcset=\"https:\/\/trail-aneto.com\/wp-content\/uploads\/2025\/01\/003.jpg 550w, https:\/\/trail-aneto.com\/wp-content\/uploads\/2025\/01\/003-300x300.jpg 300w, https:\/\/trail-aneto.com\/wp-content\/uploads\/2025\/01\/003-150x150.jpg 150w, https:\/\/trail-aneto.com\/wp-content\/uploads\/2025\/01\/003-12x12.jpg 12w\" sizes=\"auto, (max-width: 550px) 100vw, 550px\" \/>\t\t\t\t\t                                           <span class=\"edgtf-pp-icon icon_plus\"><\/span>\n                    \t\t\t\t\t\t\t\t\t\t\t<\/a>\n\t\t\t\t\t\t\t\t<\/div>\n\t\t\t\t\t<div class=\"edgtf-gallery-image\">\n\t\t\t\t\t\t\t\t\t<a href=\"https:\/\/trail-aneto.com\/wp-content\/uploads\/2025\/01\/004.jpg\" data-rel=\"prettyPhoto[single_pretty_photo]\" title=\"004\">\n\t\t\t\t\t\t\t\t\t\t\t\t\t\t\t<img loading=\"lazy\" decoding=\"async\" width=\"550\" height=\"550\" src=\"https:\/\/trail-aneto.com\/wp-content\/uploads\/2025\/01\/004.jpg\" class=\"attachment-full size-full\" alt=\"\" srcset=\"https:\/\/trail-aneto.com\/wp-content\/uploads\/2025\/01\/004.jpg 550w, https:\/\/trail-aneto.com\/wp-content\/uploads\/2025\/01\/004-300x300.jpg 300w, https:\/\/trail-aneto.com\/wp-content\/uploads\/2025\/01\/004-150x150.jpg 150w, https:\/\/trail-aneto.com\/wp-content\/uploads\/2025\/01\/004-12x12.jpg 12w\" sizes=\"auto, (max-width: 550px) 100vw, 550px\" \/>\t\t\t\t\t                                           <span class=\"edgtf-pp-icon icon_plus\"><\/span>\n                    \t\t\t\t\t\t\t\t\t\t\t<\/a>\n\t\t\t\t\t\t\t\t<\/div>\n\t\t\t\t\t<div class=\"edgtf-gallery-image\">\n\t\t\t\t\t\t\t\t\t<a href=\"https:\/\/trail-aneto.com\/wp-content\/uploads\/2025\/01\/005.jpg\" data-rel=\"prettyPhoto[single_pretty_photo]\" title=\"005\">\n\t\t\t\t\t\t\t\t\t\t\t\t\t\t\t<img loading=\"lazy\" decoding=\"async\" width=\"550\" height=\"550\" src=\"https:\/\/trail-aneto.com\/wp-content\/uploads\/2025\/01\/005.jpg\" class=\"attachment-full size-full\" alt=\"\" srcset=\"https:\/\/trail-aneto.com\/wp-content\/uploads\/2025\/01\/005.jpg 550w, https:\/\/trail-aneto.com\/wp-content\/uploads\/2025\/01\/005-300x300.jpg 300w, https:\/\/trail-aneto.com\/wp-content\/uploads\/2025\/01\/005-150x150.jpg 150w, https:\/\/trail-aneto.com\/wp-content\/uploads\/2025\/01\/005-12x12.jpg 12w\" sizes=\"auto, (max-width: 550px) 100vw, 550px\" \/>\t\t\t\t\t                                           <span class=\"edgtf-pp-icon icon_plus\"><\/span>\n                    \t\t\t\t\t\t\t\t\t\t\t<\/a>\n\t\t\t\t\t\t\t\t<\/div>\n\t\t\t\t\t<div class=\"edgtf-gallery-image\">\n\t\t\t\t\t\t\t\t\t<a href=\"https:\/\/trail-aneto.com\/wp-content\/uploads\/2025\/01\/006.jpg\" data-rel=\"prettyPhoto[single_pretty_photo]\" title=\"006\">\n\t\t\t\t\t\t\t\t\t\t\t\t\t\t\t<img loading=\"lazy\" decoding=\"async\" width=\"550\" height=\"550\" src=\"https:\/\/trail-aneto.com\/wp-content\/uploads\/2025\/01\/006.jpg\" class=\"attachment-full size-full\" alt=\"\" srcset=\"https:\/\/trail-aneto.com\/wp-content\/uploads\/2025\/01\/006.jpg 550w, https:\/\/trail-aneto.com\/wp-content\/uploads\/2025\/01\/006-300x300.jpg 300w, https:\/\/trail-aneto.com\/wp-content\/uploads\/2025\/01\/006-150x150.jpg 150w, https:\/\/trail-aneto.com\/wp-content\/uploads\/2025\/01\/006-12x12.jpg 12w\" sizes=\"auto, (max-width: 550px) 100vw, 550px\" \/>\t\t\t\t\t                                           <span class=\"edgtf-pp-icon icon_plus\"><\/span>\n                    \t\t\t\t\t\t\t\t\t\t\t<\/a>\n\t\t\t\t\t\t\t\t<\/div>\n\t\t\t\t\t<div class=\"edgtf-gallery-image\">\n\t\t\t\t\t\t\t\t\t<a href=\"https:\/\/trail-aneto.com\/wp-content\/uploads\/2025\/01\/007.jpg\" data-rel=\"prettyPhoto[single_pretty_photo]\" title=\"007\">\n\t\t\t\t\t\t\t\t\t\t\t\t\t\t\t<img loading=\"lazy\" decoding=\"async\" width=\"550\" height=\"550\" src=\"https:\/\/trail-aneto.com\/wp-content\/uploads\/2025\/01\/007.jpg\" class=\"attachment-full size-full\" alt=\"\" srcset=\"https:\/\/trail-aneto.com\/wp-content\/uploads\/2025\/01\/007.jpg 550w, https:\/\/trail-aneto.com\/wp-content\/uploads\/2025\/01\/007-300x300.jpg 300w, https:\/\/trail-aneto.com\/wp-content\/uploads\/2025\/01\/007-150x150.jpg 150w, https:\/\/trail-aneto.com\/wp-content\/uploads\/2025\/01\/007-12x12.jpg 12w\" sizes=\"auto, (max-width: 550px) 100vw, 550px\" \/>\t\t\t\t\t                                           <span class=\"edgtf-pp-icon icon_plus\"><\/span>\n                    \t\t\t\t\t\t\t\t\t\t\t<\/a>\n\t\t\t\t\t\t\t\t<\/div>\n\t\t\t\t\t<div class=\"edgtf-gallery-image\">\n\t\t\t\t\t\t\t\t\t<a href=\"https:\/\/trail-aneto.com\/wp-content\/uploads\/2025\/01\/010.jpg\" data-rel=\"prettyPhoto[single_pretty_photo]\" title=\"010\">\n\t\t\t\t\t\t\t\t\t\t\t\t\t\t\t<img loading=\"lazy\" decoding=\"async\" width=\"550\" height=\"550\" src=\"https:\/\/trail-aneto.com\/wp-content\/uploads\/2025\/01\/010.jpg\" class=\"attachment-full size-full\" alt=\"\" srcset=\"https:\/\/trail-aneto.com\/wp-content\/uploads\/2025\/01\/010.jpg 550w, https:\/\/trail-aneto.com\/wp-content\/uploads\/2025\/01\/010-300x300.jpg 300w, https:\/\/trail-aneto.com\/wp-content\/uploads\/2025\/01\/010-150x150.jpg 150w, https:\/\/trail-aneto.com\/wp-content\/uploads\/2025\/01\/010-12x12.jpg 12w\" sizes=\"auto, (max-width: 550px) 100vw, 550px\" \/>\t\t\t\t\t                                           <span class=\"edgtf-pp-icon icon_plus\"><\/span>\n                    \t\t\t\t\t\t\t\t\t\t\t<\/a>\n\t\t\t\t\t\t\t\t<\/div>\n\t\t\t\t\t<div class=\"edgtf-gallery-image\">\n\t\t\t\t\t\t\t\t\t<a href=\"https:\/\/trail-aneto.com\/wp-content\/uploads\/2025\/01\/011.jpg\" data-rel=\"prettyPhoto[single_pretty_photo]\" title=\"011\">\n\t\t\t\t\t\t\t\t\t\t\t\t\t\t\t<img loading=\"lazy\" decoding=\"async\" width=\"550\" height=\"550\" src=\"https:\/\/trail-aneto.com\/wp-content\/uploads\/2025\/01\/011.jpg\" class=\"attachment-full size-full\" alt=\"\" srcset=\"https:\/\/trail-aneto.com\/wp-content\/uploads\/2025\/01\/011.jpg 550w, https:\/\/trail-aneto.com\/wp-content\/uploads\/2025\/01\/011-300x300.jpg 300w, https:\/\/trail-aneto.com\/wp-content\/uploads\/2025\/01\/011-150x150.jpg 150w, https:\/\/trail-aneto.com\/wp-content\/uploads\/2025\/01\/011-12x12.jpg 12w\" sizes=\"auto, (max-width: 550px) 100vw, 550px\" \/>\t\t\t\t\t                                           <span class=\"edgtf-pp-icon icon_plus\"><\/span>\n                    \t\t\t\t\t\t\t\t\t\t\t<\/a>\n\t\t\t\t\t\t\t\t<\/div>\n\t\t\t\t\t<div class=\"edgtf-gallery-image\">\n\t\t\t\t\t\t\t\t\t<a href=\"https:\/\/trail-aneto.com\/wp-content\/uploads\/2025\/01\/012.jpg\" data-rel=\"prettyPhoto[single_pretty_photo]\" title=\"012\">\n\t\t\t\t\t\t\t\t\t\t\t\t\t\t\t<img loading=\"lazy\" decoding=\"async\" width=\"550\" height=\"550\" src=\"https:\/\/trail-aneto.com\/wp-content\/uploads\/2025\/01\/012.jpg\" class=\"attachment-full size-full\" alt=\"\" srcset=\"https:\/\/trail-aneto.com\/wp-content\/uploads\/2025\/01\/012.jpg 550w, https:\/\/trail-aneto.com\/wp-content\/uploads\/2025\/01\/012-300x300.jpg 300w, https:\/\/trail-aneto.com\/wp-content\/uploads\/2025\/01\/012-150x150.jpg 150w, https:\/\/trail-aneto.com\/wp-content\/uploads\/2025\/01\/012-12x12.jpg 12w\" sizes=\"auto, (max-width: 550px) 100vw, 550px\" \/>\t\t\t\t\t                                           <span class=\"edgtf-pp-icon icon_plus\"><\/span>\n                    \t\t\t\t\t\t\t\t\t\t\t<\/a>\n\t\t\t\t\t\t\t\t<\/div>\n\t\t\t<\/div>\n<\/div><\/div><\/div><\/div><\/div><\/div>\n<\/section>","protected":false},"excerpt":{"rendered":"5,4km\u00a0 - Altura de salida (Llanos del Hospital) 1750m \/ Altura de meta (Pico Salvaguardia) 2735m \/ porcentaje medio del 19% y m\u00e1ximo del 40% &nbsp; KV ANETO-POSETS El KV Aneto-Posets recorre uno de los senderos m\u00e1s famosos del Valle de Benasque y con unas...","protected":false},"author":1,"featured_media":0,"parent":0,"menu_order":0,"comment_status":"closed","ping_status":"closed","template":"full-width.php","meta":{"footnotes":""},"class_list":["post-8621","page","type-page","status-publish","hentry"],"yoast_head":"<!-- This site is optimized with the Yoast SEO plugin v26.9 - https:\/\/yoast.com\/product\/yoast-seo-wordpress\/ -->\n<title>KV Aneto-Posets - GTTAP<\/title>\n<meta name=\"robots\" content=\"index, follow, max-snippet:-1, max-image-preview:large, max-video-preview:-1\" \/>\n<link rel=\"canonical\" href=\"https:\/\/trail-aneto.com\/fr\/kv-aneto-posets\/\" \/>\n<meta property=\"og:locale\" content=\"fr_FR\" \/>\n<meta property=\"og:type\" content=\"article\" \/>\n<meta property=\"og:title\" content=\"KV Aneto-Posets - GTTAP\" \/>\n<meta property=\"og:url\" content=\"https:\/\/trail-aneto.com\/fr\/kv-aneto-posets\/\" \/>\n<meta property=\"og:site_name\" content=\"GTTAP\" \/>\n<meta property=\"article:publisher\" content=\"https:\/\/www.facebook.com\/GranTrailAnetoPosets\/\" \/>\n<meta property=\"article:modified_time\" content=\"2025-12-29T12:06:50+00:00\" \/>\n<meta name=\"twitter:card\" content=\"summary_large_image\" \/>\n<meta name=\"twitter:label1\" content=\"Dur\u00e9e de lecture estim\u00e9e\" \/>\n\t<meta name=\"twitter:data1\" content=\"5 minutes\" \/>\n<script type=\"application\/ld+json\" class=\"yoast-schema-graph\">{\"@context\":\"https:\/\/schema.org\",\"@graph\":[{\"@type\":\"WebPage\",\"@id\":\"https:\/\/trail-aneto.com\/kv-aneto-posets\/\",\"url\":\"https:\/\/trail-aneto.com\/kv-aneto-posets\/\",\"name\":\"KV Aneto-Posets - GTTAP\",\"isPartOf\":{\"@id\":\"https:\/\/trail-aneto.com\/#website\"},\"datePublished\":\"2020-01-14T11:57:40+00:00\",\"dateModified\":\"2025-12-29T12:06:50+00:00\",\"breadcrumb\":{\"@id\":\"https:\/\/trail-aneto.com\/kv-aneto-posets\/#breadcrumb\"},\"inLanguage\":\"fr-FR\",\"potentialAction\":[{\"@type\":\"ReadAction\",\"target\":[\"https:\/\/trail-aneto.com\/kv-aneto-posets\/\"]}]},{\"@type\":\"BreadcrumbList\",\"@id\":\"https:\/\/trail-aneto.com\/kv-aneto-posets\/#breadcrumb\",\"itemListElement\":[{\"@type\":\"ListItem\",\"position\":1,\"name\":\"Portada\",\"item\":\"https:\/\/trail-aneto.com\/\"},{\"@type\":\"ListItem\",\"position\":2,\"name\":\"KV Aneto-Posets\"}]},{\"@type\":\"WebSite\",\"@id\":\"https:\/\/trail-aneto.com\/#website\",\"url\":\"https:\/\/trail-aneto.com\/\",\"name\":\"GTTAP\",\"description\":\"Un Pirineo Extremo - Un Recorrido Infinito\",\"publisher\":{\"@id\":\"https:\/\/trail-aneto.com\/#organization\"},\"potentialAction\":[{\"@type\":\"SearchAction\",\"target\":{\"@type\":\"EntryPoint\",\"urlTemplate\":\"https:\/\/trail-aneto.com\/?s={search_term_string}\"},\"query-input\":{\"@type\":\"PropertyValueSpecification\",\"valueRequired\":true,\"valueName\":\"search_term_string\"}}],\"inLanguage\":\"fr-FR\"},{\"@type\":\"Organization\",\"@id\":\"https:\/\/trail-aneto.com\/#organization\",\"name\":\"Gran Trail Trangoworld Aneto-Posets\",\"url\":\"https:\/\/trail-aneto.com\/\",\"logo\":{\"@type\":\"ImageObject\",\"inLanguage\":\"fr-FR\",\"@id\":\"https:\/\/trail-aneto.com\/#\/schema\/logo\/image\/\",\"url\":\"https:\/\/trail-aneto.com\/wp-content\/uploads\/2020\/01\/GTTAP-logo.png\",\"contentUrl\":\"https:\/\/trail-aneto.com\/wp-content\/uploads\/2020\/01\/GTTAP-logo.png\",\"width\":253,\"height\":253,\"caption\":\"Gran Trail Trangoworld Aneto-Posets\"},\"image\":{\"@id\":\"https:\/\/trail-aneto.com\/#\/schema\/logo\/image\/\"},\"sameAs\":[\"https:\/\/www.facebook.com\/GranTrailAnetoPosets\/\",\"https:\/\/www.instagram.com\/grantrailaneto\/?hl=es\"]}]}<\/script>\n<!-- \/ Yoast SEO plugin. -->","yoast_head_json":{"title":"KV Aneto-Posets - GTTAP","robots":{"index":"index","follow":"follow","max-snippet":"max-snippet:-1","max-image-preview":"max-image-preview:large","max-video-preview":"max-video-preview:-1"},"canonical":"https:\/\/trail-aneto.com\/fr\/kv-aneto-posets\/","og_locale":"fr_FR","og_type":"article","og_title":"KV Aneto-Posets - GTTAP","og_url":"https:\/\/trail-aneto.com\/fr\/kv-aneto-posets\/","og_site_name":"GTTAP","article_publisher":"https:\/\/www.facebook.com\/GranTrailAnetoPosets\/","article_modified_time":"2025-12-29T12:06:50+00:00","twitter_card":"summary_large_image","twitter_misc":{"Dur\u00e9e de lecture estim\u00e9e":"5 minutes"},"schema":{"@context":"https:\/\/schema.org","@graph":[{"@type":"WebPage","@id":"https:\/\/trail-aneto.com\/kv-aneto-posets\/","url":"https:\/\/trail-aneto.com\/kv-aneto-posets\/","name":"KV Aneto-Posets - GTTAP","isPartOf":{"@id":"https:\/\/trail-aneto.com\/#website"},"datePublished":"2020-01-14T11:57:40+00:00","dateModified":"2025-12-29T12:06:50+00:00","breadcrumb":{"@id":"https:\/\/trail-aneto.com\/kv-aneto-posets\/#breadcrumb"},"inLanguage":"fr-FR","potentialAction":[{"@type":"ReadAction","target":["https:\/\/trail-aneto.com\/kv-aneto-posets\/"]}]},{"@type":"BreadcrumbList","@id":"https:\/\/trail-aneto.com\/kv-aneto-posets\/#breadcrumb","itemListElement":[{"@type":"ListItem","position":1,"name":"Portada","item":"https:\/\/trail-aneto.com\/"},{"@type":"ListItem","position":2,"name":"KV Aneto-Posets"}]},{"@type":"WebSite","@id":"https:\/\/trail-aneto.com\/#website","url":"https:\/\/trail-aneto.com\/","name":"GTTAP","description":"An Extreme Pyrenees - An Infinite Tour","publisher":{"@id":"https:\/\/trail-aneto.com\/#organization"},"potentialAction":[{"@type":"SearchAction","target":{"@type":"EntryPoint","urlTemplate":"https:\/\/trail-aneto.com\/?s={search_term_string}"},"query-input":{"@type":"PropertyValueSpecification","valueRequired":true,"valueName":"search_term_string"}}],"inLanguage":"fr-FR"},{"@type":"Organization","@id":"https:\/\/trail-aneto.com\/#organization","name":"Grand sentier Aneto-Posets de Trangoworld","url":"https:\/\/trail-aneto.com\/","logo":{"@type":"ImageObject","inLanguage":"fr-FR","@id":"https:\/\/trail-aneto.com\/#\/schema\/logo\/image\/","url":"https:\/\/trail-aneto.com\/wp-content\/uploads\/2020\/01\/GTTAP-logo.png","contentUrl":"https:\/\/trail-aneto.com\/wp-content\/uploads\/2020\/01\/GTTAP-logo.png","width":253,"height":253,"caption":"Gran Trail Trangoworld Aneto-Posets"},"image":{"@id":"https:\/\/trail-aneto.com\/#\/schema\/logo\/image\/"},"sameAs":["https:\/\/www.facebook.com\/GranTrailAnetoPosets\/","https:\/\/www.instagram.com\/grantrailaneto\/?hl=es"]}]}},"_links":{"self":[{"href":"https:\/\/trail-aneto.com\/fr\/wp-json\/wp\/v2\/pages\/8621","targetHints":{"allow":["GET"]}}],"collection":[{"href":"https:\/\/trail-aneto.com\/fr\/wp-json\/wp\/v2\/pages"}],"about":[{"href":"https:\/\/trail-aneto.com\/fr\/wp-json\/wp\/v2\/types\/page"}],"author":[{"embeddable":true,"href":"https:\/\/trail-aneto.com\/fr\/wp-json\/wp\/v2\/users\/1"}],"replies":[{"embeddable":true,"href":"https:\/\/trail-aneto.com\/fr\/wp-json\/wp\/v2\/comments?post=8621"}],"version-history":[{"count":52,"href":"https:\/\/trail-aneto.com\/fr\/wp-json\/wp\/v2\/pages\/8621\/revisions"}],"predecessor-version":[{"id":11075,"href":"https:\/\/trail-aneto.com\/fr\/wp-json\/wp\/v2\/pages\/8621\/revisions\/11075"}],"wp:attachment":[{"href":"https:\/\/trail-aneto.com\/fr\/wp-json\/wp\/v2\/media?parent=8621"}],"curies":[{"name":"wp","href":"https:\/\/api.w.org\/{rel}","templated":true}]}}