{"id":8679,"date":"2020-01-15T17:44:04","date_gmt":"2020-01-15T16:44:04","guid":{"rendered":"https:\/\/trail-aneto.com\/?page_id=8679"},"modified":"2020-01-15T17:44:04","modified_gmt":"2020-01-15T16:44:04","slug":"aviso-legal","status":"publish","type":"page","link":"https:\/\/trail-aneto.com\/fr\/aviso-legal\/","title":{"rendered":"Avis juridique"},"content":{"rendered":"<section class=\"wpb-content-wrapper\"><div class=\"vc_row wpb_row vc_row-fluid edgtf-section edgtf-content-aligment-left edgtf-grid-section\" style=\"\"><div class=\"clearfix edgtf-section-inner\"><div class=\"edgtf-section-inner-margin clearfix\"><div class=\"wpb_column vc_column_container vc_col-sm-12\"><div class=\"vc_column-inner\"><div class=\"wpb_wrapper\">\n\t<div class=\"wpb_text_column wpb_content_element\" >\n\t\t<div class=\"wpb_wrapper\">\n\t\t\t<p>1. Informations l\u00e9gales<\/p>\n<p><strong>Conform\u00e9ment \u00e0 l&#039;article 10 de la loi 34\/2002 du 11 juillet sur les services de la soci\u00e9t\u00e9 de l&#039;information et du commerce \u00e9lectronique (LSSICE), nous pr\u00e9sentons les informations suivantes:<\/strong><strong>D\u00e9nomination sociale: PRAMES SA<br \/>\nAdresse: Camino de los Molinos, 32.<br \/>\n50015. Saragosse.<br \/>\nCIF: A50223031<br \/>\nT\u00e9l\u00e9phone: 976106170<br \/>\nCourriel: lopd@prames.com<br \/>\nDonn\u00e9es d&#039;enregistrement dans le Registre du commerce: 10 086 Folio: 185 Volume: 841<\/strong><\/p>\n<p>2. Protection des donn\u00e9es<\/p>\n<p>2.1. En remplissant le formulaire d&#039;inscription ou de contact, en envoyant un e-mail ou en appelant par t\u00e9l\u00e9phone, vos donn\u00e9es personnelles deviendront la responsabilit\u00e9 de l&#039;entreprise dont les donn\u00e9es sont r\u00e9pertori\u00e9es dans la section 1. Informations l\u00e9gales.<\/p>\n<p>2.2. Ces donn\u00e9es sont utilis\u00e9es pour r\u00e9pondre \u00e0 votre demande ou requ\u00eate dans les plus brefs d\u00e9lais et pour remplir la relation contractuelle car vous nous les fournissez de mani\u00e8re inform\u00e9e et libre \u00e0 ces fins. Nous communiquerons \u00e9galement commercialement par voie \u00e9lectronique avec nos clients en fonction de notre int\u00e9r\u00eat l\u00e9gitime \u00e0 offrir des produits et services similaires \u00e0 ceux initialement embauch\u00e9s. Si vous nous fournissez un curriculum vitae, vos donn\u00e9es seront utilis\u00e9es pour l&#039;int\u00e9grer dans les processus de s\u00e9lection actuels et futurs de notre entreprise et pour communiquer avec vous m\u00eame par voie \u00e9lectronique en relation avec votre candidature. Pour d&#039;autres traitements ou finalit\u00e9s li\u00e9es \u00e0 la prestation de nos services ou au d\u00e9veloppement de notre activit\u00e9, vous pouvez demander plus d&#039;informations \u00e0 notre adresse de contact.<\/p>\n<p>2.3. Les donn\u00e9es personnelles collect\u00e9es sur notre site sont trait\u00e9es conform\u00e9ment aux exigences du r\u00e8glement (UE) 2016\/679 du Parlement europ\u00e9en et du Conseil du 27 avril 2016 relatif \u00e0 la protection des personnes physiques \u00e0 l&#039;\u00e9gard du traitement des donn\u00e9es personnelles et la libre circulation de ces donn\u00e9es.<\/p>\n<p>2.4. De m\u00eame, nous garantissons que les donn\u00e9es personnelles sont trait\u00e9es de mani\u00e8re l\u00e9gale, loyale et transparente, et sont collect\u00e9es \u00e0 des fins sp\u00e9cifiques, explicites et l\u00e9gitimes, limit\u00e9es \u00e0 ces fins et mises \u00e0 jour si n\u00e9cessaire. L&#039;identification des parties int\u00e9ress\u00e9es ne sera pas autoris\u00e9e plus longtemps que n\u00e9cessaire et leur s\u00e9curit\u00e9 sera garantie par des mesures techniques et organisationnelles appropri\u00e9es.<\/p>\n<p>2,5 Une fois que les donn\u00e9es ne sont pas n\u00e9cessaires aux fins pour lesquelles elles ont \u00e9t\u00e9 collect\u00e9es, elles seront tenues \u00e0 la disposition des administrations publiques comp\u00e9tentes pendant les p\u00e9riodes de conservation l\u00e9gales, c&#039;est-\u00e0-dire tant qu&#039;une loi peut nous obliger \u00e0 les pr\u00e9senter. Une fois ces d\u00e9lais expir\u00e9s, ils seront supprim\u00e9s.<\/p>\n<p>2.6. Vous pouvez exercer les droits d&#039;acc\u00e8s, de rectification, de suppression, d&#039;opposition ainsi que les autres droits accord\u00e9s par la r\u00e9glementation sur la protection des donn\u00e9es \u00e0 caract\u00e8re personnel en soumettant une copie d&#039;une pi\u00e8ce d&#039;identit\u00e9 \u00e0 lopd@prames.com. Si vous souhaitez ne plus recevoir nos communications commerciales, vous pouvez \u00e9galement envoyer votre demande \u00e0 l&#039;adresse pr\u00e9c\u00e9dente.<\/p>\n<p>2.7. Vous pouvez trouver plus d&#039;informations sur vos droits ou d\u00e9poser une r\u00e9clamation aupr\u00e8s de l&#039;autorit\u00e9 de contr\u00f4le comp\u00e9tente \u00e0 l&#039;Agence espagnole de protection des donn\u00e9es http:\/\/www.agpd.es - C \/ Jorge Juan, 6. 28001 - Madrid (901 100 099 - 912 663 517).<\/p>\n<p>3. Limitation de responsabilit\u00e9<\/p>\n<p>3.1. PRAMES SA fournit le site Web de l&#039;entreprise comme moyen de faire conna\u00eetre ses produits et services et de permettre le contact avec les clients. Les informations sur le site sont pr\u00e9sent\u00e9es de bonne foi comme vraies, mais nous nous r\u00e9servons le droit de les modifier sans pr\u00e9avis dans le but de les mettre \u00e0 jour, de corriger des erreurs et autres dans l&#039;int\u00e9r\u00eat de l&#039;entreprise ou de nos clients. Pour la passation des march\u00e9s des produits ou services de l&#039;entit\u00e9, les dispositions des budgets et contrats d\u00fbment formalis\u00e9s et notamment les conditions contractuelles publi\u00e9es sur le site seront respect\u00e9es.<\/p>\n<p>3.2. L&#039;entit\u00e9 n&#039;est pas responsable des \u00e9ventuels dommages informatiques que l&#039;utilisateur pourrait subir lors de la visite de notre site Web, \u00e9tant entendu que ceux-ci ne peuvent \u00eatre attribu\u00e9s \u00e0 l&#039;entit\u00e9.<\/p>\n<p>3.3. L&#039;entit\u00e9 n&#039;est pas responsable du contenu des sites g\u00e9r\u00e9s par des tiers qui sont li\u00e9s \u00e0 partir du site Web, ces liens n&#039;impliqueront pas l&#039;existence de tout type de relation de PRAMES SA avec ces tiers.<\/p>\n<p>4. Propri\u00e9t\u00e9 intellectuelle<\/p>\n<p>4.1. Tous les contenus de cette page web, comprenant en tant que tels les textes, dessins, graphiques, photographies, images, vid\u00e9os, musique, code, la conception de ceux-ci et toute autre cr\u00e9ation sont la propri\u00e9t\u00e9 de PRAMES SA ou de leurs propri\u00e9taires respectifs \u00e0 travers les correspondants licence, autorisation ou cession de droits et sont prot\u00e9g\u00e9s par la l\u00e9gislation sur la propri\u00e9t\u00e9 intellectuelle et industrielle.<\/p>\n<p>4.2. En aucun cas, il ne doit \u00eatre entendu que la mise \u00e0 la disposition du public du site Internet constitue une renonciation, une cession ou une licence des droits dont PRAMES SA dispose sur le contenu.<\/p>\n<p>4.3. Toute utilisation du contenu de notre site Web, y compris la modification, la copie, la reproduction, la transmission, etc., est interdite sans l&#039;autorisation \u00e9crite pr\u00e9alable de l&#039;entit\u00e9.<\/p>\n\n\t\t<\/div>\n\t<\/div>\n<\/div><\/div><\/div><\/div><\/div><\/div>\n<\/section>","protected":false},"excerpt":{"rendered":"1. Informaci\u00f3n legal En cumplimiento del art\u00edculo 10 de la Ley 34\/2002, de 11 de julio, de servicios de la sociedad de la informaci\u00f3n y de comercio electr\u00f3nico (LSSICE) presentamos la siguiente informaci\u00f3n:Raz\u00f3n Social: PRAMES S.A. Direcci\u00f3n: Camino de los Molinos, 32. 50015. Zaragoza. C.I.F.:...","protected":false},"author":1,"featured_media":0,"parent":0,"menu_order":0,"comment_status":"closed","ping_status":"closed","template":"full-width.php","meta":{"footnotes":""},"class_list":["post-8679","page","type-page","status-publish","hentry"],"yoast_head":"<!-- This site is optimized with the Yoast SEO plugin v26.9 - https:\/\/yoast.com\/product\/yoast-seo-wordpress\/ -->\n<title>Aviso legal - GTTAP<\/title>\n<meta name=\"robots\" content=\"index, follow, max-snippet:-1, max-image-preview:large, max-video-preview:-1\" \/>\n<link rel=\"canonical\" href=\"https:\/\/trail-aneto.com\/fr\/aviso-legal\/\" \/>\n<meta property=\"og:locale\" content=\"fr_FR\" \/>\n<meta property=\"og:type\" content=\"article\" \/>\n<meta property=\"og:title\" content=\"Aviso legal - GTTAP\" \/>\n<meta property=\"og:url\" content=\"https:\/\/trail-aneto.com\/fr\/aviso-legal\/\" \/>\n<meta property=\"og:site_name\" content=\"GTTAP\" \/>\n<meta property=\"article:publisher\" content=\"https:\/\/www.facebook.com\/GranTrailAnetoPosets\/\" \/>\n<meta name=\"twitter:card\" content=\"summary_large_image\" \/>\n<meta name=\"twitter:label1\" content=\"Dur\u00e9e de lecture estim\u00e9e\" \/>\n\t<meta name=\"twitter:data1\" content=\"4 minutes\" \/>\n<script type=\"application\/ld+json\" class=\"yoast-schema-graph\">{\"@context\":\"https:\/\/schema.org\",\"@graph\":[{\"@type\":\"WebPage\",\"@id\":\"https:\/\/trail-aneto.com\/aviso-legal\/\",\"url\":\"https:\/\/trail-aneto.com\/aviso-legal\/\",\"name\":\"Aviso legal - GTTAP\",\"isPartOf\":{\"@id\":\"https:\/\/trail-aneto.com\/#website\"},\"datePublished\":\"2020-01-15T16:44:04+00:00\",\"breadcrumb\":{\"@id\":\"https:\/\/trail-aneto.com\/aviso-legal\/#breadcrumb\"},\"inLanguage\":\"fr-FR\",\"potentialAction\":[{\"@type\":\"ReadAction\",\"target\":[\"https:\/\/trail-aneto.com\/aviso-legal\/\"]}]},{\"@type\":\"BreadcrumbList\",\"@id\":\"https:\/\/trail-aneto.com\/aviso-legal\/#breadcrumb\",\"itemListElement\":[{\"@type\":\"ListItem\",\"position\":1,\"name\":\"Portada\",\"item\":\"https:\/\/trail-aneto.com\/\"},{\"@type\":\"ListItem\",\"position\":2,\"name\":\"Aviso legal\"}]},{\"@type\":\"WebSite\",\"@id\":\"https:\/\/trail-aneto.com\/#website\",\"url\":\"https:\/\/trail-aneto.com\/\",\"name\":\"GTTAP\",\"description\":\"Un Pirineo Extremo - Un Recorrido Infinito\",\"publisher\":{\"@id\":\"https:\/\/trail-aneto.com\/#organization\"},\"potentialAction\":[{\"@type\":\"SearchAction\",\"target\":{\"@type\":\"EntryPoint\",\"urlTemplate\":\"https:\/\/trail-aneto.com\/?s={search_term_string}\"},\"query-input\":{\"@type\":\"PropertyValueSpecification\",\"valueRequired\":true,\"valueName\":\"search_term_string\"}}],\"inLanguage\":\"fr-FR\"},{\"@type\":\"Organization\",\"@id\":\"https:\/\/trail-aneto.com\/#organization\",\"name\":\"Gran Trail Trangoworld Aneto-Posets\",\"url\":\"https:\/\/trail-aneto.com\/\",\"logo\":{\"@type\":\"ImageObject\",\"inLanguage\":\"fr-FR\",\"@id\":\"https:\/\/trail-aneto.com\/#\/schema\/logo\/image\/\",\"url\":\"https:\/\/trail-aneto.com\/wp-content\/uploads\/2020\/01\/GTTAP-logo.png\",\"contentUrl\":\"https:\/\/trail-aneto.com\/wp-content\/uploads\/2020\/01\/GTTAP-logo.png\",\"width\":253,\"height\":253,\"caption\":\"Gran Trail Trangoworld Aneto-Posets\"},\"image\":{\"@id\":\"https:\/\/trail-aneto.com\/#\/schema\/logo\/image\/\"},\"sameAs\":[\"https:\/\/www.facebook.com\/GranTrailAnetoPosets\/\",\"https:\/\/www.instagram.com\/grantrailaneto\/?hl=es\"]}]}<\/script>\n<!-- \/ Yoast SEO plugin. -->","yoast_head_json":{"title":"Aviso legal - GTTAP","robots":{"index":"index","follow":"follow","max-snippet":"max-snippet:-1","max-image-preview":"max-image-preview:large","max-video-preview":"max-video-preview:-1"},"canonical":"https:\/\/trail-aneto.com\/fr\/aviso-legal\/","og_locale":"fr_FR","og_type":"article","og_title":"Aviso legal - GTTAP","og_url":"https:\/\/trail-aneto.com\/fr\/aviso-legal\/","og_site_name":"GTTAP","article_publisher":"https:\/\/www.facebook.com\/GranTrailAnetoPosets\/","twitter_card":"summary_large_image","twitter_misc":{"Dur\u00e9e de lecture estim\u00e9e":"4 minutes"},"schema":{"@context":"https:\/\/schema.org","@graph":[{"@type":"WebPage","@id":"https:\/\/trail-aneto.com\/aviso-legal\/","url":"https:\/\/trail-aneto.com\/aviso-legal\/","name":"Aviso legal - GTTAP","isPartOf":{"@id":"https:\/\/trail-aneto.com\/#website"},"datePublished":"2020-01-15T16:44:04+00:00","breadcrumb":{"@id":"https:\/\/trail-aneto.com\/aviso-legal\/#breadcrumb"},"inLanguage":"fr-FR","potentialAction":[{"@type":"ReadAction","target":["https:\/\/trail-aneto.com\/aviso-legal\/"]}]},{"@type":"BreadcrumbList","@id":"https:\/\/trail-aneto.com\/aviso-legal\/#breadcrumb","itemListElement":[{"@type":"ListItem","position":1,"name":"Portada","item":"https:\/\/trail-aneto.com\/"},{"@type":"ListItem","position":2,"name":"Aviso legal"}]},{"@type":"WebSite","@id":"https:\/\/trail-aneto.com\/#website","url":"https:\/\/trail-aneto.com\/","name":"GTTAP","description":"An Extreme Pyrenees - An Infinite Tour","publisher":{"@id":"https:\/\/trail-aneto.com\/#organization"},"potentialAction":[{"@type":"SearchAction","target":{"@type":"EntryPoint","urlTemplate":"https:\/\/trail-aneto.com\/?s={search_term_string}"},"query-input":{"@type":"PropertyValueSpecification","valueRequired":true,"valueName":"search_term_string"}}],"inLanguage":"fr-FR"},{"@type":"Organization","@id":"https:\/\/trail-aneto.com\/#organization","name":"Grand sentier Aneto-Posets de Trangoworld","url":"https:\/\/trail-aneto.com\/","logo":{"@type":"ImageObject","inLanguage":"fr-FR","@id":"https:\/\/trail-aneto.com\/#\/schema\/logo\/image\/","url":"https:\/\/trail-aneto.com\/wp-content\/uploads\/2020\/01\/GTTAP-logo.png","contentUrl":"https:\/\/trail-aneto.com\/wp-content\/uploads\/2020\/01\/GTTAP-logo.png","width":253,"height":253,"caption":"Gran Trail Trangoworld Aneto-Posets"},"image":{"@id":"https:\/\/trail-aneto.com\/#\/schema\/logo\/image\/"},"sameAs":["https:\/\/www.facebook.com\/GranTrailAnetoPosets\/","https:\/\/www.instagram.com\/grantrailaneto\/?hl=es"]}]}},"_links":{"self":[{"href":"https:\/\/trail-aneto.com\/fr\/wp-json\/wp\/v2\/pages\/8679","targetHints":{"allow":["GET"]}}],"collection":[{"href":"https:\/\/trail-aneto.com\/fr\/wp-json\/wp\/v2\/pages"}],"about":[{"href":"https:\/\/trail-aneto.com\/fr\/wp-json\/wp\/v2\/types\/page"}],"author":[{"embeddable":true,"href":"https:\/\/trail-aneto.com\/fr\/wp-json\/wp\/v2\/users\/1"}],"replies":[{"embeddable":true,"href":"https:\/\/trail-aneto.com\/fr\/wp-json\/wp\/v2\/comments?post=8679"}],"version-history":[{"count":1,"href":"https:\/\/trail-aneto.com\/fr\/wp-json\/wp\/v2\/pages\/8679\/revisions"}],"predecessor-version":[{"id":8680,"href":"https:\/\/trail-aneto.com\/fr\/wp-json\/wp\/v2\/pages\/8679\/revisions\/8680"}],"wp:attachment":[{"href":"https:\/\/trail-aneto.com\/fr\/wp-json\/wp\/v2\/media?parent=8679"}],"curies":[{"name":"wp","href":"https:\/\/api.w.org\/{rel}","templated":true}]}}