{"id":8965,"date":"2020-01-22T13:10:03","date_gmt":"2020-01-22T12:10:03","guid":{"rendered":"https:\/\/trail-aneto.com\/?page_id=8965"},"modified":"2025-12-17T15:22:32","modified_gmt":"2025-12-17T14:22:32","slug":"programa-mt","status":"publish","type":"page","link":"https:\/\/trail-aneto.com\/fr\/programa-mt\/","title":{"rendered":"Programme MT"},"content":{"rendered":"<section class=\"wpb-content-wrapper\"><div class=\"vc_row wpb_row vc_row-fluid edgtf-section edgtf-content-aligment-left edgtf-grid-section\" style=\"\"><div class=\"clearfix edgtf-section-inner\"><div class=\"edgtf-section-inner-margin clearfix\"><div class=\"wpb_column vc_column_container vc_col-sm-12\"><div class=\"vc_column-inner\"><div class=\"wpb_wrapper\">\n\t<div class=\"wpb_text_column wpb_content_element  vc_custom_1765981350939\" >\n\t\t<div class=\"wpb_wrapper\">\n\t\t\t<p><span style=\"color: #ff6600;\"><strong>Jeudi 16 juillet<\/strong><\/span><\/p>\n<p><strong>19:00h &#8211;\u00a0<\/strong>Charlas T\u00e9cnicas Online de todas las pruebas.<\/p>\n<p><strong>\u00a0<\/strong><\/p>\n<p><span style=\"color: #ff6600;\"><strong>Vendredi 17 juillet<\/strong><\/span><\/p>\n<p><strong>11.00 a 23.00 h &#8211;\u00a0<\/strong>Acreditaciones y recogida dorsales de todas las pruebas (Polideportivo Benasque)<\/p>\n<p><strong>\u00a0<\/strong><\/p>\n<p><span style=\"color: #ff6600;\"><strong>Samedi 18 juillet<\/strong><\/span><\/p>\n<p><strong>06.00 a 07.45 h &#8211; <\/strong>Accr\u00e9ditations et collecte dorsale de tous les tests (Benasque Sports Center)<\/p>\n<p><strong>07.00 a 07.45 h &#8211; <\/strong>Control de salida Marat\u00f3n de las Tucas<\/p>\n<p><strong>08.00 h &#8211; <\/strong>Salida de las Marat\u00f3n de las Tucas<\/p>\n<p><strong>12.30 h &#8211; <\/strong>Heure d&#039;arriv\u00e9e estim\u00e9e \u00e0 la ligne d&#039;arriv\u00e9e des premiers coureurs du Marathon de Las Tucas<\/p>\n<p><strong>21.00 h &#8211;<\/strong>Entrega de Premios de la Marat\u00f3n de las Tucas.<\/p>\n<p><strong>22.00 h &#8211; <\/strong>Cl\u00f4ture des buts pour le Marathon de Las Tucas<\/p>\n<p><strong>\u00a0<\/strong><\/p>\n\n\t\t<\/div>\n\t<\/div>\n<\/div><\/div><\/div><\/div><\/div><\/div>\n<\/section>","protected":false},"excerpt":{"rendered":"Jueves 16 de julio 19:00h -\u00a0Charlas T\u00e9cnicas Online de todas las pruebas. \u00a0 Viernes 17 de julio 11.00 a 23.00 h -\u00a0Acreditaciones y recogida dorsales de todas las pruebas (Polideportivo Benasque) \u00a0 S\u00e1bado 18 de julio 06.00 a 07.45 h - Acreditaciones y recogida dorsales\u00a0de...","protected":false},"author":1,"featured_media":0,"parent":0,"menu_order":0,"comment_status":"closed","ping_status":"closed","template":"full-width.php","meta":{"footnotes":""},"class_list":["post-8965","page","type-page","status-publish","hentry"],"yoast_head":"<!-- This site is optimized with the Yoast SEO plugin v26.9 - https:\/\/yoast.com\/product\/yoast-seo-wordpress\/ -->\n<title>Programa MT - GTTAP<\/title>\n<meta name=\"robots\" content=\"index, follow, max-snippet:-1, max-image-preview:large, max-video-preview:-1\" \/>\n<link rel=\"canonical\" href=\"https:\/\/trail-aneto.com\/fr\/programa-mt\/\" \/>\n<meta property=\"og:locale\" content=\"fr_FR\" \/>\n<meta property=\"og:type\" content=\"article\" \/>\n<meta property=\"og:title\" content=\"Programa MT - GTTAP\" \/>\n<meta property=\"og:url\" content=\"https:\/\/trail-aneto.com\/fr\/programa-mt\/\" \/>\n<meta property=\"og:site_name\" content=\"GTTAP\" \/>\n<meta property=\"article:publisher\" content=\"https:\/\/www.facebook.com\/GranTrailAnetoPosets\/\" \/>\n<meta property=\"article:modified_time\" content=\"2025-12-17T14:22:32+00:00\" \/>\n<meta name=\"twitter:card\" content=\"summary_large_image\" \/>\n<meta name=\"twitter:label1\" content=\"Dur\u00e9e de lecture estim\u00e9e\" \/>\n\t<meta name=\"twitter:data1\" content=\"1 minute\" \/>\n<script type=\"application\/ld+json\" class=\"yoast-schema-graph\">{\"@context\":\"https:\/\/schema.org\",\"@graph\":[{\"@type\":\"WebPage\",\"@id\":\"https:\/\/trail-aneto.com\/programa-mt\/\",\"url\":\"https:\/\/trail-aneto.com\/programa-mt\/\",\"name\":\"Programa MT - GTTAP\",\"isPartOf\":{\"@id\":\"https:\/\/trail-aneto.com\/#website\"},\"datePublished\":\"2020-01-22T12:10:03+00:00\",\"dateModified\":\"2025-12-17T14:22:32+00:00\",\"breadcrumb\":{\"@id\":\"https:\/\/trail-aneto.com\/programa-mt\/#breadcrumb\"},\"inLanguage\":\"fr-FR\",\"potentialAction\":[{\"@type\":\"ReadAction\",\"target\":[\"https:\/\/trail-aneto.com\/programa-mt\/\"]}]},{\"@type\":\"BreadcrumbList\",\"@id\":\"https:\/\/trail-aneto.com\/programa-mt\/#breadcrumb\",\"itemListElement\":[{\"@type\":\"ListItem\",\"position\":1,\"name\":\"Portada\",\"item\":\"https:\/\/trail-aneto.com\/\"},{\"@type\":\"ListItem\",\"position\":2,\"name\":\"Programa MT\"}]},{\"@type\":\"WebSite\",\"@id\":\"https:\/\/trail-aneto.com\/#website\",\"url\":\"https:\/\/trail-aneto.com\/\",\"name\":\"GTTAP\",\"description\":\"Un Pirineo Extremo - Un Recorrido Infinito\",\"publisher\":{\"@id\":\"https:\/\/trail-aneto.com\/#organization\"},\"potentialAction\":[{\"@type\":\"SearchAction\",\"target\":{\"@type\":\"EntryPoint\",\"urlTemplate\":\"https:\/\/trail-aneto.com\/?s={search_term_string}\"},\"query-input\":{\"@type\":\"PropertyValueSpecification\",\"valueRequired\":true,\"valueName\":\"search_term_string\"}}],\"inLanguage\":\"fr-FR\"},{\"@type\":\"Organization\",\"@id\":\"https:\/\/trail-aneto.com\/#organization\",\"name\":\"Gran Trail Trangoworld Aneto-Posets\",\"url\":\"https:\/\/trail-aneto.com\/\",\"logo\":{\"@type\":\"ImageObject\",\"inLanguage\":\"fr-FR\",\"@id\":\"https:\/\/trail-aneto.com\/#\/schema\/logo\/image\/\",\"url\":\"https:\/\/trail-aneto.com\/wp-content\/uploads\/2020\/01\/GTTAP-logo.png\",\"contentUrl\":\"https:\/\/trail-aneto.com\/wp-content\/uploads\/2020\/01\/GTTAP-logo.png\",\"width\":253,\"height\":253,\"caption\":\"Gran Trail Trangoworld Aneto-Posets\"},\"image\":{\"@id\":\"https:\/\/trail-aneto.com\/#\/schema\/logo\/image\/\"},\"sameAs\":[\"https:\/\/www.facebook.com\/GranTrailAnetoPosets\/\",\"https:\/\/www.instagram.com\/grantrailaneto\/?hl=es\"]}]}<\/script>\n<!-- \/ Yoast SEO plugin. -->","yoast_head_json":{"title":"Programa MT - GTTAP","robots":{"index":"index","follow":"follow","max-snippet":"max-snippet:-1","max-image-preview":"max-image-preview:large","max-video-preview":"max-video-preview:-1"},"canonical":"https:\/\/trail-aneto.com\/fr\/programa-mt\/","og_locale":"fr_FR","og_type":"article","og_title":"Programa MT - GTTAP","og_url":"https:\/\/trail-aneto.com\/fr\/programa-mt\/","og_site_name":"GTTAP","article_publisher":"https:\/\/www.facebook.com\/GranTrailAnetoPosets\/","article_modified_time":"2025-12-17T14:22:32+00:00","twitter_card":"summary_large_image","twitter_misc":{"Dur\u00e9e de lecture estim\u00e9e":"1 minute"},"schema":{"@context":"https:\/\/schema.org","@graph":[{"@type":"WebPage","@id":"https:\/\/trail-aneto.com\/programa-mt\/","url":"https:\/\/trail-aneto.com\/programa-mt\/","name":"Programa MT - GTTAP","isPartOf":{"@id":"https:\/\/trail-aneto.com\/#website"},"datePublished":"2020-01-22T12:10:03+00:00","dateModified":"2025-12-17T14:22:32+00:00","breadcrumb":{"@id":"https:\/\/trail-aneto.com\/programa-mt\/#breadcrumb"},"inLanguage":"fr-FR","potentialAction":[{"@type":"ReadAction","target":["https:\/\/trail-aneto.com\/programa-mt\/"]}]},{"@type":"BreadcrumbList","@id":"https:\/\/trail-aneto.com\/programa-mt\/#breadcrumb","itemListElement":[{"@type":"ListItem","position":1,"name":"Portada","item":"https:\/\/trail-aneto.com\/"},{"@type":"ListItem","position":2,"name":"Programa MT"}]},{"@type":"WebSite","@id":"https:\/\/trail-aneto.com\/#website","url":"https:\/\/trail-aneto.com\/","name":"GTTAP","description":"An Extreme Pyrenees - An Infinite Tour","publisher":{"@id":"https:\/\/trail-aneto.com\/#organization"},"potentialAction":[{"@type":"SearchAction","target":{"@type":"EntryPoint","urlTemplate":"https:\/\/trail-aneto.com\/?s={search_term_string}"},"query-input":{"@type":"PropertyValueSpecification","valueRequired":true,"valueName":"search_term_string"}}],"inLanguage":"fr-FR"},{"@type":"Organization","@id":"https:\/\/trail-aneto.com\/#organization","name":"Grand sentier Aneto-Posets de Trangoworld","url":"https:\/\/trail-aneto.com\/","logo":{"@type":"ImageObject","inLanguage":"fr-FR","@id":"https:\/\/trail-aneto.com\/#\/schema\/logo\/image\/","url":"https:\/\/trail-aneto.com\/wp-content\/uploads\/2020\/01\/GTTAP-logo.png","contentUrl":"https:\/\/trail-aneto.com\/wp-content\/uploads\/2020\/01\/GTTAP-logo.png","width":253,"height":253,"caption":"Gran Trail Trangoworld Aneto-Posets"},"image":{"@id":"https:\/\/trail-aneto.com\/#\/schema\/logo\/image\/"},"sameAs":["https:\/\/www.facebook.com\/GranTrailAnetoPosets\/","https:\/\/www.instagram.com\/grantrailaneto\/?hl=es"]}]}},"_links":{"self":[{"href":"https:\/\/trail-aneto.com\/fr\/wp-json\/wp\/v2\/pages\/8965","targetHints":{"allow":["GET"]}}],"collection":[{"href":"https:\/\/trail-aneto.com\/fr\/wp-json\/wp\/v2\/pages"}],"about":[{"href":"https:\/\/trail-aneto.com\/fr\/wp-json\/wp\/v2\/types\/page"}],"author":[{"embeddable":true,"href":"https:\/\/trail-aneto.com\/fr\/wp-json\/wp\/v2\/users\/1"}],"replies":[{"embeddable":true,"href":"https:\/\/trail-aneto.com\/fr\/wp-json\/wp\/v2\/comments?post=8965"}],"version-history":[{"count":14,"href":"https:\/\/trail-aneto.com\/fr\/wp-json\/wp\/v2\/pages\/8965\/revisions"}],"predecessor-version":[{"id":11046,"href":"https:\/\/trail-aneto.com\/fr\/wp-json\/wp\/v2\/pages\/8965\/revisions\/11046"}],"wp:attachment":[{"href":"https:\/\/trail-aneto.com\/fr\/wp-json\/wp\/v2\/media?parent=8965"}],"curies":[{"name":"wp","href":"https:\/\/api.w.org\/{rel}","templated":true}]}}